{"id":2663,"date":"2023-03-17T18:45:02","date_gmt":"2023-03-17T21:45:02","guid":{"rendered":"https:\/\/keltec.com.br\/?page_id=2663"},"modified":"2024-07-27T08:53:18","modified_gmt":"2024-07-27T11:53:18","slug":"blog","status":"publish","type":"page","link":"https:\/\/keltec.com.br\/de\/blog\/","title":{"rendered":"Blog"},"content":{"rendered":"<div data-elementor-type=\"wp-page\" data-elementor-id=\"2663\" class=\"elementor elementor-2663\" data-elementor-post-type=\"page\">\n\t\t\t\t\t\t<section class=\"elementor-section elementor-top-section elementor-element elementor-element-6c15cdc elementor-section-boxed elementor-section-height-default elementor-section-height-default\" data-id=\"6c15cdc\" data-element_type=\"section\" data-e-type=\"section\">\n\t\t\t\t\t\t<div class=\"elementor-container elementor-column-gap-default\">\n\t\t\t\t\t<div class=\"elementor-column elementor-col-100 elementor-top-column elementor-element elementor-element-b47313a\" data-id=\"b47313a\" data-element_type=\"column\" data-e-type=\"column\">\n\t\t\t<div class=\"elementor-widget-wrap elementor-element-populated\">\n\t\t\t\t\t\t<div class=\"elementor-element elementor-element-e947fab elementor-widget elementor-widget-modina_news_feeds\" data-id=\"e947fab\" data-element_type=\"widget\" data-e-type=\"widget\" data-widget_type=\"modina_news_feeds.default\">\n\t\t\t\t<div class=\"elementor-widget-container\">\n\t\t\t\t\t<div class=\"row\">\r\n        <div class=\"col-lg-4 col-md-6 col-12\">\r\n        <div class=\"single-blog-card\">\r\n            <div class=\"featured-img bg-cover\" style=\"background-image: url('')\">\r\n            <\/div>\r\n            <div class=\"post-content\">\r\n                <div class=\"post-date\">\r\n                    <span>23<\/span>\r\n                    Febr.                <\/div>\r\n                <div class=\"post-meta\">\r\n                    <a href=\"https:\/\/keltec.com.br\/de\/category\/blog\/\" class=\"post-cat\">Blog<\/a> \/ \r\n                    <a href=\"\" class=\"post-author\">Keltec Technolab<\/a>\r\n                <\/div>\r\n                <h3><a href=\"https:\/\/keltec.com.br\/de\/oleo-sap8000-a-proxima-geracao-em-lubrificacao-de-compressores\/\">\u00d3leo SAP8000 \u2014 A Pr\u00f3xima Gera\u00e7\u00e3o em Lubrifica\u00e7\u00e3o de Compressores<\/a><\/h3>                        \r\n            <\/div>\r\n        <\/div>\r\n    <\/div>\r\n        <div class=\"col-lg-4 col-md-6 col-12\">\r\n        <div class=\"single-blog-card\">\r\n            <div class=\"featured-img bg-cover\" style=\"background-image: url('https:\/\/keltec.com.br\/wp-content\/uploads\/2026\/02\/ChatGPT-Image-23-de-fev.-de-2026-09_28_17.png')\">\r\n            <\/div>\r\n            <div class=\"post-content\">\r\n                <div class=\"post-date\">\r\n                    <span>23<\/span>\r\n                    Febr.                <\/div>\r\n                <div class=\"post-meta\">\r\n                    <a href=\"https:\/\/keltec.com.br\/de\/category\/blog\/\" class=\"post-cat\">Blog<\/a> \/ \r\n                    <a href=\"\" class=\"post-author\">Keltec Technolab<\/a>\r\n                <\/div>\r\n                <h3><a href=\"https:\/\/keltec.com.br\/de\/aprenda-como-o-verniz-afeta-seu-compressor\/\">Aprenda como o verniz afeta seu compressor.<\/a><\/h3>                        \r\n            <\/div>\r\n        <\/div>\r\n    <\/div>\r\n        <div class=\"col-lg-4 col-md-6 col-12\">\r\n        <div class=\"single-blog-card\">\r\n            <div class=\"featured-img bg-cover\" style=\"background-image: url('https:\/\/keltec.com.br\/wp-content\/uploads\/2025\/10\/NOVA-KELTEC-USA.webp')\">\r\n            <\/div>\r\n            <div class=\"post-content\">\r\n                <div class=\"post-date\">\r\n                    <span>10<\/span>\r\n                    Okt.                <\/div>\r\n                <div class=\"post-meta\">\r\n                    <a href=\"https:\/\/keltec.com.br\/de\/category\/blog\/\" class=\"post-cat\">Blog<\/a> \/ \r\n                    <a href=\"\" class=\"post-author\">Keltec Technolab<\/a>\r\n                <\/div>\r\n                <h3><a href=\"https:\/\/keltec.com.br\/de\/keltec-usa-inaugura-nova-sede-e-centro-de-distribuicao-em-ohio\/\">KELTEC USA inaugura nova sede e centro de distribui\u00e7\u00e3o em Ohio<\/a><\/h3>                        \r\n            <\/div>\r\n        <\/div>\r\n    <\/div>\r\n        <div class=\"col-lg-4 col-md-6 col-12\">\r\n        <div class=\"single-blog-card\">\r\n            <div class=\"featured-img bg-cover\" style=\"background-image: url('https:\/\/keltec.com.br\/wp-content\/uploads\/2025\/09\/foto-2-.jpeg')\">\r\n            <\/div>\r\n            <div class=\"post-content\">\r\n                <div class=\"post-date\">\r\n                    <span>17<\/span>\r\n                    Sept.                <\/div>\r\n                <div class=\"post-meta\">\r\n                    <a href=\"https:\/\/keltec.com.br\/de\/category\/blog\/\" class=\"post-cat\">Blog<\/a> \/ \r\n                    <a href=\"\" class=\"post-author\">Keltec Technolab<\/a>\r\n                <\/div>\r\n                <h3><a href=\"https:\/\/keltec.com.br\/de\/estoque-ampliado-compromisso-renovado-com-qualidade-e-eficiencia\/\">Em setembro, a Keltec Technolab recebe dois novos containers para refor\u00e7ar seu estoque.<\/a><\/h3>                        \r\n            <\/div>\r\n        <\/div>\r\n    <\/div>\r\n        <div class=\"col-lg-4 col-md-6 col-12\">\r\n        <div class=\"single-blog-card\">\r\n            <div class=\"featured-img bg-cover\" style=\"background-image: url('https:\/\/keltec.com.br\/wp-content\/uploads\/2025\/02\/WhatsApp-Image-2025-02-17-at-17.48.30.jpeg')\">\r\n            <\/div>\r\n            <div class=\"post-content\">\r\n                <div class=\"post-date\">\r\n                    <span>17<\/span>\r\n                    Febr.                <\/div>\r\n                <div class=\"post-meta\">\r\n                    <a href=\"https:\/\/keltec.com.br\/de\/category\/blog\/\" class=\"post-cat\">Blog<\/a> \/ \r\n                    <a href=\"\" class=\"post-author\">Keltec Technolab<\/a>\r\n                <\/div>\r\n                <h3><a href=\"https:\/\/keltec.com.br\/de\/como-a-temperatura-afeta-os-lubrificantes\/\">Wie die Temperatur Schmierstoffe beeinflusst<\/a><\/h3>                        \r\n            <\/div>\r\n        <\/div>\r\n    <\/div>\r\n        <div class=\"col-lg-4 col-md-6 col-12\">\r\n        <div class=\"single-blog-card\">\r\n            <div class=\"featured-img bg-cover\" style=\"background-image: url('https:\/\/keltec.com.br\/wp-content\/uploads\/2024\/12\/WhatsApp-Image-2024-12-05-at-14.43.07-2.jpeg')\">\r\n            <\/div>\r\n            <div class=\"post-content\">\r\n                <div class=\"post-date\">\r\n                    <span>11<\/span>\r\n                    Zehn.                <\/div>\r\n                <div class=\"post-meta\">\r\n                    <a href=\"https:\/\/keltec.com.br\/de\/category\/blog\/\" class=\"post-cat\">Blog<\/a> \/ \r\n                    <a href=\"\" class=\"post-author\">Keltec Technolab<\/a>\r\n                <\/div>\r\n                <h3><a href=\"https:\/\/keltec.com.br\/de\/amarzenamento-de-filtros-e-separadores-para-compressores\/\">Lagerung von Filtern und Abscheidern f\u00fcr Kompressoren<\/a><\/h3>                        \r\n            <\/div>\r\n        <\/div>\r\n    <\/div>\r\n        <div class=\"col-lg-4 col-md-6 col-12\">\r\n        <div class=\"single-blog-card\">\r\n            <div class=\"featured-img bg-cover\" style=\"background-image: url('https:\/\/keltec.com.br\/wp-content\/uploads\/2024\/09\/foto-uma-corrida-contra-o-tempo.jpg')\">\r\n            <\/div>\r\n            <div class=\"post-content\">\r\n                <div class=\"post-date\">\r\n                    <span>20<\/span>\r\n                    Sept.                <\/div>\r\n                <div class=\"post-meta\">\r\n                    <a href=\"https:\/\/keltec.com.br\/de\/category\/blog\/\" class=\"post-cat\">Blog<\/a> \/ \r\n                    <a href=\"\" class=\"post-author\">Keltec Technolab<\/a>\r\n                <\/div>\r\n                <h3><a href=\"https:\/\/keltec.com.br\/de\/uma-corrida-contra-o-tempo-resgate-do-secador-de-ar-da-keltec-em-watkins-glen\/\">Ein Wettlauf gegen die Zeit: Rettung des KELTEC-Lufttrockners in Watkins Glen.<\/a><\/h3>                        \r\n            <\/div>\r\n        <\/div>\r\n    <\/div>\r\n        <div class=\"col-lg-4 col-md-6 col-12\">\r\n        <div class=\"single-blog-card\">\r\n            <div class=\"featured-img bg-cover\" style=\"background-image: url('https:\/\/keltec.com.br\/wp-content\/uploads\/2023\/03\/pouring-engine-oil-to-car-engine-fresh-oil-poured-2022-11-01-09-27-40-utc.jpg')\">\r\n            <\/div>\r\n            <div class=\"post-content\">\r\n                <div class=\"post-date\">\r\n                    <span>18<\/span>\r\n                    M\u00e4rz                <\/div>\r\n                <div class=\"post-meta\">\r\n                    <a href=\"https:\/\/keltec.com.br\/de\/category\/blog\/\" class=\"post-cat\">Blog<\/a> \/ \r\n                    <a href=\"https:\/\/keltec.com.br\/de\/\" class=\"post-author\">Keltec Technolab<\/a>\r\n                <\/div>\r\n                <h3><a href=\"https:\/\/keltec.com.br\/de\/5-dicas-sobre-lubrificantes-de-compressores\/\">5 Tipps zu Kompressorschmiermitteln<\/a><\/h3>                        \r\n            <\/div>\r\n        <\/div>\r\n    <\/div>\r\n        <div class=\"col-lg-4 col-md-6 col-12\">\r\n        <div class=\"single-blog-card\">\r\n            <div class=\"featured-img bg-cover\" style=\"background-image: url('https:\/\/keltec.com.br\/wp-content\/uploads\/2023\/03\/male-replaces-a-car-air-conditioner-compressor-bea-2022-03-16-00-16-41-utc.jpg')\">\r\n            <\/div>\r\n            <div class=\"post-content\">\r\n                <div class=\"post-date\">\r\n                    <span>13<\/span>\r\n                    M\u00e4rz                <\/div>\r\n                <div class=\"post-meta\">\r\n                    <a href=\"https:\/\/keltec.com.br\/de\/category\/blog\/\" class=\"post-cat\">Blog<\/a> \/ \r\n                    <a href=\"https:\/\/keltec.com.br\/de\/\" class=\"post-author\">Keltec Technolab<\/a>\r\n                <\/div>\r\n                <h3><a href=\"https:\/\/keltec.com.br\/de\/a-importancia-da-manutencao-preventiva-do-compressor-de-ar\/\">Die Bedeutung der vorbeugenden Wartung von Luftkompressoren<\/a><\/h3>                        \r\n            <\/div>\r\n        <\/div>\r\n    <\/div>\r\n        <div class=\"col-lg-4 col-md-6 col-12\">\r\n        <div class=\"single-blog-card\">\r\n            <div class=\"featured-img bg-cover\" style=\"background-image: url('https:\/\/keltec.com.br\/wp-content\/uploads\/2023\/03\/worker-choosing-pneumatic-compressor-in-tool-store-2021-08-28-00-44-42-utc.jpg')\">\r\n            <\/div>\r\n            <div class=\"post-content\">\r\n                <div class=\"post-date\">\r\n                    <span>13<\/span>\r\n                    M\u00e4rz                <\/div>\r\n                <div class=\"post-meta\">\r\n                    <a href=\"https:\/\/keltec.com.br\/de\/category\/blog\/\" class=\"post-cat\">Blog<\/a> \/ \r\n                    <a href=\"https:\/\/keltec.com.br\/de\/\" class=\"post-author\">Keltec Technolab<\/a>\r\n                <\/div>\r\n                <h3><a href=\"https:\/\/keltec.com.br\/de\/como-aumentar-a-vida-util-do-seu-compressor\/\">So verl\u00e4ngern Sie die Lebensdauer Ihres Kompressors<\/a><\/h3>                        \r\n            <\/div>\r\n        <\/div>\r\n    <\/div>\r\n        <\/div>\t\t\t\t<\/div>\n\t\t\t\t<\/div>\n\t\t\t\t\t<\/div>\n\t\t<\/div>\n\t\t\t\t\t<\/div>\n\t\t<\/section>\n\t\t\t\t<section class=\"elementor-section elementor-top-section elementor-element elementor-element-7b42273 elementor-section-boxed elementor-section-height-default elementor-section-height-default\" data-id=\"7b42273\" data-element_type=\"section\" data-e-type=\"section\">\n\t\t\t\t\t\t<div class=\"elementor-container elementor-column-gap-default\">\n\t\t\t\t\t<div class=\"elementor-column elementor-col-100 elementor-top-column elementor-element elementor-element-aa4a13a\" data-id=\"aa4a13a\" data-element_type=\"column\" data-e-type=\"column\">\n\t\t\t<div class=\"elementor-widget-wrap elementor-element-populated\">\n\t\t\t\t\t\t<div class=\"elementor-element elementor-element-fe65f93 elementor-widget elementor-widget-spacer\" data-id=\"fe65f93\" data-element_type=\"widget\" data-e-type=\"widget\" data-widget_type=\"spacer.default\">\n\t\t\t\t<div class=\"elementor-widget-container\">\n\t\t\t\t\t\t\t<div class=\"elementor-spacer\">\n\t\t\t<div class=\"elementor-spacer-inner\"><\/div>\n\t\t<\/div>\n\t\t\t\t\t\t<\/div>\n\t\t\t\t<\/div>\n\t\t\t\t\t<\/div>\n\t\t<\/div>\n\t\t\t\t\t<\/div>\n\t\t<\/section>\n\t\t\t\t<\/div>","protected":false},"excerpt":{"rendered":"<p>18. M\u00e4rz Blog \/ Keltec Technolab 5 Tipps zu Kompressorschmierstoffen 13. M\u00e4rz Blog \/ Keltec Technolab Die Bedeutung der vorbeugenden Wartung f\u00fcr Luftkompressoren 13. M\u00e4rz Blog \/ Keltec Technolab So verl\u00e4ngern Sie die Lebensdauer Ihres Kompressors<\/p>","protected":false},"author":1,"featured_media":0,"parent":0,"menu_order":0,"comment_status":"closed","ping_status":"closed","template":"elementor_theme","meta":{"footnotes":""},"class_list":["post-2663","page","type-page","status-publish","hentry"],"acf":[],"_links":{"self":[{"href":"https:\/\/keltec.com.br\/de\/wp-json\/wp\/v2\/pages\/2663","targetHints":{"allow":["GET"]}}],"collection":[{"href":"https:\/\/keltec.com.br\/de\/wp-json\/wp\/v2\/pages"}],"about":[{"href":"https:\/\/keltec.com.br\/de\/wp-json\/wp\/v2\/types\/page"}],"author":[{"embeddable":true,"href":"https:\/\/keltec.com.br\/de\/wp-json\/wp\/v2\/users\/1"}],"replies":[{"embeddable":true,"href":"https:\/\/keltec.com.br\/de\/wp-json\/wp\/v2\/comments?post=2663"}],"version-history":[{"count":0,"href":"https:\/\/keltec.com.br\/de\/wp-json\/wp\/v2\/pages\/2663\/revisions"}],"wp:attachment":[{"href":"https:\/\/keltec.com.br\/de\/wp-json\/wp\/v2\/media?parent=2663"}],"curies":[{"name":"wp","href":"https:\/\/api.w.org\/{rel}","templated":true}]}}