{"id":2896,"date":"2023-03-21T15:46:52","date_gmt":"2023-03-21T18:46:52","guid":{"rendered":"https:\/\/keltec.com.br\/?page_id=2896"},"modified":"2023-11-06T10:47:17","modified_gmt":"2023-11-06T13:47:17","slug":"secador-do-ar-por-refrigeracao","status":"publish","type":"page","link":"https:\/\/keltec.com.br\/de\/secador-do-ar-por-refrigeracao\/","title":{"rendered":"Gek\u00fchlter Lufttrockner"},"content":{"rendered":"<div data-elementor-type=\"wp-page\" data-elementor-id=\"2896\" class=\"elementor elementor-2896\" data-elementor-post-type=\"page\">\n\t\t\t\t\t\t<section class=\"elementor-section elementor-top-section elementor-element elementor-element-cd1ec18 elementor-section-boxed elementor-section-height-default elementor-section-height-default\" data-id=\"cd1ec18\" data-element_type=\"section\" data-e-type=\"section\">\n\t\t\t\t\t\t<div class=\"elementor-container elementor-column-gap-default\">\n\t\t\t\t\t<div class=\"elementor-column elementor-col-100 elementor-top-column elementor-element elementor-element-e53ef90\" data-id=\"e53ef90\" data-element_type=\"column\" data-e-type=\"column\">\n\t\t\t<div class=\"elementor-widget-wrap elementor-element-populated\">\n\t\t\t\t\t\t<section class=\"elementor-section elementor-inner-section elementor-element elementor-element-909f727 elementor-section-full_width elementor-section-height-default elementor-section-height-default\" data-id=\"909f727\" data-element_type=\"section\" data-e-type=\"section\">\n\t\t\t\t\t\t<div class=\"elementor-container elementor-column-gap-default\">\n\t\t\t\t\t<div class=\"elementor-column elementor-col-50 elementor-inner-column elementor-element elementor-element-d1cfafd\" data-id=\"d1cfafd\" data-element_type=\"column\" data-e-type=\"column\">\n\t\t\t<div class=\"elementor-widget-wrap elementor-element-populated\">\n\t\t\t\t\t\t<div class=\"elementor-element elementor-element-66c8c2d elementor-widget elementor-widget-image\" data-id=\"66c8c2d\" data-element_type=\"widget\" data-e-type=\"widget\" data-widget_type=\"image.default\">\n\t\t\t\t<div class=\"elementor-widget-container\">\n\t\t\t\t\t\t\t\t\t\t\t\t\t\t\t<img fetchpriority=\"high\" decoding=\"async\" width=\"660\" height=\"1024\" src=\"https:\/\/keltec.com.br\/wp-content\/uploads\/2023\/03\/0sapdkgr.bmp\" class=\"attachment-large size-large wp-image-2989\" alt=\"\" \/>\t\t\t\t\t\t\t\t\t\t\t\t\t\t\t<\/div>\n\t\t\t\t<\/div>\n\t\t\t\t\t<\/div>\n\t\t<\/div>\n\t\t\t\t<div class=\"elementor-column elementor-col-50 elementor-inner-column elementor-element elementor-element-4d2c7f2\" data-id=\"4d2c7f2\" data-element_type=\"column\" data-e-type=\"column\">\n\t\t\t<div class=\"elementor-widget-wrap elementor-element-populated\">\n\t\t\t\t\t\t<div class=\"elementor-element elementor-element-0d41347 elementor-widget elementor-widget-text-editor\" data-id=\"0d41347\" data-element_type=\"widget\" data-e-type=\"widget\" data-widget_type=\"text-editor.default\">\n\t\t\t\t<div class=\"elementor-widget-container\">\n\t\t\t\t\t\t\t\t\t<p>KELTEC-K\u00e4ltetrockner entfernen aktiv Kondensat, um extrem trockene Druckluft zu erhalten.<\/p><p>Im modernen Industrieprozess ist die Bedeutung von Druckluft f\u00fcr die Energiebereitstellung weithin bekannt.<\/p><p>Was jedoch oft \u00fcbersehen wird, ist die Notwendigkeit einer hochwertigen Luftaufbereitung.<\/p><p>Die in das System eintretende Luft enth\u00e4lt Kondensat, das sich beim Abk\u00fchlen in Wasser verwandelt und nicht nur im Druckluftnetz, sondern auch am fertigen Produkt erhebliche Sch\u00e4den verursacht.<\/p><p>KELTEC-Trockner entfernen aktiv Kondensat, um extrem trockene Druckluft zu erzeugen, was zu k\u00fcrzeren Systemausfallzeiten, geringeren Wartungskosten, einer Filterinstallation und einem besseren Endprodukt f\u00fchrt.<\/p>\t\t\t\t\t\t\t\t<\/div>\n\t\t\t\t<\/div>\n\t\t\t\t<div class=\"elementor-element elementor-element-9fd4f93 elementor-widget elementor-widget-button\" data-id=\"9fd4f93\" data-element_type=\"widget\" data-e-type=\"widget\" data-widget_type=\"button.default\">\n\t\t\t\t<div class=\"elementor-widget-container\">\n\t\t\t\t\t\t\t\t\t<div class=\"elementor-button-wrapper\">\n\t\t\t\t\t<a class=\"elementor-button elementor-button-link elementor-size-sm\" href=\"https:\/\/keltec.com.br\/wp-content\/uploads\/2023\/11\/KELTEC_Refrigerated_Air_Dryer_KRAD_JULY_21_2023.pdf\" target=\"_blank\">\n\t\t\t\t\t\t<span class=\"elementor-button-content-wrapper\">\n\t\t\t\t\t\t\t\t\t<span class=\"elementor-button-text\">Laden Sie den Katalog herunter<\/span>\n\t\t\t\t\t<\/span>\n\t\t\t\t\t<\/a>\n\t\t\t\t<\/div>\n\t\t\t\t\t\t\t\t<\/div>\n\t\t\t\t<\/div>\n\t\t\t\t\t<\/div>\n\t\t<\/div>\n\t\t\t\t\t<\/div>\n\t\t<\/section>\n\t\t\t\t\t<\/div>\n\t\t<\/div>\n\t\t\t\t\t<\/div>\n\t\t<\/section>\n\t\t\t\t<section class=\"elementor-section elementor-top-section elementor-element elementor-element-e3057fd elementor-section-boxed elementor-section-height-default elementor-section-height-default\" data-id=\"e3057fd\" data-element_type=\"section\" data-e-type=\"section\" data-settings=\"{&quot;background_background&quot;:&quot;classic&quot;}\">\n\t\t\t\t\t\t<div class=\"elementor-container elementor-column-gap-default\">\n\t\t\t\t\t<div class=\"elementor-column elementor-col-100 elementor-top-column elementor-element elementor-element-a553c6a\" data-id=\"a553c6a\" data-element_type=\"column\" data-e-type=\"column\">\n\t\t\t<div class=\"elementor-widget-wrap elementor-element-populated\">\n\t\t\t\t\t\t<div class=\"elementor-element elementor-element-e2f6434 elementor-widget elementor-widget-spacer\" data-id=\"e2f6434\" data-element_type=\"widget\" data-e-type=\"widget\" data-widget_type=\"spacer.default\">\n\t\t\t\t<div class=\"elementor-widget-container\">\n\t\t\t\t\t\t\t<div class=\"elementor-spacer\">\n\t\t\t<div class=\"elementor-spacer-inner\"><\/div>\n\t\t<\/div>\n\t\t\t\t\t\t<\/div>\n\t\t\t\t<\/div>\n\t\t\t\t\t<\/div>\n\t\t<\/div>\n\t\t\t\t\t<\/div>\n\t\t<\/section>\n\t\t\t\t<section class=\"elementor-section elementor-top-section elementor-element elementor-element-fbb9561 elementor-section-boxed elementor-section-height-default elementor-section-height-default\" data-id=\"fbb9561\" data-element_type=\"section\" data-e-type=\"section\" data-settings=\"{&quot;background_background&quot;:&quot;classic&quot;}\">\n\t\t\t\t\t\t<div class=\"elementor-container elementor-column-gap-default\">\n\t\t\t\t\t<div class=\"elementor-column elementor-col-100 elementor-top-column elementor-element elementor-element-39e5bec\" data-id=\"39e5bec\" data-element_type=\"column\" data-e-type=\"column\">\n\t\t\t<div class=\"elementor-widget-wrap elementor-element-populated\">\n\t\t\t\t\t\t<div class=\"elementor-element elementor-element-079b37d elementor-widget elementor-widget-spacer\" data-id=\"079b37d\" data-element_type=\"widget\" data-e-type=\"widget\" data-widget_type=\"spacer.default\">\n\t\t\t\t<div class=\"elementor-widget-container\">\n\t\t\t\t\t\t\t<div class=\"elementor-spacer\">\n\t\t\t<div class=\"elementor-spacer-inner\"><\/div>\n\t\t<\/div>\n\t\t\t\t\t\t<\/div>\n\t\t\t\t<\/div>\n\t\t\t\t\t<\/div>\n\t\t<\/div>\n\t\t\t\t\t<\/div>\n\t\t<\/section>\n\t\t\t\t<section class=\"elementor-section elementor-top-section elementor-element elementor-element-4477493 elementor-section-boxed elementor-section-height-default elementor-section-height-default\" data-id=\"4477493\" data-element_type=\"section\" data-e-type=\"section\">\n\t\t\t\t\t\t<div class=\"elementor-container elementor-column-gap-default\">\n\t\t\t\t\t<div class=\"elementor-column elementor-col-100 elementor-top-column elementor-element elementor-element-a555c9f\" data-id=\"a555c9f\" data-element_type=\"column\" data-e-type=\"column\">\n\t\t\t<div class=\"elementor-widget-wrap elementor-element-populated\">\n\t\t\t\t\t\t<section class=\"elementor-section elementor-inner-section elementor-element elementor-element-f53d80f elementor-section-full_width elementor-section-content-middle elementor-section-height-default elementor-section-height-default\" data-id=\"f53d80f\" data-element_type=\"section\" data-e-type=\"section\" data-settings=\"{&quot;background_background&quot;:&quot;classic&quot;}\">\n\t\t\t\t\t\t<div class=\"elementor-container elementor-column-gap-default\">\n\t\t\t\t\t<div class=\"elementor-column elementor-col-25 elementor-inner-column elementor-element elementor-element-fc06a43\" data-id=\"fc06a43\" data-element_type=\"column\" data-e-type=\"column\">\n\t\t\t<div class=\"elementor-widget-wrap elementor-element-populated\">\n\t\t\t\t\t\t<div class=\"elementor-element elementor-element-9b0e8eb elementor-widget elementor-widget-heading\" data-id=\"9b0e8eb\" data-element_type=\"widget\" data-e-type=\"widget\" data-widget_type=\"heading.default\">\n\t\t\t\t<div class=\"elementor-widget-container\">\n\t\t\t\t\t<h3 class=\"elementor-heading-title elementor-size-default\">Machen Sie Ihr Budget<\/h3>\t\t\t\t<\/div>\n\t\t\t\t<\/div>\n\t\t\t\t<div class=\"elementor-element elementor-element-072306b elementor-widget elementor-widget-heading\" data-id=\"072306b\" data-element_type=\"widget\" data-e-type=\"widget\" data-widget_type=\"heading.default\">\n\t\t\t\t<div class=\"elementor-widget-container\">\n\t\t\t\t\t<p class=\"elementor-heading-title elementor-size-default\">Kontaktieren Sie den Keltec Technolab-H\u00e4ndler in Ihrer N\u00e4he.\n\n<\/p>\t\t\t\t<\/div>\n\t\t\t\t<\/div>\n\t\t\t\t\t<\/div>\n\t\t<\/div>\n\t\t\t\t<div class=\"elementor-column elementor-col-25 elementor-inner-column elementor-element elementor-element-7a8f6ba\" data-id=\"7a8f6ba\" data-element_type=\"column\" data-e-type=\"column\">\n\t\t\t<div class=\"elementor-widget-wrap elementor-element-populated\">\n\t\t\t\t\t\t<div class=\"elementor-element elementor-element-5e92f77 elementor-widget elementor-widget-heading\" data-id=\"5e92f77\" data-element_type=\"widget\" data-e-type=\"widget\" data-widget_type=\"heading.default\">\n\t\t\t\t<div class=\"elementor-widget-container\">\n\t\t\t\t\t<p class=\"elementor-heading-title elementor-size-default\">Nehmen Sie telefonisch Kontakt auf <\/p>\t\t\t\t<\/div>\n\t\t\t\t<\/div>\n\t\t\t\t<div class=\"elementor-element elementor-element-dbd26ff elementor-widget elementor-widget-heading\" data-id=\"dbd26ff\" data-element_type=\"widget\" data-e-type=\"widget\" data-widget_type=\"heading.default\">\n\t\t\t\t<div class=\"elementor-widget-container\">\n\t\t\t\t\t<h3 class=\"elementor-heading-title elementor-size-default\">(19) 3115-7900<\/h3>\t\t\t\t<\/div>\n\t\t\t\t<\/div>\n\t\t\t\t\t<\/div>\n\t\t<\/div>\n\t\t\t\t<div class=\"elementor-column elementor-col-25 elementor-inner-column elementor-element elementor-element-57fadfe\" data-id=\"57fadfe\" data-element_type=\"column\" data-e-type=\"column\">\n\t\t\t<div class=\"elementor-widget-wrap elementor-element-populated\">\n\t\t\t\t\t\t<div class=\"elementor-element elementor-element-06843f0 elementor-widget elementor-widget-heading\" data-id=\"06843f0\" data-element_type=\"widget\" data-e-type=\"widget\" data-widget_type=\"heading.default\">\n\t\t\t\t<div class=\"elementor-widget-container\">\n\t\t\t\t\t<p class=\"elementor-heading-title elementor-size-default\">Oder per E-Mail<\/p>\t\t\t\t<\/div>\n\t\t\t\t<\/div>\n\t\t\t\t<div class=\"elementor-element elementor-element-30335cc elementor-widget elementor-widget-heading\" data-id=\"30335cc\" data-element_type=\"widget\" data-e-type=\"widget\" data-widget_type=\"heading.default\">\n\t\t\t\t<div class=\"elementor-widget-container\">\n\t\t\t\t\t<h3 class=\"elementor-heading-title elementor-size-default\">sales@keltec.ind.br<\/h3>\t\t\t\t<\/div>\n\t\t\t\t<\/div>\n\t\t\t\t\t<\/div>\n\t\t<\/div>\n\t\t\t\t<div class=\"elementor-column elementor-col-25 elementor-inner-column elementor-element elementor-element-0ca34f7\" data-id=\"0ca34f7\" data-element_type=\"column\" data-e-type=\"column\">\n\t\t\t<div class=\"elementor-widget-wrap elementor-element-populated\">\n\t\t\t\t\t\t<div class=\"elementor-element elementor-element-9370227 elementor-widget elementor-widget-heading\" data-id=\"9370227\" data-element_type=\"widget\" data-e-type=\"widget\" data-widget_type=\"heading.default\">\n\t\t\t\t<div class=\"elementor-widget-container\">\n\t\t\t\t\t<p class=\"elementor-heading-title elementor-size-default\">Bitte beachten Sie, dass unser Servicekanal ausschlie\u00dflich autorisierten Keltec-H\u00e4ndlern vorbehalten ist.\n\n<\/p>\t\t\t\t<\/div>\n\t\t\t\t<\/div>\n\t\t\t\t\t<\/div>\n\t\t<\/div>\n\t\t\t\t\t<\/div>\n\t\t<\/section>\n\t\t\t\t\t<\/div>\n\t\t<\/div>\n\t\t\t\t\t<\/div>\n\t\t<\/section>\n\t\t\t\t<section class=\"elementor-section elementor-top-section elementor-element elementor-element-f27cf45 elementor-section-content-middle elementor-section-boxed elementor-section-height-default elementor-section-height-default\" data-id=\"f27cf45\" data-element_type=\"section\" data-e-type=\"section\">\n\t\t\t\t\t\t<div class=\"elementor-container elementor-column-gap-default\">\n\t\t\t\t\t<div class=\"elementor-column elementor-col-33 elementor-top-column elementor-element elementor-element-5830a49\" data-id=\"5830a49\" data-element_type=\"column\" data-e-type=\"column\">\n\t\t\t<div class=\"elementor-widget-wrap\">\n\t\t\t\t\t\t\t<\/div>\n\t\t<\/div>\n\t\t\t\t<div class=\"elementor-column elementor-col-33 elementor-top-column elementor-element elementor-element-486d7e3\" data-id=\"486d7e3\" data-element_type=\"column\" data-e-type=\"column\">\n\t\t\t<div class=\"elementor-widget-wrap elementor-element-populated\">\n\t\t\t\t\t\t<div class=\"elementor-element elementor-element-ef835fb elementor-widget elementor-widget-image\" data-id=\"ef835fb\" data-element_type=\"widget\" data-e-type=\"widget\" data-widget_type=\"image.default\">\n\t\t\t\t<div class=\"elementor-widget-container\">\n\t\t\t\t\t\t\t\t\t\t\t\t\t\t\t<img decoding=\"async\" width=\"1024\" height=\"742\" src=\"https:\/\/keltec.com.br\/wp-content\/uploads\/2023\/03\/Selo-Keltec-03-1024x742.png\" class=\"attachment-large size-large wp-image-2588\" alt=\"\" srcset=\"https:\/\/keltec.com.br\/wp-content\/uploads\/2023\/03\/Selo-Keltec-03-1024x742.png 1024w, https:\/\/keltec.com.br\/wp-content\/uploads\/2023\/03\/Selo-Keltec-03-300x217.png 300w, https:\/\/keltec.com.br\/wp-content\/uploads\/2023\/03\/Selo-Keltec-03-768x557.png 768w, https:\/\/keltec.com.br\/wp-content\/uploads\/2023\/03\/Selo-Keltec-03-1536x1114.png 1536w, https:\/\/keltec.com.br\/wp-content\/uploads\/2023\/03\/Selo-Keltec-03-2048x1485.png 2048w, https:\/\/keltec.com.br\/wp-content\/uploads\/2023\/03\/Selo-Keltec-03-600x435.png 600w\" sizes=\"(max-width: 1024px) 100vw, 1024px\" \/>\t\t\t\t\t\t\t\t\t\t\t\t\t\t\t<\/div>\n\t\t\t\t<\/div>\n\t\t\t\t\t<\/div>\n\t\t<\/div>\n\t\t\t\t<div class=\"elementor-column elementor-col-33 elementor-top-column elementor-element elementor-element-0ce0a70\" data-id=\"0ce0a70\" data-element_type=\"column\" data-e-type=\"column\">\n\t\t\t<div class=\"elementor-widget-wrap elementor-element-populated\">\n\t\t\t\t\t\t<div class=\"elementor-element elementor-element-2e93393 elementor-widget elementor-widget-text-editor\" data-id=\"2e93393\" data-element_type=\"widget\" data-e-type=\"widget\" data-widget_type=\"text-editor.default\">\n\t\t\t\t<div class=\"elementor-widget-container\">\n\t\t\t\t\t\t\t\t\t<p>Wie alle unsere Produkte werden auch die \u00d6lfilter von KELTEC Technolab mit Materialien und Verarbeitung h\u00f6chster Qualit\u00e4t hergestellt.<\/p>\t\t\t\t\t\t\t\t<\/div>\n\t\t\t\t<\/div>\n\t\t\t\t\t<\/div>\n\t\t<\/div>\n\t\t\t\t\t<\/div>\n\t\t<\/section>\n\t\t\t\t<\/div>","protected":false},"excerpt":{"rendered":"<p>KELTEC-K\u00e4ltetrockner entfernen aktiv Kondensat, um extrem trockene Druckluft zu erhalten. Im modernen Industrieprozess ist die Bedeutung von Druckluft f\u00fcr die Energiebereitstellung weithin bekannt. Was jedoch oft \u00fcbersehen wird, ist die Notwendigkeit einer hochwertigen Behandlung dieser Luft. Die in das System eintretende Luft enth\u00e4lt Kondensat [\u2026]<\/p>","protected":false},"author":1,"featured_media":0,"parent":0,"menu_order":0,"comment_status":"closed","ping_status":"closed","template":"elementor_header_footer","meta":{"footnotes":""},"class_list":["post-2896","page","type-page","status-publish","hentry"],"acf":[],"_links":{"self":[{"href":"https:\/\/keltec.com.br\/de\/wp-json\/wp\/v2\/pages\/2896","targetHints":{"allow":["GET"]}}],"collection":[{"href":"https:\/\/keltec.com.br\/de\/wp-json\/wp\/v2\/pages"}],"about":[{"href":"https:\/\/keltec.com.br\/de\/wp-json\/wp\/v2\/types\/page"}],"author":[{"embeddable":true,"href":"https:\/\/keltec.com.br\/de\/wp-json\/wp\/v2\/users\/1"}],"replies":[{"embeddable":true,"href":"https:\/\/keltec.com.br\/de\/wp-json\/wp\/v2\/comments?post=2896"}],"version-history":[{"count":0,"href":"https:\/\/keltec.com.br\/de\/wp-json\/wp\/v2\/pages\/2896\/revisions"}],"wp:attachment":[{"href":"https:\/\/keltec.com.br\/de\/wp-json\/wp\/v2\/media?parent=2896"}],"curies":[{"name":"wp","href":"https:\/\/api.w.org\/{rel}","templated":true}]}}