{"id":29748,"date":"2023-10-19T12:41:42","date_gmt":"2023-10-19T15:41:42","guid":{"rendered":"https:\/\/keltec.com.br\/?page_id=29748"},"modified":"2023-10-19T12:42:45","modified_gmt":"2023-10-19T15:42:45","slug":"termos-de-uso","status":"publish","type":"page","link":"https:\/\/keltec.com.br\/de\/termos-de-uso\/","title":{"rendered":"Nutzungsbedingungen"},"content":{"rendered":"<div data-elementor-type=\"wp-page\" data-elementor-id=\"29748\" class=\"elementor elementor-29748\" data-elementor-post-type=\"page\">\n\t\t\t\t\t\t<section class=\"elementor-section elementor-top-section elementor-element elementor-element-852fc21 elementor-section-boxed elementor-section-height-default elementor-section-height-default\" data-id=\"852fc21\" data-element_type=\"section\" data-e-type=\"section\">\n\t\t\t\t\t\t<div class=\"elementor-container elementor-column-gap-default\">\n\t\t\t\t\t<div class=\"elementor-column elementor-col-100 elementor-top-column elementor-element elementor-element-2accc3bd\" data-id=\"2accc3bd\" data-element_type=\"column\" data-e-type=\"column\">\n\t\t\t<div class=\"elementor-widget-wrap elementor-element-populated\">\n\t\t\t\t\t\t<div class=\"elementor-element elementor-element-266f9d73 elementor-widget elementor-widget-text-editor\" data-id=\"266f9d73\" data-element_type=\"widget\" data-e-type=\"widget\" data-widget_type=\"text-editor.default\">\n\t\t\t\t<div class=\"elementor-widget-container\">\n\t\t\t\t\t\t\t\t\t\n<p>Willkommen auf der Website von Keltec do Brasil (<a href=\"https:\/\/keltec.ind.br\/\">https:\/\/keltec.ind.br<\/a>). Durch den Zugriff auf und die Nutzung dieser Website erkl\u00e4ren Sie sich damit einverstanden, diese Nutzungsbedingungen einzuhalten und an sie gebunden zu sein. Wenn Sie diesen Bedingungen nicht zustimmen, nutzen Sie diese Website bitte nicht weiter.<\/p>\n\n\n\n<p><strong>1. Nutzung der Website<\/strong><\/p>\n\n\n\n<p>1.1. Sie erkl\u00e4ren sich damit einverstanden, diese Website nur f\u00fcr rechtm\u00e4\u00dfige Zwecke und in \u00dcbereinstimmung mit allen geltenden Gesetzen und Vorschriften zu nutzen.<\/p>\n\n\n\n<p>1.2. Sie erkl\u00e4ren sich damit einverstanden, keine Ma\u00dfnahmen zu ergreifen, die die Funktion dieser Website beeintr\u00e4chtigen k\u00f6nnten, einschlie\u00dflich der Einf\u00fchrung von Viren, Malware oder anderen Cyber-Bedrohungen.<\/p>\n\n\n\n<p><strong>2. Inhalt der Website<\/strong><\/p>\n\n\n\n<p>2.1. Alle Inhalte dieser Website, einschlie\u00dflich Texte, Bilder, Grafiken, Logos und andere Materialien, sind Eigentum von Keltec do Brasil oder seinen Lizenzgebern und durch Urheberrechtsgesetze und andere Rechte an geistigem Eigentum gesch\u00fctzt.<\/p>\n\n\n\n<p>2.2. Ohne die schriftliche Genehmigung von Keltec do Brasil ist es Ihnen nicht gestattet, Inhalte dieser Website zu reproduzieren, zu verbreiten, zu \u00fcbertragen, zu modifizieren, abgeleitete Werke zu erstellen oder zu verwenden.<\/p>\n\n\n\n<p><strong>3. Links zu Dritten<\/strong><\/p>\n\n\n\n<p>Diese Website kann Links zu Websites Dritter enthalten. Keltec do Brasil ist nicht f\u00fcr den Inhalt oder die Datenschutzpraktiken dieser Websites verantwortlich. Die Aufnahme von Links stellt keine Billigung oder Unterst\u00fctzung durch Keltec do Brasil dar.<\/p>\n\n\n\n<p><strong>4. Datenschutz<\/strong><\/p>\n\n\n\n<p>Pers\u00f6nliche Daten, die Sie bei der Nutzung dieser Website angeben, werden gem\u00e4\u00df unserer Datenschutzrichtlinie behandelt. Weitere Informationen dar\u00fcber, wie Ihre Daten erfasst, verwendet und gesch\u00fctzt werden, finden Sie in der Datenschutzerkl\u00e4rung.<\/p>\n\n\n\n<p><strong>5. \u00c4nderungen der Nutzungsbedingungen<\/strong><\/p>\n\n\n\n<p>Wir behalten uns das Recht vor, diese Nutzungsbedingungen jederzeit zu aktualisieren oder zu \u00e4ndern. Alle \u00c4nderungen werden auf dieser Website mit dem Datum \u201eLetzte Aktualisierung\u201c ver\u00f6ffentlicht. Durch Ihre fortgesetzte Nutzung der Website nach der Ver\u00f6ffentlichung solcher \u00c4nderungen erkl\u00e4ren Sie sich mit den neuen Bedingungen einverstanden.<\/p>\n\n\n\n<p><strong>6. Kontakt<\/strong><\/p>\n\n\n\n<p>Wenn Sie Fragen oder Bedenken zu diesen Nutzungsbedingungen haben, kontaktieren Sie uns bitte unter:<\/p>\n\n\n\n<p><strong>Keltec aus Brasilien<br><\/strong>sales@keltec.ind.br<br>(19) 3115-7900<\/p>\n\t\t\t\t\t\t\t\t<\/div>\n\t\t\t\t<\/div>\n\t\t\t\t\t<\/div>\n\t\t<\/div>\n\t\t\t\t\t<\/div>\n\t\t<\/section>\n\t\t\t\t<\/div>","protected":false},"excerpt":{"rendered":"<p>Willkommen auf der Website von Keltec do Brasil (https:\/\/keltec.ind.br). Durch den Zugriff auf und die Nutzung dieser Website erkl\u00e4ren Sie sich damit einverstanden, diese Nutzungsbedingungen einzuhalten und an sie gebunden zu sein. Wenn Sie diesen Bedingungen nicht zustimmen, nutzen Sie diese Website bitte nicht weiter. 1. Nutzung der Website 1.1. Sie erkl\u00e4ren sich damit einverstanden, diese Website nur f\u00fcr [\u2026] zu nutzen.<\/p>","protected":false},"author":1,"featured_media":0,"parent":0,"menu_order":0,"comment_status":"closed","ping_status":"closed","template":"","meta":{"footnotes":""},"class_list":["post-29748","page","type-page","status-publish","hentry"],"acf":[],"_links":{"self":[{"href":"https:\/\/keltec.com.br\/de\/wp-json\/wp\/v2\/pages\/29748","targetHints":{"allow":["GET"]}}],"collection":[{"href":"https:\/\/keltec.com.br\/de\/wp-json\/wp\/v2\/pages"}],"about":[{"href":"https:\/\/keltec.com.br\/de\/wp-json\/wp\/v2\/types\/page"}],"author":[{"embeddable":true,"href":"https:\/\/keltec.com.br\/de\/wp-json\/wp\/v2\/users\/1"}],"replies":[{"embeddable":true,"href":"https:\/\/keltec.com.br\/de\/wp-json\/wp\/v2\/comments?post=29748"}],"version-history":[{"count":0,"href":"https:\/\/keltec.com.br\/de\/wp-json\/wp\/v2\/pages\/29748\/revisions"}],"wp:attachment":[{"href":"https:\/\/keltec.com.br\/de\/wp-json\/wp\/v2\/media?parent=29748"}],"curies":[{"name":"wp","href":"https:\/\/api.w.org\/{rel}","templated":true}]}}