{"id":30817,"date":"2024-05-01T15:13:50","date_gmt":"2024-05-01T18:13:50","guid":{"rendered":"https:\/\/keltec.com.br\/?page_id=30817"},"modified":"2024-05-01T15:15:39","modified_gmt":"2024-05-01T18:15:39","slug":"termo-de-garantia","status":"publish","type":"page","link":"https:\/\/keltec.com.br\/de\/termo-de-garantia\/","title":{"rendered":"Garantiefrist"},"content":{"rendered":"<div data-elementor-type=\"wp-page\" data-elementor-id=\"30817\" class=\"elementor elementor-30817\" data-elementor-post-type=\"page\">\n\t\t\t\t\t\t<section class=\"elementor-section elementor-top-section elementor-element elementor-element-4e754455 elementor-section-boxed elementor-section-height-default elementor-section-height-default\" data-id=\"4e754455\" data-element_type=\"section\" data-e-type=\"section\">\n\t\t\t\t\t\t<div class=\"elementor-container elementor-column-gap-default\">\n\t\t\t\t\t<div class=\"elementor-column elementor-col-100 elementor-top-column elementor-element elementor-element-1b093e4\" data-id=\"1b093e4\" data-element_type=\"column\" data-e-type=\"column\">\n\t\t\t<div class=\"elementor-widget-wrap elementor-element-populated\">\n\t\t\t\t\t\t<div class=\"elementor-element elementor-element-30faafc8 elementor-widget elementor-widget-text-editor\" data-id=\"30faafc8\" data-element_type=\"widget\" data-e-type=\"widget\" data-widget_type=\"text-editor.default\">\n\t\t\t\t<div class=\"elementor-widget-container\">\n\t\t\t\t\t\t\t\t\t<p>Keltec Technolab gew\u00e4hrt auf seine Produkte im Falle von Herstellungsfehlern eine Garantie von 6 Monaten oder 1.000 Betriebsstunden, je nachdem, was zuerst abl\u00e4uft. Darin enthalten ist auch die gesetzliche Gew\u00e4hrleistungsfrist (erste 90 Tage), die mit dem Rechnungsdatum beginnt, vorausgesetzt, dass die Produkte gem\u00e4\u00df den Spezifikationen in Katalogen, Handb\u00fcchern oder vom Kunden genehmigten Zeichnungen ordnungsgem\u00e4\u00df installiert und verwendet werden, wenn sie speziell entwickelt wurden Grundlage f\u00fcr eine bestimmte Anwendung.<\/p>\n<p><b>Umfang der Garantie<\/b><\/p>\n<p>Die hier angegebene Garantie gilt nur f\u00fcr die Reparatur oder den Ersatz von Produkten mit Herstellungsfehlern, die von Keltec Technolab geliefert wurden. Die Garantie f\u00fcr Keltec Technolab-Produkte erstreckt sich nicht auf Konstruktionsfehler oder Spezifikationen Dritter.<\/p>\n<p>Diese Garantie gilt nicht f\u00fcr Kosten im Zusammenhang mit der Demontage oder dem Austausch von Produkten, die an Maschinen, Ger\u00e4ten oder Systemen angeschwei\u00dft oder in irgendeiner Weise daran befestigt sind. Diese Garantie deckt keine Sch\u00e4den ab, die durch externe Einwirkungen jeglicher Art verursacht wurden, einschlie\u00dflich Unf\u00e4llen, Stromausf\u00e4llen, Verwendung nicht gem\u00e4\u00df Spezifikationen und Anweisungen, Missbrauch, Fahrl\u00e4ssigkeit, Modifikationen, Reparaturen sowie Installations- oder Testfehlern.<\/p>\n<p><b>Garantiebeschr\u00e4nkung<\/b><\/p>\n<p>Die Haftung von Keltec Technolab im Rahmen dieser Garantie oder einer anderen ausdr\u00fccklichen oder stillschweigenden Garantie beschr\u00e4nkt sich auf die Reparatur oder den Ersatz der oben genannten Produkte.<\/p>\n<p>Dieser Keltec Technolab-Katalog bietet Produktoptionen f\u00fcr Anwendungen durch technisch versierte Benutzer. Anwendungsaspekte m\u00fcssen analysiert und \u00fcberarbeitet werden, damit sie den in diesem Katalog enthaltenen Richtlinien entsprechen.<\/p>\n<p>Aufgrund der Vielfalt der Einsatzbedingungen und Einsatzm\u00f6glichkeiten der in diesem Katalog aufgef\u00fchrten Produkte liegt die alleinige Verantwortung des Anwenders durch eigene Analyse und Pr\u00fcfung darin, die endg\u00fcltige Auswahl der Produkte zu treffen und sicherzustellen, dass Leistung, Anwendungssicherheit und Pflege gew\u00e4hrleistet sind.<\/p>\n<p>Alle in diesem Katalog enthaltenen Produkte sowie deren Eigenschaften, Spezifikationen und Leistungen k\u00f6nnen jederzeit und ohne vorherige Ank\u00fcndigung von Keltec Technolab ge\u00e4ndert werden.<\/p>\n<p><b>Warnung<\/b><\/p>\n<div>\n<p>FALSCHE AUSWAHL, FEHLER ODER UNSACHGEM\u00c4SSE VERWENDUNG DER IN DIESEM KATALOG BESCHRIEBENEN PRODUKTE K\u00d6NNEN ZUM TOD, ZU K\u00d6RPERVERLETZUNGEN UND\/ODER ZU SACHSCH\u00c4DEN F\u00dcHREN.<\/p>\n<\/div>\t\t\t\t\t\t\t\t<\/div>\n\t\t\t\t<\/div>\n\t\t\t\t\t<\/div>\n\t\t<\/div>\n\t\t\t\t\t<\/div>\n\t\t<\/section>\n\t\t\t\t<\/div>","protected":false},"excerpt":{"rendered":"<p>A Keltec Technolab garante os seus produtos pelo prazo de 6 meses ou 1.000 horas de opera\u00e7\u00e3o, o que vencer primeiro, para casos de\u00a0defeito de fabrica\u00e7\u00e3o. Tamb\u00e9m est\u00e1 inclu\u00eddo o prazo da garantia legal (primeiros 90 dias), que se inicia na data de faturamento, desde\u00a0que os produtos sejam instalados e utilizados corretamente conforme as especifica\u00e7\u00f5es [&hellip;]<\/p>","protected":false},"author":1,"featured_media":0,"parent":0,"menu_order":0,"comment_status":"closed","ping_status":"closed","template":"","meta":{"footnotes":""},"class_list":["post-30817","page","type-page","status-publish","hentry"],"acf":[],"_links":{"self":[{"href":"https:\/\/keltec.com.br\/de\/wp-json\/wp\/v2\/pages\/30817","targetHints":{"allow":["GET"]}}],"collection":[{"href":"https:\/\/keltec.com.br\/de\/wp-json\/wp\/v2\/pages"}],"about":[{"href":"https:\/\/keltec.com.br\/de\/wp-json\/wp\/v2\/types\/page"}],"author":[{"embeddable":true,"href":"https:\/\/keltec.com.br\/de\/wp-json\/wp\/v2\/users\/1"}],"replies":[{"embeddable":true,"href":"https:\/\/keltec.com.br\/de\/wp-json\/wp\/v2\/comments?post=30817"}],"version-history":[{"count":0,"href":"https:\/\/keltec.com.br\/de\/wp-json\/wp\/v2\/pages\/30817\/revisions"}],"wp:attachment":[{"href":"https:\/\/keltec.com.br\/de\/wp-json\/wp\/v2\/media?parent=30817"}],"curies":[{"name":"wp","href":"https:\/\/api.w.org\/{rel}","templated":true}]}}