{"id":34008,"date":"2024-08-14T15:34:03","date_gmt":"2024-08-14T18:34:03","guid":{"rendered":"https:\/\/keltec.com.br\/?post_type=product&#038;p=34008"},"modified":"2026-03-13T09:58:39","modified_gmt":"2026-03-13T12:58:39","slug":"kx800-026b","status":"publish","type":"product","link":"https:\/\/keltec.com.br\/de\/produkt\/kx800-026b\/","title":{"rendered":"KX800-026"},"content":{"rendered":"","protected":false},"excerpt":{"rendered":"<p>Kit Reparo da V\u00e1lvula Press\u00e3o M\u00ednima<\/p>","protected":false},"featured_media":35356,"template":"","meta":[],"product_brand":[],"product_cat":[2699],"product_tag":[],"marca":[13406,21207,21208,21209,21210,21211,20427,20428,20429,20430,20431],"class_list":{"0":"post-34008","1":"product","2":"type-product","3":"status-publish","4":"has-post-thumbnail","6":"product_cat-kits","7":"marca-atlas-copco","8":"marca-g2-jan-21-8bar","9":"marca-g3-jan-21-8bar","10":"marca-g4-jan-21-8bar","11":"marca-g5-jan-21-10bar","12":"marca-g7-jan-21-10bar","13":"marca-ga18vsd-bqd104127","14":"marca-ga22vsd-bqd104127","15":"marca-ga26vsd-bqd104127","16":"marca-ga30vsd-bqd104127","17":"marca-ga37vsd-bqd104127","19":"first","20":"instock","21":"shipping-taxable","22":"product-type-simple"},"_links":{"self":[{"href":"https:\/\/keltec.com.br\/de\/wp-json\/wp\/v2\/product\/34008","targetHints":{"allow":["GET"]}}],"collection":[{"href":"https:\/\/keltec.com.br\/de\/wp-json\/wp\/v2\/product"}],"about":[{"href":"https:\/\/keltec.com.br\/de\/wp-json\/wp\/v2\/types\/product"}],"wp:featuredmedia":[{"embeddable":true,"href":"https:\/\/keltec.com.br\/de\/wp-json\/wp\/v2\/media\/35356"}],"wp:attachment":[{"href":"https:\/\/keltec.com.br\/de\/wp-json\/wp\/v2\/media?parent=34008"}],"wp:term":[{"taxonomy":"product_brand","embeddable":true,"href":"https:\/\/keltec.com.br\/de\/wp-json\/wp\/v2\/product_brand?post=34008"},{"taxonomy":"product_cat","embeddable":true,"href":"https:\/\/keltec.com.br\/de\/wp-json\/wp\/v2\/product_cat?post=34008"},{"taxonomy":"product_tag","embeddable":true,"href":"https:\/\/keltec.com.br\/de\/wp-json\/wp\/v2\/product_tag?post=34008"},{"taxonomy":"marca","embeddable":true,"href":"https:\/\/keltec.com.br\/de\/wp-json\/wp\/v2\/marca?post=34008"}],"curies":[{"name":"wp","href":"https:\/\/api.w.org\/{rel}","templated":true}]}}