{"id":43485,"date":"2026-04-10T16:55:24","date_gmt":"2026-04-10T19:55:24","guid":{"rendered":"https:\/\/keltec.com.br\/?post_type=product&#038;p=43485"},"modified":"2026-04-10T16:55:24","modified_gmt":"2026-04-10T19:55:24","slug":"cah-dpy","status":"publish","type":"product","link":"https:\/\/keltec.com.br\/de\/produkt\/cah-dpy\/","title":{"rendered":"CAH-DPY"},"content":{"rendered":"","protected":false},"excerpt":{"rendered":"<p>Man\u00f4metro Diferencial de Press\u00e3o | Carca\u00e7a: CAH-RCY<\/p>","protected":false},"featured_media":43486,"template":"","meta":[],"product_brand":[],"product_cat":[18983],"product_tag":[],"marca":[],"class_list":{"0":"post-43485","1":"product","2":"type-product","3":"status-publish","4":"has-post-thumbnail","6":"product_cat-filtros-coalescentes","8":"first","9":"instock","10":"shipping-taxable","11":"product-type-simple"},"acf":[],"_links":{"self":[{"href":"https:\/\/keltec.com.br\/de\/wp-json\/wp\/v2\/product\/43485","targetHints":{"allow":["GET"]}}],"collection":[{"href":"https:\/\/keltec.com.br\/de\/wp-json\/wp\/v2\/product"}],"about":[{"href":"https:\/\/keltec.com.br\/de\/wp-json\/wp\/v2\/types\/product"}],"wp:featuredmedia":[{"embeddable":true,"href":"https:\/\/keltec.com.br\/de\/wp-json\/wp\/v2\/media\/43486"}],"wp:attachment":[{"href":"https:\/\/keltec.com.br\/de\/wp-json\/wp\/v2\/media?parent=43485"}],"wp:term":[{"taxonomy":"product_brand","embeddable":true,"href":"https:\/\/keltec.com.br\/de\/wp-json\/wp\/v2\/product_brand?post=43485"},{"taxonomy":"product_cat","embeddable":true,"href":"https:\/\/keltec.com.br\/de\/wp-json\/wp\/v2\/product_cat?post=43485"},{"taxonomy":"product_tag","embeddable":true,"href":"https:\/\/keltec.com.br\/de\/wp-json\/wp\/v2\/product_tag?post=43485"},{"taxonomy":"marca","embeddable":true,"href":"https:\/\/keltec.com.br\/de\/wp-json\/wp\/v2\/marca?post=43485"}],"curies":[{"name":"wp","href":"https:\/\/api.w.org\/{rel}","templated":true}]}}