{"id":9802,"date":"2023-08-10T19:48:12","date_gmt":"2023-08-10T22:48:12","guid":{"rendered":"https:\/\/keltec.com.br\/produto\/kx500-005-2\/"},"modified":"2026-03-20T16:01:03","modified_gmt":"2026-03-20T19:01:03","slug":"kx500-005-2","status":"publish","type":"product","link":"https:\/\/keltec.com.br\/de\/produkt\/kx500-005-2\/","title":{"rendered":"KX500-005"},"content":{"rendered":"","protected":false},"excerpt":{"rendered":"<p>Kit V\u00e1lvulas de Reten\u00e7\u00e3o de Ar-\u00d3leo C190<\/p>\n<p><a class=\"elementor-button elementor-button-link elementor-size-sm\" href=\"https:\/\/keltec.com.br\/wp-content\/uploads\/2026\/03\/KX500-005-PDF.pdf\" target=\"_blank\" rel=\"noopener\">Datasheet<\/a><\/p>","protected":false},"featured_media":35395,"template":"","meta":[],"product_brand":[],"product_cat":[2701],"product_tag":[],"marca":[13406,21281,20294,20291,20182,21275,21277,21273,21271,21269,20179,20183,20296,20292,20181,21264,21262,21260,21266,20293,20295],"class_list":{"0":"post-9802","1":"product","2":"type-product","3":"status-publish","4":"has-post-thumbnail","6":"product_cat-reparo-de-valvulas","7":"marca-atlas-copco","8":"marca-ga110-gazelle-bqd105726-52-69-86-bar","9":"marca-ga110-52-69-86-104-bar-brp076034-ate-brp094855-bqd100000","10":"marca-ga132-69-86-104-bar-brp076034-ate-brp094855-bqd100000","11":"marca-ga132-bqd100000-05-2015-177hp-69-86bar","12":"marca-ga132-gazelle-bqd105726-104hp","13":"marca-ga132-gazelle-bqd105726-138hp","14":"marca-ga132-gazelle-bqd105726-52hp","15":"marca-ga132-gazelle-bqd105726-86hp","16":"marca-ga132-gazelle-bqd105726-69hp","17":"marca-ga132-brp076034-dez-2015-177hp-69-86-104-bar","18":"marca-ga160-bqd100000-05-2015-177hp-69-86bar","19":"marca-ga160-bqd105726","20":"marca-ga160-brp076034-ate-brp094855-bqd100000","21":"marca-ga160-brp076034-dez-2015-200hp-69-86-104-138-bar","22":"marca-ga160-gazelle-bqd105726-jun2017-69hp","23":"marca-ga160-gazelle-bqd105726-jun-17-104","24":"marca-ga160-gazelle-bqd105726-jun-17-86","25":"marca-ga160-gazelle-bqd105726-jun2017-138hp","26":"marca-ga90-52-69-86-bar-brp076034-ate-brp094855-bqd100000","27":"marca-ga90-bqd105726","29":"first","30":"instock","31":"product-type-simple"},"acf":[],"_links":{"self":[{"href":"https:\/\/keltec.com.br\/de\/wp-json\/wp\/v2\/product\/9802","targetHints":{"allow":["GET"]}}],"collection":[{"href":"https:\/\/keltec.com.br\/de\/wp-json\/wp\/v2\/product"}],"about":[{"href":"https:\/\/keltec.com.br\/de\/wp-json\/wp\/v2\/types\/product"}],"wp:featuredmedia":[{"embeddable":true,"href":"https:\/\/keltec.com.br\/de\/wp-json\/wp\/v2\/media\/35395"}],"wp:attachment":[{"href":"https:\/\/keltec.com.br\/de\/wp-json\/wp\/v2\/media?parent=9802"}],"wp:term":[{"taxonomy":"product_brand","embeddable":true,"href":"https:\/\/keltec.com.br\/de\/wp-json\/wp\/v2\/product_brand?post=9802"},{"taxonomy":"product_cat","embeddable":true,"href":"https:\/\/keltec.com.br\/de\/wp-json\/wp\/v2\/product_cat?post=9802"},{"taxonomy":"product_tag","embeddable":true,"href":"https:\/\/keltec.com.br\/de\/wp-json\/wp\/v2\/product_tag?post=9802"},{"taxonomy":"marca","embeddable":true,"href":"https:\/\/keltec.com.br\/de\/wp-json\/wp\/v2\/marca?post=9802"}],"curies":[{"name":"wp","href":"https:\/\/api.w.org\/{rel}","templated":true}]}}