{"id":2679,"date":"2023-03-18T13:01:15","date_gmt":"2023-03-18T16:01:15","guid":{"rendered":"https:\/\/keltec.com.br\/?page_id=2679"},"modified":"2024-05-13T09:25:15","modified_gmt":"2024-05-13T12:25:15","slug":"faqs","status":"publish","type":"page","link":"https:\/\/keltec.com.br\/es\/faqs\/","title":{"rendered":"Preguntas frecuentes"},"content":{"rendered":"<div data-elementor-type=\"wp-page\" data-elementor-id=\"2679\" class=\"elementor elementor-2679\" data-elementor-post-type=\"page\">\n\t\t\t\t\t\t<section class=\"elementor-section elementor-top-section elementor-element elementor-element-6c15cdc elementor-section-boxed elementor-section-height-default elementor-section-height-default\" data-id=\"6c15cdc\" data-element_type=\"section\" data-e-type=\"section\">\n\t\t\t\t\t\t<div class=\"elementor-container elementor-column-gap-wider\">\n\t\t\t\t\t<div class=\"elementor-column elementor-col-50 elementor-top-column elementor-element elementor-element-b47313a\" data-id=\"b47313a\" data-element_type=\"column\" data-e-type=\"column\">\n\t\t\t<div class=\"elementor-widget-wrap elementor-element-populated\">\n\t\t\t\t\t\t<div class=\"elementor-element elementor-element-bc47d60 elementor-widget elementor-widget-heading\" data-id=\"bc47d60\" data-element_type=\"widget\" data-e-type=\"widget\" data-widget_type=\"heading.default\">\n\t\t\t\t<div class=\"elementor-widget-container\">\n\t\t\t\t\t<h2 class=\"elementor-heading-title elementor-size-default\">\u00bfQui\u00e9n puede comprar en Keltec?<\/h2>\t\t\t\t<\/div>\n\t\t\t\t<\/div>\n\t\t\t\t<div class=\"elementor-element elementor-element-3f4eecc elementor-widget elementor-widget-text-editor\" data-id=\"3f4eecc\" data-element_type=\"widget\" data-e-type=\"widget\" data-widget_type=\"text-editor.default\">\n\t\t\t\t<div class=\"elementor-widget-container\">\n\t\t\t\t\t\t\t\t\t<p>Nuestra tienda online est\u00e1 dirigida espec\u00edficamente a distribuidores.<\/p>\t\t\t\t\t\t\t\t<\/div>\n\t\t\t\t<\/div>\n\t\t\t\t<div class=\"elementor-element elementor-element-1e743b0 elementor-hidden-desktop elementor-hidden-tablet elementor-hidden-mobile elementor-widget elementor-widget-heading\" data-id=\"1e743b0\" data-element_type=\"widget\" data-e-type=\"widget\" data-widget_type=\"heading.default\">\n\t\t\t\t<div class=\"elementor-widget-container\">\n\t\t\t\t\t<h2 class=\"elementor-heading-title elementor-size-default\">\u00bfC\u00f3mo me registro como distribuidor?<\/h2>\t\t\t\t<\/div>\n\t\t\t\t<\/div>\n\t\t\t\t<div class=\"elementor-element elementor-element-43c2752 elementor-hidden-desktop elementor-hidden-tablet elementor-hidden-mobile elementor-widget elementor-widget-text-editor\" data-id=\"43c2752\" data-element_type=\"widget\" data-e-type=\"widget\" data-widget_type=\"text-editor.default\">\n\t\t\t\t<div class=\"elementor-widget-container translation-block\">Env\u00ede un correo electr\u00f3nico a sales@keltec.ind.br con asunto: An\u00e1lisis de Registro.<br> Se deber\u00e1 adjuntar al correo electr\u00f3nico el formulario de registro de la empresa.<\/div>\n\t\t\t\t<\/div>\n\t\t\t\t<div class=\"elementor-element elementor-element-77e2218 elementor-hidden-desktop elementor-hidden-tablet elementor-hidden-mobile elementor-widget elementor-widget-heading\" data-id=\"77e2218\" data-element_type=\"widget\" data-e-type=\"widget\" data-widget_type=\"heading.default\">\n\t\t\t\t<div class=\"elementor-widget-container\">\n\t\t\t\t\t<h2 class=\"elementor-heading-title elementor-size-default\">\u00bfCu\u00e1l es el plazo para el an\u00e1lisis de registro?<\/h2>\t\t\t\t<\/div>\n\t\t\t\t<\/div>\n\t\t\t\t<div class=\"elementor-element elementor-element-076e439 elementor-hidden-desktop elementor-hidden-tablet elementor-hidden-mobile elementor-widget elementor-widget-text-editor\" data-id=\"076e439\" data-element_type=\"widget\" data-e-type=\"widget\" data-widget_type=\"text-editor.default\">\n\t\t\t\t<div class=\"elementor-widget-container\">\n\t\t\t\t\t\t\t\t\t<p>Dentro de las 48 horas siguientes al env\u00edo del correo electr\u00f3nico, si no recibe respuesta, llame al: 19 3115-7900.<\/p>\t\t\t\t\t\t\t\t<\/div>\n\t\t\t\t<\/div>\n\t\t\t\t<div class=\"elementor-element elementor-element-008e5b7 elementor-hidden-desktop elementor-hidden-tablet elementor-hidden-mobile elementor-widget elementor-widget-heading\" data-id=\"008e5b7\" data-element_type=\"widget\" data-e-type=\"widget\" data-widget_type=\"heading.default\">\n\t\t\t\t<div class=\"elementor-widget-container\">\n\t\t\t\t\t<h2 class=\"elementor-heading-title elementor-size-default\">\u00bfA qu\u00e9 regiones presta servicio Keltec?<\/h2>\t\t\t\t<\/div>\n\t\t\t\t<\/div>\n\t\t\t\t<div class=\"elementor-element elementor-element-0313f4e elementor-hidden-desktop elementor-hidden-tablet elementor-hidden-mobile elementor-widget elementor-widget-text-editor\" data-id=\"0313f4e\" data-element_type=\"widget\" data-e-type=\"widget\" data-widget_type=\"text-editor.default\">\n\t\t\t\t<div class=\"elementor-widget-container\">\n\t\t\t\t\t\t\t\t\t<p>Keltec Brasil atiende a toda Am\u00e9rica Latina.<\/p>\t\t\t\t\t\t\t\t<\/div>\n\t\t\t\t<\/div>\n\t\t\t\t<div class=\"elementor-element elementor-element-4c68d13 elementor-hidden-desktop elementor-hidden-tablet elementor-hidden-mobile elementor-widget elementor-widget-heading\" data-id=\"4c68d13\" data-element_type=\"widget\" data-e-type=\"widget\" data-widget_type=\"heading.default\">\n\t\t\t\t<div class=\"elementor-widget-container\">\n\t\t\t\t\t<h2 class=\"elementor-heading-title elementor-size-default\">\u00bfLos productos Keltec tienen garant\u00eda?<\/h2>\t\t\t\t<\/div>\n\t\t\t\t<\/div>\n\t\t\t\t<div class=\"elementor-element elementor-element-5324c85 elementor-hidden-desktop elementor-hidden-tablet elementor-hidden-mobile elementor-widget elementor-widget-text-editor\" data-id=\"5324c85\" data-element_type=\"widget\" data-e-type=\"widget\" data-widget_type=\"text-editor.default\">\n\t\t\t\t<div class=\"elementor-widget-container\">\n\t\t\t\t\t\t\t\t\t<p>Keltec garantiza sus productos por un periodo de 6 meses o 1.000 horas de funcionamiento, lo que venza primero, en casos de defectos de fabricaci\u00f3n. El per\u00edodo de garant\u00eda legal (primeros 90 d\u00edas), que comienza en la fecha de facturaci\u00f3n, pierde su validez en caso de instalaci\u00f3n o uso incorrecto del producto.<\/p>\t\t\t\t\t\t\t\t<\/div>\n\t\t\t\t<\/div>\n\t\t\t\t\t<\/div>\n\t\t<\/div>\n\t\t\t\t<div class=\"elementor-column elementor-col-50 elementor-top-column elementor-element elementor-element-75ec280\" data-id=\"75ec280\" data-element_type=\"column\" data-e-type=\"column\">\n\t\t\t<div class=\"elementor-widget-wrap elementor-element-populated\">\n\t\t\t\t\t\t<div class=\"elementor-element elementor-element-44acffa elementor-widget elementor-widget-sidebar\" data-id=\"44acffa\" data-element_type=\"widget\" data-e-type=\"widget\" data-widget_type=\"sidebar.default\">\n\t\t\t\t<div class=\"elementor-widget-container\">\n\t\t\t\t\t<div id=\"block-8\" class=\"single-sidebar-widget widget widget_block widget_media_image\">\n<figure class=\"wp-block-image size-full\"><a href=\"https:\/\/keltec.com.br\/es\/#busca\"><img fetchpriority=\"high\" decoding=\"async\" width=\"412\" height=\"712\" src=\"https:\/\/keltec.com.br\/wp-content\/uploads\/2024\/05\/image003.png\" alt=\"\" class=\"wp-image-30902\" srcset=\"https:\/\/keltec.com.br\/wp-content\/uploads\/2024\/05\/image003.png 412w, https:\/\/keltec.com.br\/wp-content\/uploads\/2024\/05\/image003-174x300.png 174w, https:\/\/keltec.com.br\/wp-content\/uploads\/2024\/05\/image003-7x12.png 7w\" sizes=\"(max-width: 412px) 100vw, 412px\" \/><\/a><\/figure>\n<\/div>\t\t\t\t<\/div>\n\t\t\t\t<\/div>\n\t\t\t\t\t<\/div>\n\t\t<\/div>\n\t\t\t\t\t<\/div>\n\t\t<\/section>\n\t\t\t\t<\/div>","protected":false},"excerpt":{"rendered":"<p>Quem pode comprar da Keltec? Nossa loja online \u00e9 direcionada especificamente para distribuidores. Como fa\u00e7o o cadastro de distribuidor? Envie um e-mail para vendas@keltec.ind.br com assunto: An\u00e1lise Cadastral. Junto do e-mail deve estar em anexo a ficha cadastral da empresa. Qual \u00e9 o prazo para an\u00e1lise cadastral? Um prazo de 48h ap\u00f3s o envio do [&hellip;]<\/p>","protected":false},"author":1,"featured_media":0,"parent":0,"menu_order":0,"comment_status":"closed","ping_status":"closed","template":"elementor_theme","meta":{"footnotes":""},"class_list":["post-2679","page","type-page","status-publish","hentry"],"acf":[],"_links":{"self":[{"href":"https:\/\/keltec.com.br\/es\/wp-json\/wp\/v2\/pages\/2679","targetHints":{"allow":["GET"]}}],"collection":[{"href":"https:\/\/keltec.com.br\/es\/wp-json\/wp\/v2\/pages"}],"about":[{"href":"https:\/\/keltec.com.br\/es\/wp-json\/wp\/v2\/types\/page"}],"author":[{"embeddable":true,"href":"https:\/\/keltec.com.br\/es\/wp-json\/wp\/v2\/users\/1"}],"replies":[{"embeddable":true,"href":"https:\/\/keltec.com.br\/es\/wp-json\/wp\/v2\/comments?post=2679"}],"version-history":[{"count":0,"href":"https:\/\/keltec.com.br\/es\/wp-json\/wp\/v2\/pages\/2679\/revisions"}],"wp:attachment":[{"href":"https:\/\/keltec.com.br\/es\/wp-json\/wp\/v2\/media?parent=2679"}],"curies":[{"name":"wp","href":"https:\/\/api.w.org\/{rel}","templated":true}]}}