{"id":29748,"date":"2023-10-19T12:41:42","date_gmt":"2023-10-19T15:41:42","guid":{"rendered":"https:\/\/keltec.com.br\/?page_id=29748"},"modified":"2023-10-19T12:42:45","modified_gmt":"2023-10-19T15:42:45","slug":"termos-de-uso","status":"publish","type":"page","link":"https:\/\/keltec.com.br\/es\/termos-de-uso\/","title":{"rendered":"Terminos de uso"},"content":{"rendered":"<div data-elementor-type=\"wp-page\" data-elementor-id=\"29748\" class=\"elementor elementor-29748\" data-elementor-post-type=\"page\">\n\t\t\t\t\t\t<section class=\"elementor-section elementor-top-section elementor-element elementor-element-852fc21 elementor-section-boxed elementor-section-height-default elementor-section-height-default\" data-id=\"852fc21\" data-element_type=\"section\" data-e-type=\"section\">\n\t\t\t\t\t\t<div class=\"elementor-container elementor-column-gap-default\">\n\t\t\t\t\t<div class=\"elementor-column elementor-col-100 elementor-top-column elementor-element elementor-element-2accc3bd\" data-id=\"2accc3bd\" data-element_type=\"column\" data-e-type=\"column\">\n\t\t\t<div class=\"elementor-widget-wrap elementor-element-populated\">\n\t\t\t\t\t\t<div class=\"elementor-element elementor-element-266f9d73 elementor-widget elementor-widget-text-editor\" data-id=\"266f9d73\" data-element_type=\"widget\" data-e-type=\"widget\" data-widget_type=\"text-editor.default\">\n\t\t\t\t<div class=\"elementor-widget-container\">\n\t\t\t\t\t\t\t\t\t\n<p>Bienvenido al sitio web de Keltec do Brasil (<a href=\"https:\/\/keltec.ind.br\/\">https:\/\/keltec.ind.br<\/a>). Al acceder y utilizar este sitio web, usted acepta cumplir y estar sujeto a estos T\u00e9rminos de uso. Si no est\u00e1 de acuerdo con estos t\u00e9rminos, no contin\u00fae usando este sitio web.<\/p>\n\n\n\n<p><strong>1. Uso del Sitio<\/strong><\/p>\n\n\n\n<p>1.1. Usted acepta utilizar este sitio web \u00fanicamente para fines legales y de acuerdo con todas las leyes y regulaciones aplicables.<\/p>\n\n\n\n<p>1.2. Acepta no realizar acciones que puedan da\u00f1ar el funcionamiento de este sitio web, incluida la introducci\u00f3n de virus, malware u otras amenazas cibern\u00e9ticas.<\/p>\n\n\n\n<p><strong>2. Contenido del sitio<\/strong><\/p>\n\n\n\n<p>2.1. Todo el contenido de este sitio web, incluidos textos, im\u00e1genes, gr\u00e1ficos, logotipos y otros materiales, es propiedad de Keltec do Brasil o sus licenciantes y est\u00e1 protegido por leyes de derechos de autor y otros derechos de propiedad intelectual.<\/p>\n\n\n\n<p>2.2. No est\u00e1 permitido reproducir, distribuir, transmitir, modificar, crear trabajos derivados ni utilizar ning\u00fan contenido de este sitio sin el permiso por escrito de Keltec do Brasil.<\/p>\n\n\n\n<p><strong>3. Enlaces a Terceros<\/strong><\/p>\n\n\n\n<p>Este sitio web puede contener enlaces a sitios web de terceros. Keltec do Brasil no es responsable por el contenido o las pr\u00e1cticas de privacidad de estos sitios. La inclusi\u00f3n de enlaces no implica respaldo o apoyo por parte de Keltec do Brasil.<\/p>\n\n\n\n<p><strong>4. Privacidad<\/strong><\/p>\n\n\n\n<p>La informaci\u00f3n personal que usted proporcione al utilizar este sitio web ser\u00e1 tratada de acuerdo con nuestra Pol\u00edtica de Privacidad. Consulte la Pol\u00edtica de privacidad para obtener m\u00e1s informaci\u00f3n sobre c\u00f3mo se recopila, utiliza y protege su informaci\u00f3n.<\/p>\n\n\n\n<p><strong>5. Cambios a los T\u00e9rminos de uso<\/strong><\/p>\n\n\n\n<p>Nos reservamos el derecho de actualizar o modificar estos T\u00e9rminos de uso en cualquier momento. Cualquier cambio se publicar\u00e1 en este sitio web con una fecha de \u201c\u00daltima actualizaci\u00f3n\u201d. Su uso continuado del sitio despu\u00e9s de la publicaci\u00f3n de dichos cambios constituir\u00e1 su aceptaci\u00f3n de los nuevos t\u00e9rminos.<\/p>\n\n\n\n<p><strong>6. Contacto<\/strong><\/p>\n\n\n\n<p>Si tiene alguna pregunta o inquietud sobre estos T\u00e9rminos de uso, cont\u00e1ctenos en:<\/p>\n\n\n\n<p><strong>Keltec de Brasil<br><\/strong>ventas@keltec.ind.br<br>(19) 3115-7900<\/p>\n\t\t\t\t\t\t\t\t<\/div>\n\t\t\t\t<\/div>\n\t\t\t\t\t<\/div>\n\t\t<\/div>\n\t\t\t\t\t<\/div>\n\t\t<\/section>\n\t\t\t\t<\/div>","protected":false},"excerpt":{"rendered":"<p>Bienvenido al sitio web de Keltec do Brasil (https:\/\/keltec.ind.br). Al acceder y utilizar este sitio web, usted acepta cumplir y estar sujeto a estos T\u00e9rminos de Uso. Si no los acepta, le rogamos que no contin\u00fae utilizando este sitio web. 1. Uso del sitio web 1.1. Usted acepta utilizar este sitio web \u00fanicamente para [\u2026]<\/p>","protected":false},"author":1,"featured_media":0,"parent":0,"menu_order":0,"comment_status":"closed","ping_status":"closed","template":"","meta":{"footnotes":""},"class_list":["post-29748","page","type-page","status-publish","hentry"],"acf":[],"_links":{"self":[{"href":"https:\/\/keltec.com.br\/es\/wp-json\/wp\/v2\/pages\/29748","targetHints":{"allow":["GET"]}}],"collection":[{"href":"https:\/\/keltec.com.br\/es\/wp-json\/wp\/v2\/pages"}],"about":[{"href":"https:\/\/keltec.com.br\/es\/wp-json\/wp\/v2\/types\/page"}],"author":[{"embeddable":true,"href":"https:\/\/keltec.com.br\/es\/wp-json\/wp\/v2\/users\/1"}],"replies":[{"embeddable":true,"href":"https:\/\/keltec.com.br\/es\/wp-json\/wp\/v2\/comments?post=29748"}],"version-history":[{"count":0,"href":"https:\/\/keltec.com.br\/es\/wp-json\/wp\/v2\/pages\/29748\/revisions"}],"wp:attachment":[{"href":"https:\/\/keltec.com.br\/es\/wp-json\/wp\/v2\/media?parent=29748"}],"curies":[{"name":"wp","href":"https:\/\/api.w.org\/{rel}","templated":true}]}}