{"id":30817,"date":"2024-05-01T15:13:50","date_gmt":"2024-05-01T18:13:50","guid":{"rendered":"https:\/\/keltec.com.br\/?page_id=30817"},"modified":"2024-05-01T15:15:39","modified_gmt":"2024-05-01T18:15:39","slug":"termo-de-garantia","status":"publish","type":"page","link":"https:\/\/keltec.com.br\/es\/termo-de-garantia\/","title":{"rendered":"Plazo de garant\u00eda"},"content":{"rendered":"<div data-elementor-type=\"wp-page\" data-elementor-id=\"30817\" class=\"elementor elementor-30817\" data-elementor-post-type=\"page\">\n\t\t\t\t\t\t<section class=\"elementor-section elementor-top-section elementor-element elementor-element-4e754455 elementor-section-boxed elementor-section-height-default elementor-section-height-default\" data-id=\"4e754455\" data-element_type=\"section\" data-e-type=\"section\">\n\t\t\t\t\t\t<div class=\"elementor-container elementor-column-gap-default\">\n\t\t\t\t\t<div class=\"elementor-column elementor-col-100 elementor-top-column elementor-element elementor-element-1b093e4\" data-id=\"1b093e4\" data-element_type=\"column\" data-e-type=\"column\">\n\t\t\t<div class=\"elementor-widget-wrap elementor-element-populated\">\n\t\t\t\t\t\t<div class=\"elementor-element elementor-element-30faafc8 elementor-widget elementor-widget-text-editor\" data-id=\"30faafc8\" data-element_type=\"widget\" data-e-type=\"widget\" data-widget_type=\"text-editor.default\">\n\t\t\t\t<div class=\"elementor-widget-container\">\n\t\t\t\t\t\t\t\t\t<p>Keltec Technolab garantiza sus productos por un periodo de 6 meses o 1.000 horas de funcionamiento, lo que venza primero, en casos de defectos de fabricaci\u00f3n. Tambi\u00e9n se incluye el per\u00edodo de garant\u00eda legal (primeros 90 d\u00edas), que comienza en la fecha de facturaci\u00f3n, siempre que los productos sean instalados y utilizados correctamente de acuerdo con las especificaciones contenidas en cat\u00e1logos, manuales o planos aprobados por el cliente cuando se desarrollen sobre un producto especial. base para determinada aplicaci\u00f3n.<\/p>\n<p><b>Alcance de la garant\u00eda<\/b><\/p>\n<p>La garant\u00eda aqu\u00ed especificada se aplica \u00fanicamente a la reparaci\u00f3n o reemplazo de productos con defectos de fabricaci\u00f3n suministrados por Keltec Technolab. La garant\u00eda de los productos Keltec Technolab no se extiende contra errores de dise\u00f1o o especificaciones realizadas por terceros.<\/p>\n<p>Esta garant\u00eda no es v\u00e1lida para cubrir costos relacionados con el desmontaje o reemplazo de productos que est\u00e9n soldados o fijados de cualquier forma a m\u00e1quinas, equipos o sistemas. Esta garant\u00eda no cubre da\u00f1os causados por agentes externos de cualquier naturaleza, incluyendo accidentes, fallas de energ\u00eda el\u00e9ctrica, uso no acorde a las especificaciones e instrucciones, mal uso, negligencia, modificaciones, reparaciones y errores de instalaci\u00f3n o prueba.<\/p>\n<p><b>Limitaci\u00f3n de garant\u00eda<\/b><\/p>\n<p>La responsabilidad de Keltec Technolab bajo esta garant\u00eda o bajo cualquier otra garant\u00eda expresa o impl\u00edcita se limita a la reparaci\u00f3n o reemplazo de productos como se mencion\u00f3 anteriormente.<\/p>\n<p>Este cat\u00e1logo de Keltec Technolab proporciona opciones de productos para aplicaciones realizadas por usuarios t\u00e9cnicamente capacitados. Los aspectos de aplicaci\u00f3n deben ser analizados y revisados para que sigan las pautas contenidas en este cat\u00e1logo.<\/p>\n<p>Debido a la variedad de condiciones operativas y aplicaciones de los productos contenidos en este cat\u00e1logo, el usuario, a trav\u00e9s de sus propios an\u00e1lisis y pruebas, es el \u00fanico responsable de realizar la selecci\u00f3n final de los productos y garantizar que se cumplan el rendimiento, la seguridad de la aplicaci\u00f3n y el cuidado.<\/p>\n<p>Todos los productos contenidos en este cat\u00e1logo, sus caracter\u00edsticas, especificaciones y prestaciones est\u00e1n sujetos a cambios, en cualquier momento, sin previo aviso, por parte de Keltec Technolab.<\/p>\n<p><b>Advertencia<\/b><\/p>\n<div>\n<p>LA SELECCI\u00d3N INADECUADA, EL FALLO O EL USO INADECUADO DE LOS PRODUCTOS DESCRITOS EN ESTE CAT\u00c1LOGO PUEDEN CAUSAR LA MUERTE, LESIONES PERSONALES Y\/O DA\u00d1OS A LA PROPIEDAD.<\/p>\n<\/div>\t\t\t\t\t\t\t\t<\/div>\n\t\t\t\t<\/div>\n\t\t\t\t\t<\/div>\n\t\t<\/div>\n\t\t\t\t\t<\/div>\n\t\t<\/section>\n\t\t\t\t<\/div>","protected":false},"excerpt":{"rendered":"<p>A Keltec Technolab garante os seus produtos pelo prazo de 6 meses ou 1.000 horas de opera\u00e7\u00e3o, o que vencer primeiro, para casos de\u00a0defeito de fabrica\u00e7\u00e3o. Tamb\u00e9m est\u00e1 inclu\u00eddo o prazo da garantia legal (primeiros 90 dias), que se inicia na data de faturamento, desde\u00a0que os produtos sejam instalados e utilizados corretamente conforme as especifica\u00e7\u00f5es [&hellip;]<\/p>","protected":false},"author":1,"featured_media":0,"parent":0,"menu_order":0,"comment_status":"closed","ping_status":"closed","template":"","meta":{"footnotes":""},"class_list":["post-30817","page","type-page","status-publish","hentry"],"acf":[],"_links":{"self":[{"href":"https:\/\/keltec.com.br\/es\/wp-json\/wp\/v2\/pages\/30817","targetHints":{"allow":["GET"]}}],"collection":[{"href":"https:\/\/keltec.com.br\/es\/wp-json\/wp\/v2\/pages"}],"about":[{"href":"https:\/\/keltec.com.br\/es\/wp-json\/wp\/v2\/types\/page"}],"author":[{"embeddable":true,"href":"https:\/\/keltec.com.br\/es\/wp-json\/wp\/v2\/users\/1"}],"replies":[{"embeddable":true,"href":"https:\/\/keltec.com.br\/es\/wp-json\/wp\/v2\/comments?post=30817"}],"version-history":[{"count":0,"href":"https:\/\/keltec.com.br\/es\/wp-json\/wp\/v2\/pages\/30817\/revisions"}],"wp:attachment":[{"href":"https:\/\/keltec.com.br\/es\/wp-json\/wp\/v2\/media?parent=30817"}],"curies":[{"name":"wp","href":"https:\/\/api.w.org\/{rel}","templated":true}]}}