{"id":35209,"date":"2025-01-15T15:44:00","date_gmt":"2025-01-15T18:44:00","guid":{"rendered":"https:\/\/keltec.com.br\/?post_type=product&#038;p=35209"},"modified":"2026-03-13T09:52:55","modified_gmt":"2026-03-13T12:52:55","slug":"kx800-025","status":"publish","type":"product","link":"https:\/\/keltec.com.br\/es\/producto\/kx800-025\/","title":{"rendered":"KX800-025"},"content":{"rendered":"","protected":false},"excerpt":{"rendered":"<p>Kit Reparo da V\u00e1lvula Press\u00e3o M\u00ednima<\/p>","protected":false},"featured_media":35210,"template":"","meta":[],"product_brand":[],"product_cat":[2699],"product_tag":[],"marca":[20423,20424],"class_list":{"0":"post-35209","1":"product","2":"type-product","3":"status-publish","4":"has-post-thumbnail","6":"product_cat-kits","7":"marca-cpe150-bqd-bqd120107","8":"marca-cpvs150-bqd-bqd120107","10":"first","11":"instock","12":"shipping-taxable","13":"product-type-simple"},"acf":[],"_links":{"self":[{"href":"https:\/\/keltec.com.br\/es\/wp-json\/wp\/v2\/product\/35209","targetHints":{"allow":["GET"]}}],"collection":[{"href":"https:\/\/keltec.com.br\/es\/wp-json\/wp\/v2\/product"}],"about":[{"href":"https:\/\/keltec.com.br\/es\/wp-json\/wp\/v2\/types\/product"}],"wp:featuredmedia":[{"embeddable":true,"href":"https:\/\/keltec.com.br\/es\/wp-json\/wp\/v2\/media\/35210"}],"wp:attachment":[{"href":"https:\/\/keltec.com.br\/es\/wp-json\/wp\/v2\/media?parent=35209"}],"wp:term":[{"taxonomy":"product_brand","embeddable":true,"href":"https:\/\/keltec.com.br\/es\/wp-json\/wp\/v2\/product_brand?post=35209"},{"taxonomy":"product_cat","embeddable":true,"href":"https:\/\/keltec.com.br\/es\/wp-json\/wp\/v2\/product_cat?post=35209"},{"taxonomy":"product_tag","embeddable":true,"href":"https:\/\/keltec.com.br\/es\/wp-json\/wp\/v2\/product_tag?post=35209"},{"taxonomy":"marca","embeddable":true,"href":"https:\/\/keltec.com.br\/es\/wp-json\/wp\/v2\/marca?post=35209"}],"curies":[{"name":"wp","href":"https:\/\/api.w.org\/{rel}","templated":true}]}}