{"id":2884,"date":"2023-03-21T15:40:52","date_gmt":"2023-03-21T18:40:52","guid":{"rendered":"https:\/\/keltec.com.br\/?page_id=2884"},"modified":"2026-03-03T11:19:54","modified_gmt":"2026-03-03T14:19:54","slug":"dessecantes-para-secadores-por-adsorcao","status":"publish","type":"page","link":"https:\/\/keltec.com.br\/fr\/dessecantes-para-secadores-por-adsorcao\/","title":{"rendered":"D\u00e9shydratants pour s\u00e9cheurs par adsorption"},"content":{"rendered":"<div data-elementor-type=\"wp-page\" data-elementor-id=\"2884\" class=\"elementor elementor-2884\" data-elementor-post-type=\"page\">\n\t\t\t\t\t\t<section class=\"elementor-section elementor-top-section elementor-element elementor-element-cd1ec18 elementor-section-boxed elementor-section-height-default elementor-section-height-default\" data-id=\"cd1ec18\" data-element_type=\"section\" data-e-type=\"section\">\n\t\t\t\t\t\t<div class=\"elementor-container elementor-column-gap-default\">\n\t\t\t\t\t<div class=\"elementor-column elementor-col-100 elementor-top-column elementor-element elementor-element-e53ef90\" data-id=\"e53ef90\" data-element_type=\"column\" data-e-type=\"column\">\n\t\t\t<div class=\"elementor-widget-wrap elementor-element-populated\">\n\t\t\t\t\t\t<section class=\"elementor-section elementor-inner-section elementor-element elementor-element-909f727 elementor-section-full_width elementor-section-height-default elementor-section-height-default\" data-id=\"909f727\" data-element_type=\"section\" data-e-type=\"section\">\n\t\t\t\t\t\t<div class=\"elementor-container elementor-column-gap-default\">\n\t\t\t\t\t<div class=\"elementor-column elementor-col-50 elementor-inner-column elementor-element elementor-element-d1cfafd\" data-id=\"d1cfafd\" data-element_type=\"column\" data-e-type=\"column\">\n\t\t\t<div class=\"elementor-widget-wrap elementor-element-populated\">\n\t\t\t\t\t\t<div class=\"elementor-element elementor-element-66c8c2d elementor-widget elementor-widget-image\" data-id=\"66c8c2d\" data-element_type=\"widget\" data-e-type=\"widget\" data-widget_type=\"image.default\">\n\t\t\t\t<div class=\"elementor-widget-container\">\n\t\t\t\t\t\t\t\t\t\t\t\t\t\t\t<img fetchpriority=\"high\" decoding=\"async\" width=\"1024\" height=\"554\" src=\"https:\/\/keltec.com.br\/wp-content\/uploads\/2023\/03\/Dissicant-1024x554.jpg\" class=\"attachment-large size-large wp-image-2917\" alt=\"\" srcset=\"https:\/\/keltec.com.br\/wp-content\/uploads\/2023\/03\/Dissicant-1024x554.jpg 1024w, https:\/\/keltec.com.br\/wp-content\/uploads\/2023\/03\/Dissicant-300x162.jpg 300w, https:\/\/keltec.com.br\/wp-content\/uploads\/2023\/03\/Dissicant-768x415.jpg 768w, https:\/\/keltec.com.br\/wp-content\/uploads\/2023\/03\/Dissicant-1536x831.jpg 1536w, https:\/\/keltec.com.br\/wp-content\/uploads\/2023\/03\/Dissicant-600x325.jpg 600w, https:\/\/keltec.com.br\/wp-content\/uploads\/2023\/03\/Dissicant.jpg 1749w\" sizes=\"(max-width: 1024px) 100vw, 1024px\" \/>\t\t\t\t\t\t\t\t\t\t\t\t\t\t\t<\/div>\n\t\t\t\t<\/div>\n\t\t\t\t\t<\/div>\n\t\t<\/div>\n\t\t\t\t<div class=\"elementor-column elementor-col-50 elementor-inner-column elementor-element elementor-element-4d2c7f2\" data-id=\"4d2c7f2\" data-element_type=\"column\" data-e-type=\"column\">\n\t\t\t<div class=\"elementor-widget-wrap elementor-element-populated\">\n\t\t\t\t\t\t<div class=\"elementor-element elementor-element-0d41347 elementor-widget elementor-widget-text-editor\" data-id=\"0d41347\" data-element_type=\"widget\" data-e-type=\"widget\" data-widget_type=\"text-editor.default\">\n\t\t\t\t<div class=\"elementor-widget-container\">\n\t\t\t\t\t\t\t\t\t<p>A KELTEC TECHNOLAB oferece dessecante de alumina ativada de alta qualidade para a absor\u00e7\u00e3o de vapor de \u00e1gua e outros gases do ar comprimido.<\/p><p>Le d\u00e9shydratant \u00e0 l&#039;alumine activ\u00e9e KELTEC TECHNOLAB est tr\u00e8s poreux avec une grande surface qui ne perd pas de r\u00e9sistance ni ne se rompt lorsqu&#039;il est soumis \u00e0 des concentrations de liquide \u00e9lev\u00e9es.<\/p><p>Une r\u00e9sistance \u00e9lev\u00e9e \u00e0 l&#039;\u00e9crasement et des sacs de transport durables et robustes facilitent le transport.<\/p>\t\t\t\t\t\t\t\t<\/div>\n\t\t\t\t<\/div>\n\t\t\t\t<div class=\"elementor-element elementor-element-9fd4f93 elementor-widget elementor-widget-button\" data-id=\"9fd4f93\" data-element_type=\"widget\" data-e-type=\"widget\" data-widget_type=\"button.default\">\n\t\t\t\t<div class=\"elementor-widget-container\">\n\t\t\t\t\t\t\t\t\t<div class=\"elementor-button-wrapper\">\n\t\t\t\t\t<a class=\"elementor-button elementor-button-link elementor-size-sm\" href=\"https:\/\/keltec.com.br\/wp-content\/uploads\/2023\/10\/ALUMINA-ATIVADA.pdf\" target=\"_blank\">\n\t\t\t\t\t\t<span class=\"elementor-button-content-wrapper\">\n\t\t\t\t\t\t\t\t\t<span class=\"elementor-button-text\">t\u00e9l\u00e9charger le catalogue<\/span>\n\t\t\t\t\t<\/span>\n\t\t\t\t\t<\/a>\n\t\t\t\t<\/div>\n\t\t\t\t\t\t\t\t<\/div>\n\t\t\t\t<\/div>\n\t\t\t\t\t<\/div>\n\t\t<\/div>\n\t\t\t\t\t<\/div>\n\t\t<\/section>\n\t\t\t\t\t<\/div>\n\t\t<\/div>\n\t\t\t\t\t<\/div>\n\t\t<\/section>\n\t\t\t\t<section class=\"elementor-section elementor-top-section elementor-element elementor-element-3518de2 elementor-section-boxed elementor-section-height-default elementor-section-height-default\" data-id=\"3518de2\" data-element_type=\"section\" data-e-type=\"section\" data-settings=\"{&quot;background_background&quot;:&quot;classic&quot;}\">\n\t\t\t\t\t\t<div class=\"elementor-container elementor-column-gap-default\">\n\t\t\t\t\t<div class=\"elementor-column elementor-col-100 elementor-top-column elementor-element elementor-element-c530bfa\" data-id=\"c530bfa\" data-element_type=\"column\" data-e-type=\"column\">\n\t\t\t<div class=\"elementor-widget-wrap elementor-element-populated\">\n\t\t\t\t\t\t<div class=\"elementor-element elementor-element-841af6e elementor-widget elementor-widget-spacer\" data-id=\"841af6e\" data-element_type=\"widget\" data-e-type=\"widget\" data-widget_type=\"spacer.default\">\n\t\t\t\t<div class=\"elementor-widget-container\">\n\t\t\t\t\t\t\t<div class=\"elementor-spacer\">\n\t\t\t<div class=\"elementor-spacer-inner\"><\/div>\n\t\t<\/div>\n\t\t\t\t\t\t<\/div>\n\t\t\t\t<\/div>\n\t\t\t\t<div class=\"elementor-element elementor-element-486d8c1 elementor-product-loop-item--align-left elementor-grid-4 elementor-grid-tablet-3 elementor-grid-mobile-2 elementor-products-grid elementor-wc-products elementor-show-pagination-border-yes elementor-widget elementor-widget-woocommerce-products\" data-id=\"486d8c1\" data-element_type=\"widget\" data-e-type=\"widget\" data-widget_type=\"woocommerce-products.default\">\n\t\t\t\t<div class=\"elementor-widget-container\">\n\t\t\t\t\t<div class=\"woocommerce columns-4\"><div class=\"woocommerce-notices-wrapper\"><\/div><ul class=\"products elementor-grid columns-4\">\n<li class=\"product type-product post-9110 status-publish first instock product_cat-dessecantes-para-secadores-por-adsorcao product-type-simple\">\n\t<a href=\"https:\/\/keltec.com.br\/fr\/produit\/kaad12-50-2\/\" class=\"woocommerce-LoopProduct-link woocommerce-loop-product__link\"><img decoding=\"async\" width=\"300\" height=\"300\" src=\"https:\/\/keltec.com.br\/wp-content\/uploads\/2023\/10\/Sem-Titulo-1-300x300.png\" class=\"woocommerce-placeholder wp-post-image\" alt=\"Etiquette\" srcset=\"https:\/\/keltec.com.br\/wp-content\/uploads\/2023\/10\/Sem-Titulo-1-300x300.png 300w, https:\/\/keltec.com.br\/wp-content\/uploads\/2023\/10\/Sem-Titulo-1-150x150.png 150w, https:\/\/keltec.com.br\/wp-content\/uploads\/2023\/10\/Sem-Titulo-1-12x12.png 12w, https:\/\/keltec.com.br\/wp-content\/uploads\/2023\/10\/Sem-Titulo-1-100x100.png 100w, https:\/\/keltec.com.br\/wp-content\/uploads\/2023\/10\/Sem-Titulo-1.png 600w\" sizes=\"(max-width: 300px) 100vw, 300px\" data-no-translation-alt=\"\" \/><h2 class=\"woocommerce-loop-product__title\">KAAD12-50<\/h2>\n\t<span class=\"price\"><span class=\"woocommerce-Price-amount amount\"><bdi><span class=\"woocommerce-Price-currencySymbol\">R$<\/span>0,00<\/bdi><\/span><\/span>\n<\/a><a href=\"https:\/\/keltec.com.br\/fr\/produit\/kaad12-50-2\/\" aria-describedby=\"woocommerce_loop_add_to_cart_link_describedby_9110\" data-quantity=\"1\" class=\"button product_type_simple\" data-product_id=\"9110\" data-product_sku=\"KAAD12-50\" aria-label=\"En savoir plus sur \u201cKAAD12-50\u201d\" rel=\"nofollow\" data-success_message=\"\" data-no-translation=\"\" data-trp-gettext=\"\" data-no-translation-aria-label=\"\">Lire la suite<\/a>\t<span id=\"woocommerce_loop_add_to_cart_link_describedby_9110\" class=\"screen-reader-text\">\n\t\t\t<\/span>\n<\/li>\n<li class=\"product type-product post-9111 status-publish instock product_cat-dessecantes-para-secadores-por-adsorcao product-type-simple\">\n\t<a href=\"https:\/\/keltec.com.br\/fr\/produit\/kaad19-50-2\/\" class=\"woocommerce-LoopProduct-link woocommerce-loop-product__link\"><img decoding=\"async\" width=\"300\" height=\"300\" src=\"https:\/\/keltec.com.br\/wp-content\/uploads\/2023\/10\/Sem-Titulo-1-300x300.png\" class=\"woocommerce-placeholder wp-post-image\" alt=\"Etiquette\" srcset=\"https:\/\/keltec.com.br\/wp-content\/uploads\/2023\/10\/Sem-Titulo-1-300x300.png 300w, https:\/\/keltec.com.br\/wp-content\/uploads\/2023\/10\/Sem-Titulo-1-150x150.png 150w, https:\/\/keltec.com.br\/wp-content\/uploads\/2023\/10\/Sem-Titulo-1-12x12.png 12w, https:\/\/keltec.com.br\/wp-content\/uploads\/2023\/10\/Sem-Titulo-1-100x100.png 100w, https:\/\/keltec.com.br\/wp-content\/uploads\/2023\/10\/Sem-Titulo-1.png 600w\" sizes=\"(max-width: 300px) 100vw, 300px\" data-no-translation-alt=\"\" \/><h2 class=\"woocommerce-loop-product__title\">KAAD19-50<\/h2>\n\t<span class=\"price\"><span class=\"woocommerce-Price-amount amount\"><bdi><span class=\"woocommerce-Price-currencySymbol\">R$<\/span>0,00<\/bdi><\/span><\/span>\n<\/a><a href=\"https:\/\/keltec.com.br\/fr\/produit\/kaad19-50-2\/\" aria-describedby=\"woocommerce_loop_add_to_cart_link_describedby_9111\" data-quantity=\"1\" class=\"button product_type_simple\" data-product_id=\"9111\" data-product_sku=\"KAAD19-50\" aria-label=\"En savoir plus sur \u201cKAAD19-50\u201d\" rel=\"nofollow\" data-success_message=\"\" data-no-translation=\"\" data-trp-gettext=\"\" data-no-translation-aria-label=\"\">Lire la suite<\/a>\t<span id=\"woocommerce_loop_add_to_cart_link_describedby_9111\" class=\"screen-reader-text\">\n\t\t\t<\/span>\n<\/li>\n<li class=\"product type-product post-9112 status-publish instock product_cat-dessecantes-para-secadores-por-adsorcao product-type-simple\">\n\t<a href=\"https:\/\/keltec.com.br\/fr\/produit\/kaad25-50-2\/\" class=\"woocommerce-LoopProduct-link woocommerce-loop-product__link\"><img decoding=\"async\" width=\"300\" height=\"300\" src=\"https:\/\/keltec.com.br\/wp-content\/uploads\/2023\/10\/Sem-Titulo-1-300x300.png\" class=\"woocommerce-placeholder wp-post-image\" alt=\"Etiquette\" srcset=\"https:\/\/keltec.com.br\/wp-content\/uploads\/2023\/10\/Sem-Titulo-1-300x300.png 300w, https:\/\/keltec.com.br\/wp-content\/uploads\/2023\/10\/Sem-Titulo-1-150x150.png 150w, https:\/\/keltec.com.br\/wp-content\/uploads\/2023\/10\/Sem-Titulo-1-12x12.png 12w, https:\/\/keltec.com.br\/wp-content\/uploads\/2023\/10\/Sem-Titulo-1-100x100.png 100w, https:\/\/keltec.com.br\/wp-content\/uploads\/2023\/10\/Sem-Titulo-1.png 600w\" sizes=\"(max-width: 300px) 100vw, 300px\" data-no-translation-alt=\"\" \/><h2 class=\"woocommerce-loop-product__title\">KAAD25-50<\/h2>\n\t<span class=\"price\"><span class=\"woocommerce-Price-amount amount\"><bdi><span class=\"woocommerce-Price-currencySymbol\">R$<\/span>0,00<\/bdi><\/span><\/span>\n<\/a><a href=\"https:\/\/keltec.com.br\/fr\/produit\/kaad25-50-2\/\" aria-describedby=\"woocommerce_loop_add_to_cart_link_describedby_9112\" data-quantity=\"1\" class=\"button product_type_simple\" data-product_id=\"9112\" data-product_sku=\"KAAD25-50\" aria-label=\"En savoir plus sur \u201cKAAD25-50\u201d\" rel=\"nofollow\" data-success_message=\"\" data-no-translation=\"\" data-trp-gettext=\"\" data-no-translation-aria-label=\"\">Lire la suite<\/a>\t<span id=\"woocommerce_loop_add_to_cart_link_describedby_9112\" class=\"screen-reader-text\">\n\t\t\t<\/span>\n<\/li>\n<\/ul>\n<\/div>\t\t\t\t<\/div>\n\t\t\t\t<\/div>\n\t\t\t\t\t<\/div>\n\t\t<\/div>\n\t\t\t\t\t<\/div>\n\t\t<\/section>\n\t\t\t\t<section class=\"elementor-section elementor-top-section elementor-element elementor-element-fbb9561 elementor-section-boxed elementor-section-height-default elementor-section-height-default\" data-id=\"fbb9561\" data-element_type=\"section\" data-e-type=\"section\" data-settings=\"{&quot;background_background&quot;:&quot;classic&quot;}\">\n\t\t\t\t\t\t<div class=\"elementor-container elementor-column-gap-default\">\n\t\t\t\t\t<div class=\"elementor-column elementor-col-100 elementor-top-column elementor-element elementor-element-39e5bec\" data-id=\"39e5bec\" data-element_type=\"column\" data-e-type=\"column\">\n\t\t\t<div class=\"elementor-widget-wrap elementor-element-populated\">\n\t\t\t\t\t\t<div class=\"elementor-element elementor-element-079b37d elementor-widget elementor-widget-spacer\" data-id=\"079b37d\" data-element_type=\"widget\" data-e-type=\"widget\" data-widget_type=\"spacer.default\">\n\t\t\t\t<div class=\"elementor-widget-container\">\n\t\t\t\t\t\t\t<div class=\"elementor-spacer\">\n\t\t\t<div class=\"elementor-spacer-inner\"><\/div>\n\t\t<\/div>\n\t\t\t\t\t\t<\/div>\n\t\t\t\t<\/div>\n\t\t\t\t\t<\/div>\n\t\t<\/div>\n\t\t\t\t\t<\/div>\n\t\t<\/section>\n\t\t\t\t<section class=\"elementor-section elementor-top-section elementor-element elementor-element-4477493 elementor-section-boxed elementor-section-height-default elementor-section-height-default\" data-id=\"4477493\" data-element_type=\"section\" data-e-type=\"section\">\n\t\t\t\t\t\t<div class=\"elementor-container elementor-column-gap-default\">\n\t\t\t\t\t<div class=\"elementor-column elementor-col-100 elementor-top-column elementor-element elementor-element-a555c9f\" data-id=\"a555c9f\" data-element_type=\"column\" data-e-type=\"column\">\n\t\t\t<div class=\"elementor-widget-wrap elementor-element-populated\">\n\t\t\t\t\t\t<section class=\"elementor-section elementor-inner-section elementor-element elementor-element-f53d80f elementor-section-full_width elementor-section-content-middle elementor-section-height-default elementor-section-height-default\" data-id=\"f53d80f\" data-element_type=\"section\" data-e-type=\"section\" data-settings=\"{&quot;background_background&quot;:&quot;classic&quot;}\">\n\t\t\t\t\t\t<div class=\"elementor-container elementor-column-gap-default\">\n\t\t\t\t\t<div class=\"elementor-column elementor-col-25 elementor-inner-column elementor-element elementor-element-fc06a43\" data-id=\"fc06a43\" data-element_type=\"column\" data-e-type=\"column\">\n\t\t\t<div class=\"elementor-widget-wrap elementor-element-populated\">\n\t\t\t\t\t\t<div class=\"elementor-element elementor-element-9b0e8eb elementor-widget elementor-widget-heading\" data-id=\"9b0e8eb\" data-element_type=\"widget\" data-e-type=\"widget\" data-widget_type=\"heading.default\">\n\t\t\t\t<div class=\"elementor-widget-container\">\n\t\t\t\t\t<h3 class=\"elementor-heading-title elementor-size-default\">Faites votre budget<\/h3>\t\t\t\t<\/div>\n\t\t\t\t<\/div>\n\t\t\t\t<div class=\"elementor-element elementor-element-072306b elementor-widget elementor-widget-heading\" data-id=\"072306b\" data-element_type=\"widget\" data-e-type=\"widget\" data-widget_type=\"heading.default\">\n\t\t\t\t<div class=\"elementor-widget-container\">\n\t\t\t\t\t<p class=\"elementor-heading-title elementor-size-default\">Contactez le distributeur Keltec Technolab le plus proche de chez vous.\n\n<\/p>\t\t\t\t<\/div>\n\t\t\t\t<\/div>\n\t\t\t\t\t<\/div>\n\t\t<\/div>\n\t\t\t\t<div class=\"elementor-column elementor-col-25 elementor-inner-column elementor-element elementor-element-7a8f6ba\" data-id=\"7a8f6ba\" data-element_type=\"column\" data-e-type=\"column\">\n\t\t\t<div class=\"elementor-widget-wrap elementor-element-populated\">\n\t\t\t\t\t\t<div class=\"elementor-element elementor-element-5e92f77 elementor-widget elementor-widget-heading\" data-id=\"5e92f77\" data-element_type=\"widget\" data-e-type=\"widget\" data-widget_type=\"heading.default\">\n\t\t\t\t<div class=\"elementor-widget-container\">\n\t\t\t\t\t<p class=\"elementor-heading-title elementor-size-default\">Prendre contact par t\u00e9l\u00e9phone <\/p>\t\t\t\t<\/div>\n\t\t\t\t<\/div>\n\t\t\t\t<div class=\"elementor-element elementor-element-dbd26ff elementor-widget elementor-widget-heading\" data-id=\"dbd26ff\" data-element_type=\"widget\" data-e-type=\"widget\" data-widget_type=\"heading.default\">\n\t\t\t\t<div class=\"elementor-widget-container\">\n\t\t\t\t\t<h3 class=\"elementor-heading-title elementor-size-default\">(19) 3115-7900<\/h3>\t\t\t\t<\/div>\n\t\t\t\t<\/div>\n\t\t\t\t\t<\/div>\n\t\t<\/div>\n\t\t\t\t<div class=\"elementor-column elementor-col-25 elementor-inner-column elementor-element elementor-element-57fadfe\" data-id=\"57fadfe\" data-element_type=\"column\" data-e-type=\"column\">\n\t\t\t<div class=\"elementor-widget-wrap elementor-element-populated\">\n\t\t\t\t\t\t<div class=\"elementor-element elementor-element-06843f0 elementor-widget elementor-widget-heading\" data-id=\"06843f0\" data-element_type=\"widget\" data-e-type=\"widget\" data-widget_type=\"heading.default\">\n\t\t\t\t<div class=\"elementor-widget-container\">\n\t\t\t\t\t<p class=\"elementor-heading-title elementor-size-default\">Ou par email<\/p>\t\t\t\t<\/div>\n\t\t\t\t<\/div>\n\t\t\t\t<div class=\"elementor-element elementor-element-30335cc elementor-widget elementor-widget-heading\" data-id=\"30335cc\" data-element_type=\"widget\" data-e-type=\"widget\" data-widget_type=\"heading.default\">\n\t\t\t\t<div class=\"elementor-widget-container\">\n\t\t\t\t\t<h3 class=\"elementor-heading-title elementor-size-default\">sales@keltec.ind.br<\/h3>\t\t\t\t<\/div>\n\t\t\t\t<\/div>\n\t\t\t\t\t<\/div>\n\t\t<\/div>\n\t\t\t\t<div class=\"elementor-column elementor-col-25 elementor-inner-column elementor-element elementor-element-0ca34f7\" data-id=\"0ca34f7\" data-element_type=\"column\" data-e-type=\"column\">\n\t\t\t<div class=\"elementor-widget-wrap elementor-element-populated\">\n\t\t\t\t\t\t<div class=\"elementor-element elementor-element-9370227 elementor-widget elementor-widget-heading\" data-id=\"9370227\" data-element_type=\"widget\" data-e-type=\"widget\" data-widget_type=\"heading.default\">\n\t\t\t\t<div class=\"elementor-widget-container\">\n\t\t\t\t\t<p class=\"elementor-heading-title elementor-size-default\">N&#039;oubliez pas que notre canal de service est exclusif aux distributeurs Keltec agr\u00e9\u00e9s.\n\n<\/p>\t\t\t\t<\/div>\n\t\t\t\t<\/div>\n\t\t\t\t\t<\/div>\n\t\t<\/div>\n\t\t\t\t\t<\/div>\n\t\t<\/section>\n\t\t\t\t\t<\/div>\n\t\t<\/div>\n\t\t\t\t\t<\/div>\n\t\t<\/section>\n\t\t\t\t<section class=\"elementor-section elementor-top-section elementor-element elementor-element-f27cf45 elementor-section-content-middle elementor-section-boxed elementor-section-height-default elementor-section-height-default\" data-id=\"f27cf45\" data-element_type=\"section\" data-e-type=\"section\">\n\t\t\t\t\t\t<div class=\"elementor-container elementor-column-gap-default\">\n\t\t\t\t\t<div class=\"elementor-column elementor-col-33 elementor-top-column elementor-element elementor-element-5830a49\" data-id=\"5830a49\" data-element_type=\"column\" data-e-type=\"column\">\n\t\t\t<div class=\"elementor-widget-wrap\">\n\t\t\t\t\t\t\t<\/div>\n\t\t<\/div>\n\t\t\t\t<div class=\"elementor-column elementor-col-33 elementor-top-column elementor-element elementor-element-486d7e3\" data-id=\"486d7e3\" data-element_type=\"column\" data-e-type=\"column\">\n\t\t\t<div class=\"elementor-widget-wrap elementor-element-populated\">\n\t\t\t\t\t\t<div class=\"elementor-element elementor-element-ef835fb elementor-widget elementor-widget-image\" data-id=\"ef835fb\" data-element_type=\"widget\" data-e-type=\"widget\" data-widget_type=\"image.default\">\n\t\t\t\t<div class=\"elementor-widget-container\">\n\t\t\t\t\t\t\t\t\t\t\t\t\t\t\t<img decoding=\"async\" width=\"1024\" height=\"742\" src=\"https:\/\/keltec.com.br\/wp-content\/uploads\/2023\/03\/Selo-Keltec-03-1024x742.png\" class=\"attachment-large size-large wp-image-2588\" alt=\"\" srcset=\"https:\/\/keltec.com.br\/wp-content\/uploads\/2023\/03\/Selo-Keltec-03-1024x742.png 1024w, https:\/\/keltec.com.br\/wp-content\/uploads\/2023\/03\/Selo-Keltec-03-300x217.png 300w, https:\/\/keltec.com.br\/wp-content\/uploads\/2023\/03\/Selo-Keltec-03-768x557.png 768w, https:\/\/keltec.com.br\/wp-content\/uploads\/2023\/03\/Selo-Keltec-03-1536x1114.png 1536w, https:\/\/keltec.com.br\/wp-content\/uploads\/2023\/03\/Selo-Keltec-03-2048x1485.png 2048w, https:\/\/keltec.com.br\/wp-content\/uploads\/2023\/03\/Selo-Keltec-03-600x435.png 600w\" sizes=\"(max-width: 1024px) 100vw, 1024px\" \/>\t\t\t\t\t\t\t\t\t\t\t\t\t\t\t<\/div>\n\t\t\t\t<\/div>\n\t\t\t\t\t<\/div>\n\t\t<\/div>\n\t\t\t\t<div class=\"elementor-column elementor-col-33 elementor-top-column elementor-element elementor-element-0ce0a70\" data-id=\"0ce0a70\" data-element_type=\"column\" data-e-type=\"column\">\n\t\t\t<div class=\"elementor-widget-wrap elementor-element-populated\">\n\t\t\t\t\t\t<div class=\"elementor-element elementor-element-2e93393 elementor-widget elementor-widget-text-editor\" data-id=\"2e93393\" data-element_type=\"widget\" data-e-type=\"widget\" data-widget_type=\"text-editor.default\">\n\t\t\t\t<div class=\"elementor-widget-container\">\n\t\t\t\t\t\t\t\t\t<p>Comme tous nos produits, les filtres \u00e0 huile KELTEC Technolab sont fabriqu\u00e9s avec des mat\u00e9riaux et une fabrication de la plus haute qualit\u00e9.<\/p>\t\t\t\t\t\t\t\t<\/div>\n\t\t\t\t<\/div>\n\t\t\t\t\t<\/div>\n\t\t<\/div>\n\t\t\t\t\t<\/div>\n\t\t<\/section>\n\t\t\t\t<\/div>","protected":false},"excerpt":{"rendered":"<p>A KELTEC TECHNOLAB oferece dessecante de alumina ativada de alta qualidade para a absor\u00e7\u00e3o de vapor de \u00e1gua e outros gases do ar comprimido. O dessecante de alumina ativada KELTEC TECHNOLAB \u00e9 altamente poroso com uma grande \u00e1rea superficial que n\u00e3o perde a resist\u00eancia nem se rompe quando submetida a concentra\u00e7\u00f5es elevadas de l\u00edquido. A [&hellip;]<\/p>","protected":false},"author":1,"featured_media":0,"parent":0,"menu_order":0,"comment_status":"closed","ping_status":"closed","template":"elementor_header_footer","meta":{"footnotes":""},"class_list":["post-2884","page","type-page","status-publish","hentry"],"acf":[],"_links":{"self":[{"href":"https:\/\/keltec.com.br\/fr\/wp-json\/wp\/v2\/pages\/2884","targetHints":{"allow":["GET"]}}],"collection":[{"href":"https:\/\/keltec.com.br\/fr\/wp-json\/wp\/v2\/pages"}],"about":[{"href":"https:\/\/keltec.com.br\/fr\/wp-json\/wp\/v2\/types\/page"}],"author":[{"embeddable":true,"href":"https:\/\/keltec.com.br\/fr\/wp-json\/wp\/v2\/users\/1"}],"replies":[{"embeddable":true,"href":"https:\/\/keltec.com.br\/fr\/wp-json\/wp\/v2\/comments?post=2884"}],"version-history":[{"count":3,"href":"https:\/\/keltec.com.br\/fr\/wp-json\/wp\/v2\/pages\/2884\/revisions"}],"predecessor-version":[{"id":42959,"href":"https:\/\/keltec.com.br\/fr\/wp-json\/wp\/v2\/pages\/2884\/revisions\/42959"}],"wp:attachment":[{"href":"https:\/\/keltec.com.br\/fr\/wp-json\/wp\/v2\/media?parent=2884"}],"curies":[{"name":"wp","href":"https:\/\/api.w.org\/{rel}","templated":true}]}}