{"id":29743,"date":"2023-10-19T12:30:13","date_gmt":"2023-10-19T15:30:13","guid":{"rendered":"https:\/\/keltec.com.br\/?page_id=29743"},"modified":"2023-10-19T12:43:42","modified_gmt":"2023-10-19T15:43:42","slug":"politica-de-privacidade","status":"publish","type":"page","link":"https:\/\/keltec.com.br\/fr\/politica-de-privacidade\/","title":{"rendered":"politique de confidentialit\u00e9"},"content":{"rendered":"<div data-elementor-type=\"wp-page\" data-elementor-id=\"29743\" class=\"elementor elementor-29743\" data-elementor-post-type=\"page\">\n\t\t\t\t\t\t<section class=\"elementor-section elementor-top-section elementor-element elementor-element-4e754455 elementor-section-boxed elementor-section-height-default elementor-section-height-default\" data-id=\"4e754455\" data-element_type=\"section\" data-e-type=\"section\">\n\t\t\t\t\t\t<div class=\"elementor-container elementor-column-gap-default\">\n\t\t\t\t\t<div class=\"elementor-column elementor-col-100 elementor-top-column elementor-element elementor-element-1b093e4\" data-id=\"1b093e4\" data-element_type=\"column\" data-e-type=\"column\">\n\t\t\t<div class=\"elementor-widget-wrap elementor-element-populated\">\n\t\t\t\t\t\t<div class=\"elementor-element elementor-element-30faafc8 elementor-widget elementor-widget-text-editor\" data-id=\"30faafc8\" data-element_type=\"widget\" data-e-type=\"widget\" data-widget_type=\"text-editor.default\">\n\t\t\t\t<div class=\"elementor-widget-container\">\n\t\t\t\t\t\t\t\t\t\n<p><strong>Derni\u00e8re mise \u00e0 jour : 19\/octobre\/2023<\/strong><\/p>\n\n\n\n<p>Keltec do Brasil valorise la confidentialit\u00e9 de ses utilisateurs et s&#039;engage \u00e0 prot\u00e9ger leurs informations personnelles. Cette politique de confidentialit\u00e9 d\u00e9crit la mani\u00e8re dont nous collectons, utilisons et partageons vos informations lorsque vous visitez notre site Web. <a href=\"https:\/\/keltec.ind.br\/\">https:\/\/keltec.ind.br<\/a> (\u00ab Site \u00bb) ou utiliser nos services. Veuillez lire attentivement cette politique pour comprendre nos pratiques en mati\u00e8re de confidentialit\u00e9.<\/p>\n\n\n\n<p><strong>1. Informations que nous collectons<\/strong><\/p>\n\n\n\n<p>Nous collectons les informations personnelles que vous nous fournissez volontairement, telles que votre nom, votre adresse e-mail, votre num\u00e9ro de t\u00e9l\u00e9phone, entre autres, lorsque vous remplissez des formulaires sur notre Site. Nous pouvons \u00e9galement collecter automatiquement des informations, telles que l&#039;adresse IP, le type de navigateur, l&#039;appareil et le syst\u00e8me d&#039;exploitation, via des cookies et des technologies similaires.<\/p>\n\n\n\n<p><strong>2. Comment nous utilisons vos informations<\/strong><\/p>\n\n\n\n<p>Nous utilisons vos informations personnelles aux fins suivantes :<\/p>\n\n\n\n<ul class=\"wp-block-list\">\n<li>Fournir des informations sur nos produits et services.<\/li>\n\n\n\n<li>Traiter les commandes et assurer le support client.<\/li>\n\n\n\n<li>Personnalisez votre exp\u00e9rience sur notre Site.<\/li>\n\n\n\n<li>Envoyez des communications marketing avec votre consentement.<\/li>\n\n\n\n<li>Respecter les obligations l\u00e9gales ou r\u00e9glementaires.<\/li>\n<\/ul>\n\n\n\n<p><strong>3. Partage d&#039;informations<\/strong><\/p>\n\n\n\n<p>Nous ne vendons ni ne louons vos informations personnelles \u00e0 des tiers. Cependant, nous pouvons partager vos informations avec\u00a0:<\/p>\n\n\n\n<ul class=\"wp-block-list\">\n<li>Fournisseurs de services qui nous aident \u00e0 exploiter le Site.<\/li>\n\n\n\n<li>Partenaires marketing, avec votre consentement.<\/li>\n\n\n\n<li>Autorit\u00e9s gouvernementales, lorsque la loi l&#039;exige.<\/li>\n<\/ul>\n\n\n\n<p><strong>4. Cookies et technologies similaires<\/strong><\/p>\n\n\n\n<p>Nous utilisons des cookies et des technologies similaires pour collecter des informations sur votre activit\u00e9 sur le Site et pour personnaliser votre exp\u00e9rience. Vous pouvez g\u00e9rer vos param\u00e8tres de cookies via votre navigateur.<\/p>\n\n\n\n<p><strong>5. S\u00e9curit\u00e9 des donn\u00e9es<\/strong><\/p>\n\n\n\n<p>Nous avons mis en place des mesures de s\u00e9curit\u00e9 pour prot\u00e9ger vos informations personnelles contre tout acc\u00e8s non autoris\u00e9 et toute utilisation abusive.<\/p>\n\n\n\n<p><strong>6. Vos droits<\/strong><\/p>\n\n\n\n<p>Vous disposez d&#039;un droit d&#039;acc\u00e8s, de rectification et de suppression de vos informations personnelles. Vous pouvez \u00e9galement \u00e0 tout moment refuser de recevoir des communications marketing.<\/p>\n\n\n\n<p><strong>7. Mineurs<\/strong><\/p>\n\n\n\n<p>Notre Site n&#039;est pas destin\u00e9 aux enfants de moins de 18 ans et nous ne collectons pas sciemment d&#039;informations aupr\u00e8s de mineurs.<\/p>\n\n\n\n<p><strong>8. Modifications de cette politique de confidentialit\u00e9<\/strong><\/p>\n\n\n\n<p>Nous nous r\u00e9servons le droit de mettre \u00e0 jour cette politique de confidentialit\u00e9 p\u00e9riodiquement. Toute modification sera publi\u00e9e sur notre site Web.<\/p>\n\n\n\n<p><strong>9. Contacter<\/strong><\/p>\n\n\n\n<p>Si vous avez des questions concernant cette politique de confidentialit\u00e9 ou nos pratiques de confidentialit\u00e9, veuillez nous contacter \u00e0 :<\/p>\n\n\n\n<p><strong>Keltec du Br\u00e9sil<br><\/strong>sales@keltec.ind.br<br>(19) 3115-7900<\/p>\n\t\t\t\t\t\t\t\t<\/div>\n\t\t\t\t<\/div>\n\t\t\t\t\t<\/div>\n\t\t<\/div>\n\t\t\t\t\t<\/div>\n\t\t<\/section>\n\t\t\t\t<\/div>","protected":false},"excerpt":{"rendered":"<p>\u00daltima atualiza\u00e7\u00e3o: 19\/Out\/2023 A Keltec do Brasil valoriza a privacidade de seus usu\u00e1rios e se compromete a proteger suas informa\u00e7\u00f5es pessoais. Esta pol\u00edtica de privacidade descreve como coletamos, usamos e compartilhamos suas informa\u00e7\u00f5es quando voc\u00ea visita nosso site https:\/\/keltec.ind.br (&#8220;Site&#8221;) ou utiliza nossos servi\u00e7os. Leia atentamente esta pol\u00edtica para compreender nossas pr\u00e1ticas de privacidade. 1. [&hellip;]<\/p>","protected":false},"author":1,"featured_media":0,"parent":0,"menu_order":0,"comment_status":"closed","ping_status":"closed","template":"","meta":{"footnotes":""},"class_list":["post-29743","page","type-page","status-publish","hentry"],"acf":[],"_links":{"self":[{"href":"https:\/\/keltec.com.br\/fr\/wp-json\/wp\/v2\/pages\/29743","targetHints":{"allow":["GET"]}}],"collection":[{"href":"https:\/\/keltec.com.br\/fr\/wp-json\/wp\/v2\/pages"}],"about":[{"href":"https:\/\/keltec.com.br\/fr\/wp-json\/wp\/v2\/types\/page"}],"author":[{"embeddable":true,"href":"https:\/\/keltec.com.br\/fr\/wp-json\/wp\/v2\/users\/1"}],"replies":[{"embeddable":true,"href":"https:\/\/keltec.com.br\/fr\/wp-json\/wp\/v2\/comments?post=29743"}],"version-history":[{"count":0,"href":"https:\/\/keltec.com.br\/fr\/wp-json\/wp\/v2\/pages\/29743\/revisions"}],"wp:attachment":[{"href":"https:\/\/keltec.com.br\/fr\/wp-json\/wp\/v2\/media?parent=29743"}],"curies":[{"name":"wp","href":"https:\/\/api.w.org\/{rel}","templated":true}]}}