{"id":29748,"date":"2023-10-19T12:41:42","date_gmt":"2023-10-19T15:41:42","guid":{"rendered":"https:\/\/keltec.com.br\/?page_id=29748"},"modified":"2026-05-02T13:41:08","modified_gmt":"2026-05-02T16:41:08","slug":"termos-de-uso","status":"publish","type":"page","link":"https:\/\/keltec.com.br\/fr\/termos-de-uso\/","title":{"rendered":"Conditions d&#039;utilisation"},"content":{"rendered":"<div data-elementor-type=\"wp-page\" data-elementor-id=\"29748\" class=\"elementor elementor-29748\" data-elementor-post-type=\"page\">\n\t\t\t\t\t\t<section class=\"elementor-section elementor-top-section elementor-element elementor-element-852fc21 elementor-section-boxed elementor-section-height-default elementor-section-height-default\" data-id=\"852fc21\" data-element_type=\"section\" data-e-type=\"section\">\n\t\t\t\t\t\t<div class=\"elementor-container elementor-column-gap-default\">\n\t\t\t\t\t<div class=\"elementor-column elementor-col-100 elementor-top-column elementor-element elementor-element-2accc3bd\" data-id=\"2accc3bd\" data-element_type=\"column\" data-e-type=\"column\">\n\t\t\t<div class=\"elementor-widget-wrap elementor-element-populated\">\n\t\t\t\t\t\t<div class=\"elementor-element elementor-element-266f9d73 elementor-widget elementor-widget-text-editor\" data-id=\"266f9d73\" data-element_type=\"widget\" data-e-type=\"widget\" data-widget_type=\"text-editor.default\">\n\t\t\t\t<div class=\"elementor-widget-container\">\n\t\t\t\t\t\t\t\t\t\n<p>Bienvenue sur le site de Keltec do Brasil (<a href=\"https:\/\/keltec.ind.br\/\">https:\/\/keltec.ind.br<\/a>). En acc\u00e9dant et en utilisant ce site Web, vous acceptez de respecter et d&#039;\u00eatre li\u00e9 par ces conditions d&#039;utilisation. Si vous n&#039;acceptez pas ces conditions, veuillez ne pas continuer \u00e0 utiliser ce site Web.<\/p>\n\n\n\n<p><strong>1. Utilisation du Site<\/strong><\/p>\n\n\n\n<p>1.1. Vous acceptez d&#039;utiliser ce site Web uniquement \u00e0 des fins licites et conform\u00e9ment \u00e0 toutes les lois et r\u00e9glementations applicables.<\/p>\n\n\n\n<p>1.2. Vous acceptez de ne pas prendre d&#039;actions susceptibles de nuire au fonctionnement de ce site Web, y compris l&#039;introduction de virus, de logiciels malveillants ou d&#039;autres cybermenaces.<\/p>\n\n\n\n<p><strong>2. Contenu du site<\/strong><\/p>\n\n\n\n<p>2.1. Tout le contenu de ce site Web, y compris les textes, images, graphiques, logos et autres \u00e9l\u00e9ments, est la propri\u00e9t\u00e9 de Keltec do Brasil ou de ses conc\u00e9dants de licence et est prot\u00e9g\u00e9 par les lois sur le droit d&#039;auteur et d&#039;autres droits de propri\u00e9t\u00e9 intellectuelle.<\/p>\n\n\n\n<p>2.2. Vous n&#039;\u00eates pas autoris\u00e9 \u00e0 reproduire, distribuer, transmettre, modifier, cr\u00e9er des \u0153uvres d\u00e9riv\u00e9es ou utiliser tout contenu de ce site sans l&#039;autorisation \u00e9crite de Keltec do Brasil.<\/p>\n\n\n\n<p><strong>3. Liens vers des tiers<\/strong><\/p>\n\n\n\n<p>Ce site Web peut contenir des liens vers des sites Web de tiers. Keltec do Brasil n&#039;est pas responsable du contenu ou des pratiques de confidentialit\u00e9 de ces sites. L&#039;inclusion de liens n&#039;implique pas l&#039;approbation ou le soutien de Keltec do Brasil.<\/p>\n\n\n\n<p><strong>4. Confidentialit\u00e9<\/strong><\/p>\n\n\n\n<p>Les informations personnelles que vous fournissez lors de l&#039;utilisation de ce site Web seront trait\u00e9es conform\u00e9ment \u00e0 notre politique de confidentialit\u00e9. Veuillez consulter la politique de confidentialit\u00e9 pour plus d&#039;informations sur la mani\u00e8re dont vos informations sont collect\u00e9es, utilis\u00e9es et prot\u00e9g\u00e9es.<\/p>\n\n\n\n<p><strong>5. Modifications des conditions d&#039;utilisation<\/strong><\/p>\n\n\n\n<p>Nous nous r\u00e9servons le droit de mettre \u00e0 jour ou de modifier ces conditions d&#039;utilisation \u00e0 tout moment. Toute modification sera publi\u00e9e sur ce site Web avec une date de \u00ab derni\u00e8re mise \u00e0 jour \u00bb. Votre utilisation continue du site apr\u00e8s la publication de ces modifications constituera votre acceptation des nouvelles conditions.<\/p>\n\n\n\n<p><strong>6. Contacter<\/strong><\/p>\n\n\n\n<p>Si vous avez des questions ou des pr\u00e9occupations concernant ces conditions d&#039;utilisation, veuillez nous contacter \u00e0 l&#039;adresse suivante\u00a0:<\/p>\n\n\n\n<p><strong>Keltec du Br\u00e9sil<br><\/strong>vendas@keltec.ind.br<br>(19) 3115-7900<\/p>\n\t\t\t\t\t\t\t\t<\/div>\n\t\t\t\t<\/div>\n\t\t\t\t\t<\/div>\n\t\t<\/div>\n\t\t\t\t\t<\/div>\n\t\t<\/section>\n\t\t\t\t<section class=\"elementor-section elementor-top-section elementor-element elementor-element-91db3d9 elementor-section-boxed elementor-section-height-default elementor-section-height-default\" data-id=\"91db3d9\" data-element_type=\"section\" data-e-type=\"section\">\n\t\t\t\t\t\t<div class=\"elementor-container elementor-column-gap-default\">\n\t\t\t\t\t<div class=\"elementor-column elementor-col-100 elementor-top-column elementor-element elementor-element-365a6bb\" data-id=\"365a6bb\" data-element_type=\"column\" data-e-type=\"column\">\n\t\t\t<div class=\"elementor-widget-wrap elementor-element-populated\">\n\t\t\t\t\t\t<div class=\"elementor-element elementor-element-a93e71d elementor-widget elementor-widget-spacer\" data-id=\"a93e71d\" data-element_type=\"widget\" data-e-type=\"widget\" data-widget_type=\"spacer.default\">\n\t\t\t\t<div class=\"elementor-widget-container\">\n\t\t\t\t\t\t\t<div class=\"elementor-spacer\">\n\t\t\t<div class=\"elementor-spacer-inner\"><\/div>\n\t\t<\/div>\n\t\t\t\t\t\t<\/div>\n\t\t\t\t<\/div>\n\t\t\t\t\t<\/div>\n\t\t<\/div>\n\t\t\t\t\t<\/div>\n\t\t<\/section>\n\t\t\t\t<\/div>","protected":false},"excerpt":{"rendered":"<p>Bem-vindo ao site da Keltec do Brasil (https:\/\/keltec.ind.br). Ao acessar e utilizar este site, voc\u00ea concorda em cumprir e estar vinculado a estes Termos de Uso. Se voc\u00ea n\u00e3o concorda com estes termos, por favor, n\u00e3o continue a usar este site. 1. Uso do Site 1.1. Voc\u00ea concorda em usar este site apenas para fins [&hellip;]<\/p>\n","protected":false},"author":1,"featured_media":0,"parent":0,"menu_order":0,"comment_status":"closed","ping_status":"closed","template":"","meta":{"footnotes":""},"class_list":["post-29748","page","type-page","status-publish","hentry"],"_links":{"self":[{"href":"https:\/\/keltec.com.br\/fr\/wp-json\/wp\/v2\/pages\/29748","targetHints":{"allow":["GET"]}}],"collection":[{"href":"https:\/\/keltec.com.br\/fr\/wp-json\/wp\/v2\/pages"}],"about":[{"href":"https:\/\/keltec.com.br\/fr\/wp-json\/wp\/v2\/types\/page"}],"author":[{"embeddable":true,"href":"https:\/\/keltec.com.br\/fr\/wp-json\/wp\/v2\/users\/1"}],"replies":[{"embeddable":true,"href":"https:\/\/keltec.com.br\/fr\/wp-json\/wp\/v2\/comments?post=29748"}],"version-history":[{"count":5,"href":"https:\/\/keltec.com.br\/fr\/wp-json\/wp\/v2\/pages\/29748\/revisions"}],"predecessor-version":[{"id":44222,"href":"https:\/\/keltec.com.br\/fr\/wp-json\/wp\/v2\/pages\/29748\/revisions\/44222"}],"wp:attachment":[{"href":"https:\/\/keltec.com.br\/fr\/wp-json\/wp\/v2\/media?parent=29748"}],"curies":[{"name":"wp","href":"https:\/\/api.w.org\/{rel}","templated":true}]}}