{"id":30817,"date":"2024-05-01T15:13:50","date_gmt":"2024-05-01T18:13:50","guid":{"rendered":"https:\/\/keltec.com.br\/?page_id=30817"},"modified":"2026-05-02T13:40:41","modified_gmt":"2026-05-02T16:40:41","slug":"termo-de-garantia","status":"publish","type":"page","link":"https:\/\/keltec.com.br\/fr\/termo-de-garantia\/","title":{"rendered":"Dur\u00e9e de garantie"},"content":{"rendered":"<div data-elementor-type=\"wp-page\" data-elementor-id=\"30817\" class=\"elementor elementor-30817\" data-elementor-post-type=\"page\">\n\t\t\t\t\t\t<section class=\"elementor-section elementor-top-section elementor-element elementor-element-4e754455 elementor-section-boxed elementor-section-height-default elementor-section-height-default\" data-id=\"4e754455\" data-element_type=\"section\" data-e-type=\"section\">\n\t\t\t\t\t\t<div class=\"elementor-container elementor-column-gap-default\">\n\t\t\t\t\t<div class=\"elementor-column elementor-col-100 elementor-top-column elementor-element elementor-element-1b093e4\" data-id=\"1b093e4\" data-element_type=\"column\" data-e-type=\"column\">\n\t\t\t<div class=\"elementor-widget-wrap elementor-element-populated\">\n\t\t\t\t\t\t<div class=\"elementor-element elementor-element-30faafc8 elementor-widget elementor-widget-text-editor\" data-id=\"30faafc8\" data-element_type=\"widget\" data-e-type=\"widget\" data-widget_type=\"text-editor.default\">\n\t\t\t\t<div class=\"elementor-widget-container\">\n\t\t\t\t\t\t\t\t\t<p>Keltec Technolab garantit ses produits pour une p\u00e9riode de 6 mois ou 1 000 heures de fonctionnement, selon la premi\u00e8re \u00e9ventualit\u00e9, en cas de d\u00e9faut de fabrication. La p\u00e9riode de garantie l\u00e9gale (90 premiers jours) est \u00e9galement incluse, qui commence \u00e0 la date de facturation, \u00e0 condition que les produits soient install\u00e9s et utilis\u00e9s correctement conform\u00e9ment aux sp\u00e9cifications contenues dans les catalogues, manuels ou dessins approuv\u00e9s par le client lorsqu&#039;ils sont d\u00e9velopp\u00e9s sp\u00e9cifiquement pour une application sp\u00e9cifique.<\/p><p><b>\u00c9tendue de la garantie<\/b><\/p><p>La garantie sp\u00e9cifi\u00e9e ici s&#039;applique uniquement \u00e0 la r\u00e9paration ou au remplacement des produits pr\u00e9sentant des d\u00e9fauts de fabrication fournis par Keltec Technolab. La garantie des produits Keltec Technolab ne s&#039;\u00e9tend pas aux erreurs de conception ou aux sp\u00e9cifications effectu\u00e9es par des tiers.<\/p><p>Cette garantie n&#039;est pas valable pour couvrir les co\u00fbts li\u00e9s au d\u00e9montage ou au remplacement de produits soud\u00e9s ou fix\u00e9s de quelque mani\u00e8re que ce soit \u00e0 des machines, des \u00e9quipements ou des syst\u00e8mes. Cette garantie ne couvre pas les dommages caus\u00e9s par des agents externes de toute nature, y compris les accidents, les pannes de courant, l&#039;utilisation non conforme aux sp\u00e9cifications et aux instructions, la mauvaise utilisation, la n\u00e9gligence, les modifications, les r\u00e9parations et les erreurs d&#039;installation ou de test.<\/p><p><b>Limitation de garantie<\/b><\/p><p>La responsabilit\u00e9 de Keltec Technolab en vertu de cette garantie ou de toute autre garantie expresse ou implicite est limit\u00e9e \u00e0 la r\u00e9paration ou au remplacement des produits comme indiqu\u00e9 ci-dessus.<\/p><p>Ce catalogue Keltec Technolab fournit des options de produits pour les applications par des utilisateurs disposant de comp\u00e9tences techniques. Les aspects de l\u2019application doivent \u00eatre analys\u00e9s et r\u00e9vis\u00e9s pour suivre les directives contenues dans ce catalogue.<\/p><p>En raison de la diversit\u00e9 des conditions de fonctionnement et des applications des produits contenus dans ce catalogue, l&#039;utilisateur, par ses propres analyses et tests, est seul responsable de la s\u00e9lection finale des produits et de la garantie que les performances, la s\u00e9curit\u00e9 des applications et les soins sont respect\u00e9s.<\/p><p>Tous les produits contenus dans ce catalogue, leurs caract\u00e9ristiques, sp\u00e9cifications et performances sont susceptibles d&#039;\u00eatre modifi\u00e9s, \u00e0 tout moment, sans pr\u00e9avis, par Keltec Technolab.<\/p><p><b>Avertissement<\/b><\/p><div><p>UNE MAUVAISE S\u00c9LECTION, UNE PANNE OU UNE UTILISATION INCORRECTE DES PRODUITS D\u00c9CRITS DANS CE CATALOGUE PEUVENT ENTRA\u00ceNER LA MORT, DES BLESSURES CORPORELLES ET\/OU DES DOMMAGES MAT\u00c9RIELS.<\/p><\/div>\t\t\t\t\t\t\t\t<\/div>\n\t\t\t\t<\/div>\n\t\t\t\t\t<\/div>\n\t\t<\/div>\n\t\t\t\t\t<\/div>\n\t\t<\/section>\n\t\t\t\t<section class=\"elementor-section elementor-top-section elementor-element elementor-element-b27dbd3 elementor-section-boxed elementor-section-height-default elementor-section-height-default\" data-id=\"b27dbd3\" data-element_type=\"section\" data-e-type=\"section\">\n\t\t\t\t\t\t<div class=\"elementor-container elementor-column-gap-default\">\n\t\t\t\t\t<div class=\"elementor-column elementor-col-100 elementor-top-column elementor-element elementor-element-ed03c2c\" data-id=\"ed03c2c\" data-element_type=\"column\" data-e-type=\"column\">\n\t\t\t<div class=\"elementor-widget-wrap elementor-element-populated\">\n\t\t\t\t\t\t<div class=\"elementor-element elementor-element-9967088 elementor-widget elementor-widget-spacer\" data-id=\"9967088\" data-element_type=\"widget\" data-e-type=\"widget\" data-widget_type=\"spacer.default\">\n\t\t\t\t<div class=\"elementor-widget-container\">\n\t\t\t\t\t\t\t<div class=\"elementor-spacer\">\n\t\t\t<div class=\"elementor-spacer-inner\"><\/div>\n\t\t<\/div>\n\t\t\t\t\t\t<\/div>\n\t\t\t\t<\/div>\n\t\t\t\t\t<\/div>\n\t\t<\/div>\n\t\t\t\t\t<\/div>\n\t\t<\/section>\n\t\t\t\t<\/div>","protected":false},"excerpt":{"rendered":"<p>A Keltec Technolab garante os seus produtos pelo prazo de 6 meses ou 1.000 horas de opera\u00e7\u00e3o, o que vencer primeiro, para casos de\u00a0defeito de fabrica\u00e7\u00e3o. Tamb\u00e9m est\u00e1 inclu\u00eddo o prazo da garantia legal (primeiros 90 dias), que se inicia na data de faturamento, desde\u00a0que os produtos sejam instalados e utilizados corretamente conforme as especifica\u00e7\u00f5es [&hellip;]<\/p>\n","protected":false},"author":1,"featured_media":0,"parent":0,"menu_order":0,"comment_status":"closed","ping_status":"closed","template":"","meta":{"footnotes":""},"class_list":["post-30817","page","type-page","status-publish","hentry"],"_links":{"self":[{"href":"https:\/\/keltec.com.br\/fr\/wp-json\/wp\/v2\/pages\/30817","targetHints":{"allow":["GET"]}}],"collection":[{"href":"https:\/\/keltec.com.br\/fr\/wp-json\/wp\/v2\/pages"}],"about":[{"href":"https:\/\/keltec.com.br\/fr\/wp-json\/wp\/v2\/types\/page"}],"author":[{"embeddable":true,"href":"https:\/\/keltec.com.br\/fr\/wp-json\/wp\/v2\/users\/1"}],"replies":[{"embeddable":true,"href":"https:\/\/keltec.com.br\/fr\/wp-json\/wp\/v2\/comments?post=30817"}],"version-history":[{"count":5,"href":"https:\/\/keltec.com.br\/fr\/wp-json\/wp\/v2\/pages\/30817\/revisions"}],"predecessor-version":[{"id":44219,"href":"https:\/\/keltec.com.br\/fr\/wp-json\/wp\/v2\/pages\/30817\/revisions\/44219"}],"wp:attachment":[{"href":"https:\/\/keltec.com.br\/fr\/wp-json\/wp\/v2\/media?parent=30817"}],"curies":[{"name":"wp","href":"https:\/\/api.w.org\/{rel}","templated":true}]}}