{"id":39590,"date":"2025-11-26T09:35:39","date_gmt":"2025-11-26T12:35:39","guid":{"rendered":"https:\/\/keltec.com.br\/?page_id=39590"},"modified":"2025-11-26T09:38:20","modified_gmt":"2025-11-26T12:38:20","slug":"boias","status":"publish","type":"page","link":"https:\/\/keltec.com.br\/fr\/boias\/","title":{"rendered":"Boias"},"content":{"rendered":"<div data-elementor-type=\"wp-page\" data-elementor-id=\"39590\" class=\"elementor elementor-39590\" data-elementor-post-type=\"page\">\n\t\t\t\t\t\t<section class=\"elementor-section elementor-top-section elementor-element elementor-element-0e173e0 elementor-hidden-desktop elementor-hidden-tablet elementor-hidden-mobile elementor-section-boxed elementor-section-height-default elementor-section-height-default\" data-id=\"0e173e0\" data-element_type=\"section\" data-e-type=\"section\">\n\t\t\t\t\t\t<div class=\"elementor-container elementor-column-gap-default\">\n\t\t\t\t\t<div class=\"elementor-column elementor-col-100 elementor-top-column elementor-element elementor-element-79c4911\" data-id=\"79c4911\" data-element_type=\"column\" data-e-type=\"column\">\n\t\t\t<div class=\"elementor-widget-wrap elementor-element-populated\">\n\t\t\t\t\t\t<section class=\"elementor-section elementor-inner-section elementor-element elementor-element-e7eeef2 elementor-section-full_width elementor-section-height-default elementor-section-height-default\" data-id=\"e7eeef2\" data-element_type=\"section\" data-e-type=\"section\">\n\t\t\t\t\t\t<div class=\"elementor-container elementor-column-gap-default\">\n\t\t\t\t\t<div class=\"elementor-column elementor-col-50 elementor-inner-column elementor-element elementor-element-b5639e5\" data-id=\"b5639e5\" data-element_type=\"column\" data-e-type=\"column\">\n\t\t\t<div class=\"elementor-widget-wrap elementor-element-populated\">\n\t\t\t\t\t\t<div class=\"elementor-element elementor-element-5ffaf81 elementor-widget elementor-widget-image\" data-id=\"5ffaf81\" data-element_type=\"widget\" data-e-type=\"widget\" data-widget_type=\"image.default\">\n\t\t\t\t<div class=\"elementor-widget-container\">\n\t\t\t\t\t\t\t\t\t\t\t\t\t\t\t<img fetchpriority=\"high\" decoding=\"async\" width=\"1024\" height=\"600\" src=\"https:\/\/keltec.com.br\/wp-content\/uploads\/2023\/12\/WhatsApp-Image-2023-12-04-at-14.03.21-1024x600.jpeg\" class=\"attachment-large size-large wp-image-30030\" alt=\"\" srcset=\"https:\/\/keltec.com.br\/wp-content\/uploads\/2023\/12\/WhatsApp-Image-2023-12-04-at-14.03.21-1024x600.jpeg 1024w, https:\/\/keltec.com.br\/wp-content\/uploads\/2023\/12\/WhatsApp-Image-2023-12-04-at-14.03.21-300x176.jpeg 300w, https:\/\/keltec.com.br\/wp-content\/uploads\/2023\/12\/WhatsApp-Image-2023-12-04-at-14.03.21-768x450.jpeg 768w, https:\/\/keltec.com.br\/wp-content\/uploads\/2023\/12\/WhatsApp-Image-2023-12-04-at-14.03.21-18x12.jpeg 18w, https:\/\/keltec.com.br\/wp-content\/uploads\/2023\/12\/WhatsApp-Image-2023-12-04-at-14.03.21-600x352.jpeg 600w, https:\/\/keltec.com.br\/wp-content\/uploads\/2023\/12\/WhatsApp-Image-2023-12-04-at-14.03.21.jpeg 1211w\" sizes=\"(max-width: 1024px) 100vw, 1024px\" \/>\t\t\t\t\t\t\t\t\t\t\t\t\t\t\t<\/div>\n\t\t\t\t<\/div>\n\t\t\t\t\t<\/div>\n\t\t<\/div>\n\t\t\t\t<div class=\"elementor-column elementor-col-50 elementor-inner-column elementor-element elementor-element-a250069\" data-id=\"a250069\" data-element_type=\"column\" data-e-type=\"column\">\n\t\t\t<div class=\"elementor-widget-wrap elementor-element-populated\">\n\t\t\t\t\t\t<div class=\"elementor-element elementor-element-ba78a88 elementor-widget elementor-widget-text-editor\" data-id=\"ba78a88\" data-element_type=\"widget\" data-e-type=\"widget\" data-widget_type=\"text-editor.default\">\n\t\t\t\t<div class=\"elementor-widget-container\">\n\t\t\t\t\t\t\t\t\t<p>Dans le syst\u00e8me de compression, l&#039;huile doit \u00eatre filtr\u00e9e selon un cycle r\u00e9gulier, afin d&#039;\u00e9liminer les contaminants qui pourraient p\u00e9n\u00e9trer dans le compresseur et endommager le groupe compresseur.<\/p><p>A cet effet, il est n\u00e9cessaire d&#039;installer un ou plusieurs filtres \u00e0 huile lubrifiante, sous forme de cartouche (cartouche) ou blind\u00e9s (spin-on), qui visent \u00e0 garantir un niveau de propret\u00e9 compatible avec la conception de l&#039;\u00e9quipement.<\/p><p>Des niveaux de filtration sp\u00e9cifiques sont obtenus gr\u00e2ce \u00e0 l&#039;utilisation exclusive de m\u00e9dias filtrants de haute qualit\u00e9 et \u00e0 un contr\u00f4le constant de la surface obtenu par un maintien rigoureux de la quantit\u00e9 et de la profondeur des plis et de leurs composants.<\/p>\t\t\t\t\t\t\t\t<\/div>\n\t\t\t\t<\/div>\n\t\t\t\t<div class=\"elementor-element elementor-element-a24c037 elementor-widget__width-initial elementor-widget elementor-widget-button\" data-id=\"a24c037\" data-element_type=\"widget\" data-e-type=\"widget\" data-widget_type=\"button.default\">\n\t\t\t\t<div class=\"elementor-widget-container\">\n\t\t\t\t\t\t\t\t\t<div class=\"elementor-button-wrapper\">\n\t\t\t\t\t<a class=\"elementor-button elementor-button-link elementor-size-sm\" href=\"https:\/\/keltec.com.br\/wp-content\/uploads\/2023\/11\/CATALOGO-FILTROS-DE-OLEO-CARTRIDGE.pdf\" target=\"_blank\">\n\t\t\t\t\t\t<span class=\"elementor-button-content-wrapper\">\n\t\t\t\t\t\t\t\t\t<span class=\"elementor-button-text\">cartouches<\/span>\n\t\t\t\t\t<\/span>\n\t\t\t\t\t<\/a>\n\t\t\t\t<\/div>\n\t\t\t\t\t\t\t\t<\/div>\n\t\t\t\t<\/div>\n\t\t\t\t<div class=\"elementor-element elementor-element-2a8e9c6 elementor-widget__width-initial elementor-widget elementor-widget-button\" data-id=\"2a8e9c6\" data-element_type=\"widget\" data-e-type=\"widget\" data-widget_type=\"button.default\">\n\t\t\t\t<div class=\"elementor-widget-container\">\n\t\t\t\t\t\t\t\t\t<div class=\"elementor-button-wrapper\">\n\t\t\t\t\t<a class=\"elementor-button elementor-button-link elementor-size-sm\" href=\"https:\/\/keltec.com.br\/wp-content\/uploads\/2023\/11\/INDUSTRIAL-OIL-FILTERS-SPIN-ON.pdf\" target=\"_blank\">\n\t\t\t\t\t\t<span class=\"elementor-button-content-wrapper\">\n\t\t\t\t\t\t\t\t\t<span class=\"elementor-button-text\">blind\u00e9<\/span>\n\t\t\t\t\t<\/span>\n\t\t\t\t\t<\/a>\n\t\t\t\t<\/div>\n\t\t\t\t\t\t\t\t<\/div>\n\t\t\t\t<\/div>\n\t\t\t\t\t<\/div>\n\t\t<\/div>\n\t\t\t\t\t<\/div>\n\t\t<\/section>\n\t\t\t\t\t<\/div>\n\t\t<\/div>\n\t\t\t\t\t<\/div>\n\t\t<\/section>\n\t\t\t\t<section class=\"elementor-section elementor-top-section elementor-element elementor-element-8202510 elementor-section-boxed elementor-section-height-default elementor-section-height-default\" data-id=\"8202510\" data-element_type=\"section\" data-e-type=\"section\" data-settings=\"{&quot;background_background&quot;:&quot;classic&quot;}\">\n\t\t\t\t\t\t<div class=\"elementor-container elementor-column-gap-default\">\n\t\t\t\t\t<div class=\"elementor-column elementor-col-100 elementor-top-column elementor-element elementor-element-5b12f3c\" data-id=\"5b12f3c\" data-element_type=\"column\" data-e-type=\"column\">\n\t\t\t<div class=\"elementor-widget-wrap elementor-element-populated\">\n\t\t\t\t\t\t<div class=\"elementor-element elementor-element-0573edb elementor-widget elementor-widget-spacer\" data-id=\"0573edb\" data-element_type=\"widget\" data-e-type=\"widget\" data-widget_type=\"spacer.default\">\n\t\t\t\t<div class=\"elementor-widget-container\">\n\t\t\t\t\t\t\t<div class=\"elementor-spacer\">\n\t\t\t<div class=\"elementor-spacer-inner\"><\/div>\n\t\t<\/div>\n\t\t\t\t\t\t<\/div>\n\t\t\t\t<\/div>\n\t\t\t\t<div class=\"elementor-element elementor-element-73a42c5 elementor-product-loop-item--align-left elementor-grid-4 elementor-grid-tablet-3 elementor-grid-mobile-2 elementor-products-grid elementor-wc-products elementor-show-pagination-border-yes elementor-widget elementor-widget-woocommerce-products\" data-id=\"73a42c5\" data-element_type=\"widget\" data-e-type=\"widget\" data-widget_type=\"woocommerce-products.default\">\n\t\t\t\t<div class=\"elementor-widget-container\">\n\t\t\t\t\t<div class=\"woocommerce columns-4\"><div class=\"woocommerce-notices-wrapper\"><\/div><ul class=\"products elementor-grid columns-4\">\n<li class=\"product type-product post-38461 status-publish first instock product_cat-boias has-post-thumbnail shipping-taxable product-type-simple\">\n\t<a href=\"https:\/\/keltec.com.br\/fr\/produit\/cah-13dbw\/\" class=\"woocommerce-LoopProduct-link woocommerce-loop-product__link\"><img decoding=\"async\" width=\"300\" height=\"300\" src=\"https:\/\/keltec.com.br\/wp-content\/uploads\/2025\/09\/CAH-13DB-SITE-300x300.jpg\" class=\"attachment-woocommerce_thumbnail size-woocommerce_thumbnail\" alt=\"CAH-13DB\" srcset=\"https:\/\/keltec.com.br\/wp-content\/uploads\/2025\/09\/CAH-13DB-SITE-300x300.jpg 300w, https:\/\/keltec.com.br\/wp-content\/uploads\/2025\/09\/CAH-13DB-SITE-150x150.jpg 150w, https:\/\/keltec.com.br\/wp-content\/uploads\/2025\/09\/CAH-13DB-SITE-100x100.jpg 100w\" sizes=\"(max-width: 300px) 100vw, 300px\" \/><h2 class=\"woocommerce-loop-product__title\">CAH-13DB<\/h2>\n<\/a><a href=\"https:\/\/keltec.com.br\/fr\/produit\/cah-13dbw\/\" aria-describedby=\"woocommerce_loop_add_to_cart_link_describedby_38461\" data-quantity=\"1\" class=\"button product_type_simple\" data-product_id=\"38461\" data-product_sku=\"CAH-13DBW\" aria-label=\"En savoir plus sur \u201cCAH-13DB\u201d\" rel=\"nofollow\" data-success_message=\"\" data-no-translation=\"\" data-trp-gettext=\"\" data-no-translation-aria-label=\"\">Lire la suite<\/a>\t<span id=\"woocommerce_loop_add_to_cart_link_describedby_38461\" class=\"screen-reader-text\">\n\t\t\t<\/span>\n<\/li>\n<li class=\"product type-product post-38453 status-publish instock product_cat-boias has-post-thumbnail shipping-taxable product-type-simple\">\n\t<a href=\"https:\/\/keltec.com.br\/fr\/produit\/cah-g17\/\" class=\"woocommerce-LoopProduct-link woocommerce-loop-product__link\"><img decoding=\"async\" width=\"300\" height=\"300\" src=\"https:\/\/keltec.com.br\/wp-content\/uploads\/2025\/09\/CAH-G17-SITE-1-300x300.jpg\" class=\"attachment-woocommerce_thumbnail size-woocommerce_thumbnail\" alt=\"CAH-G17\" srcset=\"https:\/\/keltec.com.br\/wp-content\/uploads\/2025\/09\/CAH-G17-SITE-1-300x300.jpg 300w, https:\/\/keltec.com.br\/wp-content\/uploads\/2025\/09\/CAH-G17-SITE-1-150x150.jpg 150w, https:\/\/keltec.com.br\/wp-content\/uploads\/2025\/09\/CAH-G17-SITE-1-100x100.jpg 100w\" sizes=\"(max-width: 300px) 100vw, 300px\" \/><h2 class=\"woocommerce-loop-product__title\">CAH-G17<\/h2>\n<\/a><a href=\"https:\/\/keltec.com.br\/fr\/produit\/cah-g17\/\" aria-describedby=\"woocommerce_loop_add_to_cart_link_describedby_38453\" data-quantity=\"1\" class=\"button product_type_simple\" data-product_id=\"38453\" data-product_sku=\"CAH-G17W\" aria-label=\"En savoir plus sur \u201cCAH-G17\u201d\" rel=\"nofollow\" data-success_message=\"\" data-no-translation=\"\" data-trp-gettext=\"\" data-no-translation-aria-label=\"\">Lire la suite<\/a>\t<span id=\"woocommerce_loop_add_to_cart_link_describedby_38453\" class=\"screen-reader-text\">\n\t\t\t<\/span>\n<\/li>\n<li class=\"product type-product post-38458 status-publish instock product_cat-boias has-post-thumbnail shipping-taxable product-type-simple\">\n\t<a href=\"https:\/\/keltec.com.br\/fr\/produit\/cah-g20\/\" class=\"woocommerce-LoopProduct-link woocommerce-loop-product__link\"><img loading=\"lazy\" decoding=\"async\" width=\"300\" height=\"300\" src=\"https:\/\/keltec.com.br\/wp-content\/uploads\/2025\/09\/CAH-G20-SITE-1-300x300.jpg\" class=\"attachment-woocommerce_thumbnail size-woocommerce_thumbnail\" alt=\"CAH-G20\" srcset=\"https:\/\/keltec.com.br\/wp-content\/uploads\/2025\/09\/CAH-G20-SITE-1-300x300.jpg 300w, https:\/\/keltec.com.br\/wp-content\/uploads\/2025\/09\/CAH-G20-SITE-1-150x150.jpg 150w, https:\/\/keltec.com.br\/wp-content\/uploads\/2025\/09\/CAH-G20-SITE-1-100x100.jpg 100w\" sizes=\"(max-width: 300px) 100vw, 300px\" \/><h2 class=\"woocommerce-loop-product__title\">CAH-G20<\/h2>\n<\/a><a href=\"https:\/\/keltec.com.br\/fr\/produit\/cah-g20\/\" aria-describedby=\"woocommerce_loop_add_to_cart_link_describedby_38458\" data-quantity=\"1\" class=\"button product_type_simple\" data-product_id=\"38458\" data-product_sku=\"CAH-G20W\" aria-label=\"En savoir plus sur \u201cCAH-G20\u201d\" rel=\"nofollow\" data-success_message=\"\" data-no-translation=\"\" data-trp-gettext=\"\" data-no-translation-aria-label=\"\">Lire la suite<\/a>\t<span id=\"woocommerce_loop_add_to_cart_link_describedby_38458\" class=\"screen-reader-text\">\n\t\t\t<\/span>\n<\/li>\n<\/ul>\n<\/div>\t\t\t\t<\/div>\n\t\t\t\t<\/div>\n\t\t\t\t\t<\/div>\n\t\t<\/div>\n\t\t\t\t\t<\/div>\n\t\t<\/section>\n\t\t\t\t<section class=\"elementor-section elementor-top-section elementor-element elementor-element-0df3d82 elementor-section-boxed elementor-section-height-default elementor-section-height-default\" data-id=\"0df3d82\" data-element_type=\"section\" data-e-type=\"section\" data-settings=\"{&quot;background_background&quot;:&quot;classic&quot;}\">\n\t\t\t\t\t\t<div class=\"elementor-container elementor-column-gap-default\">\n\t\t\t\t\t<div class=\"elementor-column elementor-col-100 elementor-top-column elementor-element elementor-element-563a95c\" data-id=\"563a95c\" data-element_type=\"column\" data-e-type=\"column\">\n\t\t\t<div class=\"elementor-widget-wrap elementor-element-populated\">\n\t\t\t\t\t\t<div class=\"elementor-element elementor-element-0db964a elementor-widget elementor-widget-spacer\" data-id=\"0db964a\" data-element_type=\"widget\" data-e-type=\"widget\" data-widget_type=\"spacer.default\">\n\t\t\t\t<div class=\"elementor-widget-container\">\n\t\t\t\t\t\t\t<div class=\"elementor-spacer\">\n\t\t\t<div class=\"elementor-spacer-inner\"><\/div>\n\t\t<\/div>\n\t\t\t\t\t\t<\/div>\n\t\t\t\t<\/div>\n\t\t\t\t\t<\/div>\n\t\t<\/div>\n\t\t\t\t\t<\/div>\n\t\t<\/section>\n\t\t\t\t<section class=\"elementor-section elementor-top-section elementor-element elementor-element-a2646a2 elementor-section-boxed elementor-section-height-default elementor-section-height-default\" data-id=\"a2646a2\" data-element_type=\"section\" data-e-type=\"section\">\n\t\t\t\t\t\t<div class=\"elementor-container elementor-column-gap-default\">\n\t\t\t\t\t<div class=\"elementor-column elementor-col-100 elementor-top-column elementor-element elementor-element-c46778b\" data-id=\"c46778b\" data-element_type=\"column\" data-e-type=\"column\">\n\t\t\t<div class=\"elementor-widget-wrap elementor-element-populated\">\n\t\t\t\t\t\t<section class=\"elementor-section elementor-inner-section elementor-element elementor-element-64eee80 elementor-section-full_width elementor-section-content-middle elementor-section-height-default elementor-section-height-default\" data-id=\"64eee80\" data-element_type=\"section\" data-e-type=\"section\" data-settings=\"{&quot;background_background&quot;:&quot;classic&quot;}\">\n\t\t\t\t\t\t<div class=\"elementor-container elementor-column-gap-default\">\n\t\t\t\t\t<div class=\"elementor-column elementor-col-25 elementor-inner-column elementor-element elementor-element-bbce163\" data-id=\"bbce163\" data-element_type=\"column\" data-e-type=\"column\">\n\t\t\t<div class=\"elementor-widget-wrap elementor-element-populated\">\n\t\t\t\t\t\t<div class=\"elementor-element elementor-element-7d202f4 elementor-widget elementor-widget-heading\" data-id=\"7d202f4\" data-element_type=\"widget\" data-e-type=\"widget\" data-widget_type=\"heading.default\">\n\t\t\t\t<div class=\"elementor-widget-container\">\n\t\t\t\t\t<h3 class=\"elementor-heading-title elementor-size-default\">Faites votre budget<\/h3>\t\t\t\t<\/div>\n\t\t\t\t<\/div>\n\t\t\t\t<div class=\"elementor-element elementor-element-699e315 elementor-widget elementor-widget-heading\" data-id=\"699e315\" data-element_type=\"widget\" data-e-type=\"widget\" data-widget_type=\"heading.default\">\n\t\t\t\t<div class=\"elementor-widget-container\">\n\t\t\t\t\t<p class=\"elementor-heading-title elementor-size-default\">Contactez le distributeur Keltec Technolab le plus proche de chez vous.\n\n<\/p>\t\t\t\t<\/div>\n\t\t\t\t<\/div>\n\t\t\t\t\t<\/div>\n\t\t<\/div>\n\t\t\t\t<div class=\"elementor-column elementor-col-25 elementor-inner-column elementor-element elementor-element-19e5901\" data-id=\"19e5901\" data-element_type=\"column\" data-e-type=\"column\">\n\t\t\t<div class=\"elementor-widget-wrap elementor-element-populated\">\n\t\t\t\t\t\t<div class=\"elementor-element elementor-element-b2f95b8 elementor-widget elementor-widget-heading\" data-id=\"b2f95b8\" data-element_type=\"widget\" data-e-type=\"widget\" data-widget_type=\"heading.default\">\n\t\t\t\t<div class=\"elementor-widget-container\">\n\t\t\t\t\t<p class=\"elementor-heading-title elementor-size-default\">Prendre contact par t\u00e9l\u00e9phone <\/p>\t\t\t\t<\/div>\n\t\t\t\t<\/div>\n\t\t\t\t<div class=\"elementor-element elementor-element-fa7bfca elementor-widget elementor-widget-heading\" data-id=\"fa7bfca\" data-element_type=\"widget\" data-e-type=\"widget\" data-widget_type=\"heading.default\">\n\t\t\t\t<div class=\"elementor-widget-container\">\n\t\t\t\t\t<h3 class=\"elementor-heading-title elementor-size-default\">(19) 3115-7900<\/h3>\t\t\t\t<\/div>\n\t\t\t\t<\/div>\n\t\t\t\t\t<\/div>\n\t\t<\/div>\n\t\t\t\t<div class=\"elementor-column elementor-col-25 elementor-inner-column elementor-element elementor-element-1e934aa\" data-id=\"1e934aa\" data-element_type=\"column\" data-e-type=\"column\">\n\t\t\t<div class=\"elementor-widget-wrap elementor-element-populated\">\n\t\t\t\t\t\t<div class=\"elementor-element elementor-element-6015190 elementor-widget elementor-widget-heading\" data-id=\"6015190\" data-element_type=\"widget\" data-e-type=\"widget\" data-widget_type=\"heading.default\">\n\t\t\t\t<div class=\"elementor-widget-container\">\n\t\t\t\t\t<p class=\"elementor-heading-title elementor-size-default\">Ou par email<\/p>\t\t\t\t<\/div>\n\t\t\t\t<\/div>\n\t\t\t\t<div class=\"elementor-element elementor-element-0c7da4e elementor-widget elementor-widget-heading\" data-id=\"0c7da4e\" data-element_type=\"widget\" data-e-type=\"widget\" data-widget_type=\"heading.default\">\n\t\t\t\t<div class=\"elementor-widget-container\">\n\t\t\t\t\t<h3 class=\"elementor-heading-title elementor-size-default\">sales@keltec.ind.br<\/h3>\t\t\t\t<\/div>\n\t\t\t\t<\/div>\n\t\t\t\t\t<\/div>\n\t\t<\/div>\n\t\t\t\t<div class=\"elementor-column elementor-col-25 elementor-inner-column elementor-element elementor-element-12af1cf\" data-id=\"12af1cf\" data-element_type=\"column\" data-e-type=\"column\">\n\t\t\t<div class=\"elementor-widget-wrap elementor-element-populated\">\n\t\t\t\t\t\t<div class=\"elementor-element elementor-element-4434d6b elementor-widget elementor-widget-heading\" data-id=\"4434d6b\" data-element_type=\"widget\" data-e-type=\"widget\" data-widget_type=\"heading.default\">\n\t\t\t\t<div class=\"elementor-widget-container\">\n\t\t\t\t\t<p class=\"elementor-heading-title elementor-size-default\">N&#039;oubliez pas que notre canal de service est exclusif aux distributeurs Keltec agr\u00e9\u00e9s.\n\n<\/p>\t\t\t\t<\/div>\n\t\t\t\t<\/div>\n\t\t\t\t\t<\/div>\n\t\t<\/div>\n\t\t\t\t\t<\/div>\n\t\t<\/section>\n\t\t\t\t\t<\/div>\n\t\t<\/div>\n\t\t\t\t\t<\/div>\n\t\t<\/section>\n\t\t\t\t<section class=\"elementor-section elementor-top-section elementor-element elementor-element-5c8a6a1 elementor-section-content-middle elementor-section-boxed elementor-section-height-default elementor-section-height-default\" data-id=\"5c8a6a1\" data-element_type=\"section\" data-e-type=\"section\">\n\t\t\t\t\t\t<div class=\"elementor-container elementor-column-gap-default\">\n\t\t\t\t\t<div class=\"elementor-column elementor-col-33 elementor-top-column elementor-element elementor-element-a8e5279\" data-id=\"a8e5279\" data-element_type=\"column\" data-e-type=\"column\">\n\t\t\t<div class=\"elementor-widget-wrap\">\n\t\t\t\t\t\t\t<\/div>\n\t\t<\/div>\n\t\t\t\t<div class=\"elementor-column elementor-col-33 elementor-top-column elementor-element elementor-element-eb9ac83\" data-id=\"eb9ac83\" data-element_type=\"column\" data-e-type=\"column\">\n\t\t\t<div class=\"elementor-widget-wrap elementor-element-populated\">\n\t\t\t\t\t\t<div class=\"elementor-element elementor-element-2d1052d elementor-widget elementor-widget-image\" data-id=\"2d1052d\" data-element_type=\"widget\" data-e-type=\"widget\" data-widget_type=\"image.default\">\n\t\t\t\t<div class=\"elementor-widget-container\">\n\t\t\t\t\t\t\t\t\t\t\t\t\t\t\t<img loading=\"lazy\" decoding=\"async\" width=\"1024\" height=\"742\" src=\"https:\/\/keltec.com.br\/wp-content\/uploads\/2023\/03\/Selo-Keltec-03-1024x742.png\" class=\"attachment-large size-large wp-image-2588\" alt=\"\" srcset=\"https:\/\/keltec.com.br\/wp-content\/uploads\/2023\/03\/Selo-Keltec-03-1024x742.png 1024w, https:\/\/keltec.com.br\/wp-content\/uploads\/2023\/03\/Selo-Keltec-03-300x217.png 300w, https:\/\/keltec.com.br\/wp-content\/uploads\/2023\/03\/Selo-Keltec-03-768x557.png 768w, https:\/\/keltec.com.br\/wp-content\/uploads\/2023\/03\/Selo-Keltec-03-1536x1114.png 1536w, https:\/\/keltec.com.br\/wp-content\/uploads\/2023\/03\/Selo-Keltec-03-2048x1485.png 2048w, https:\/\/keltec.com.br\/wp-content\/uploads\/2023\/03\/Selo-Keltec-03-600x435.png 600w\" sizes=\"(max-width: 1024px) 100vw, 1024px\" \/>\t\t\t\t\t\t\t\t\t\t\t\t\t\t\t<\/div>\n\t\t\t\t<\/div>\n\t\t\t\t\t<\/div>\n\t\t<\/div>\n\t\t\t\t<div class=\"elementor-column elementor-col-33 elementor-top-column elementor-element elementor-element-33193be\" data-id=\"33193be\" data-element_type=\"column\" data-e-type=\"column\">\n\t\t\t<div class=\"elementor-widget-wrap elementor-element-populated\">\n\t\t\t\t\t\t<div class=\"elementor-element elementor-element-1096501 elementor-widget elementor-widget-text-editor\" data-id=\"1096501\" data-element_type=\"widget\" data-e-type=\"widget\" data-widget_type=\"text-editor.default\">\n\t\t\t\t<div class=\"elementor-widget-container\">\n\t\t\t\t\t\t\t\t\t<p>Comme tous nos produits, les filtres \u00e0 huile KELTEC Technolab sont fabriqu\u00e9s avec des mat\u00e9riaux et une fabrication de la plus haute qualit\u00e9.<\/p>\t\t\t\t\t\t\t\t<\/div>\n\t\t\t\t<\/div>\n\t\t\t\t\t<\/div>\n\t\t<\/div>\n\t\t\t\t\t<\/div>\n\t\t<\/section>\n\t\t\t\t<\/div>","protected":false},"excerpt":{"rendered":"<p>No sistema de compress\u00e3o, o \u00f3leo deve ser filtrado em um ciclo regular, visando remover contaminantes que possam entrar no compressor e danificar a unidade compressora. Para este fim, se faz necess\u00e1ria a instala\u00e7\u00e3o de filtro(s) do \u00f3leo lubrificante,\u00a0 na forma de cartucho (cartridge) ou blindado (spin-on), que, visa garantir o n\u00edvel de limpeza compat\u00edvel [&hellip;]<\/p>","protected":false},"author":1,"featured_media":0,"parent":0,"menu_order":0,"comment_status":"closed","ping_status":"closed","template":"elementor_header_footer","meta":{"footnotes":""},"class_list":["post-39590","page","type-page","status-publish","hentry"],"acf":[],"_links":{"self":[{"href":"https:\/\/keltec.com.br\/fr\/wp-json\/wp\/v2\/pages\/39590","targetHints":{"allow":["GET"]}}],"collection":[{"href":"https:\/\/keltec.com.br\/fr\/wp-json\/wp\/v2\/pages"}],"about":[{"href":"https:\/\/keltec.com.br\/fr\/wp-json\/wp\/v2\/types\/page"}],"author":[{"embeddable":true,"href":"https:\/\/keltec.com.br\/fr\/wp-json\/wp\/v2\/users\/1"}],"replies":[{"embeddable":true,"href":"https:\/\/keltec.com.br\/fr\/wp-json\/wp\/v2\/comments?post=39590"}],"version-history":[{"count":0,"href":"https:\/\/keltec.com.br\/fr\/wp-json\/wp\/v2\/pages\/39590\/revisions"}],"wp:attachment":[{"href":"https:\/\/keltec.com.br\/fr\/wp-json\/wp\/v2\/media?parent=39590"}],"curies":[{"name":"wp","href":"https:\/\/api.w.org\/{rel}","templated":true}]}}