{"id":42441,"date":"2026-02-05T15:31:02","date_gmt":"2026-02-05T18:31:02","guid":{"rendered":"https:\/\/keltec.com.br\/?post_type=product&#038;p=42441"},"modified":"2026-03-20T14:35:25","modified_gmt":"2026-03-20T17:35:25","slug":"sap8000-46-5","status":"publish","type":"product","link":"https:\/\/keltec.com.br\/fr\/produit\/sap8000-46-5\/","title":{"rendered":"SAP8000-46-05"},"content":{"rendered":"","protected":false},"excerpt":{"rendered":"<p><a class=\"elementor-button elementor-button-link elementor-size-sm\" href=\"https:\/\/keltec.com.br\/wp-content\/uploads\/2026\/02\/DATASHEET-SAP8000-5.pdf\" target=\"_blank\" rel=\"noopener\">Datasheet<\/a> <a class=\"elementor-button elementor-button-link elementor-size-sm\" href=\"https:\/\/keltec.com.br\/wp-content\/uploads\/2026\/02\/FICHA-DE-DADOS-DE-SEGURANCA-SAP8000-46-3.pdf\" target=\"_blank\" rel=\"noopener\">FDS<\/a><\/p>\n<div class=\"spec-card\">\n<div class=\"spec-header\"><img decoding=\"async\" src=\"https:\/\/keltec.com.br\/wp-content\/uploads\/2026\/03\/oleo-keltec.png\" alt=\"\u00cdcone \u00f3leo\" style=\"width:50px; border-radius:50px;    margin-right: -20px;\"\/><\/p>\n<div class=\"spec-headtext\">\n<div class=\"spec-title\">Especifica\u00e7\u00f5es<\/div>\n<div class=\"spec-subtitle\">SAP8000-46-5<\/div>\n<\/div>\n<\/div>\n<div class=\"spec-body\">\n<table class=\"spec-table\" role=\"table\">\n<tbody>\n<tr>\n<td>SKU<\/td>\n<td>\u00d3leo SAO8000-46-05<\/td>\n<\/tr>\n<tr>\n<td>Aplicativo<\/td>\n<td>Compressores de parafuso rotativo<\/td>\n<\/tr>\n<tr>\n<td>Tipo de lubrificante<\/td>\n<td>Sint\u00e9tico<\/td>\n<\/tr>\n<tr>\n<td>Expectativa de vida<\/td>\n<td>At\u00e9 8000 horas \/ 2 anos<\/td>\n<\/tr>\n<tr>\n<td>Viscosidade<\/td>\n<td>ISO VG 46<\/td>\n<\/tr>\n<tr>\n<td>Viscosidade a 40 \u00b0C (ISO VG)<\/td>\n<td>46 mm\u00b2\/s<\/td>\n<\/tr>\n<tr>\n<td>\u00cdndice de viscosidade<\/td>\n<td>139<\/td>\n<\/tr>\n<tr>\n<td>Ponto de inflama\u00e7\u00e3o<\/td>\n<td>&gt; 200 \u00b0C<\/td>\n<\/tr>\n<tr>\n<td>Tend\u00eancia \u00e0 espuma (I\u2013III)<\/td>\n<td>0\/0; 0\/0; 0\/0<\/td>\n<\/tr>\n<tr>\n<td>Corros\u00e3o de tira de cobre (3 h, 100 \u00b0C)<\/td>\n<td>1a<\/td>\n<\/tr>\n<tr>\n<td>Corros\u00e3o do a\u00e7o (\u00e1gua do mar, 24 h)<\/td>\n<td>Passar<\/td>\n<\/tr>\n<tr>\n<td>Estabilidade t\u00e9rmica (opera\u00e7\u00e3o em alta temperatura)<\/td>\n<td>Excelente<\/td>\n<\/tr>\n<\/tbody>\n<\/table>\n<div class=\"spec-footnote\">Dados t\u00e9cnicos sujeitos a varia\u00e7\u00f5es conforme condi\u00e7\u00f5es de opera\u00e7\u00e3o<\/div>\n<\/div>\n<\/div>","protected":false},"featured_media":42999,"comment_status":"open","ping_status":"closed","template":"","meta":[],"product_brand":[],"product_cat":[2700,21146],"product_tag":[],"marca":[],"class_list":{"0":"post-42441","1":"product","2":"type-product","3":"status-publish","4":"has-post-thumbnail","6":"product_cat-lubrificantes","7":"product_cat-novidades","9":"first","10":"instock","11":"shipping-taxable","12":"product-type-simple"},"acf":[],"_links":{"self":[{"href":"https:\/\/keltec.com.br\/fr\/wp-json\/wp\/v2\/product\/42441","targetHints":{"allow":["GET"]}}],"collection":[{"href":"https:\/\/keltec.com.br\/fr\/wp-json\/wp\/v2\/product"}],"about":[{"href":"https:\/\/keltec.com.br\/fr\/wp-json\/wp\/v2\/types\/product"}],"replies":[{"embeddable":true,"href":"https:\/\/keltec.com.br\/fr\/wp-json\/wp\/v2\/comments?post=42441"}],"wp:featuredmedia":[{"embeddable":true,"href":"https:\/\/keltec.com.br\/fr\/wp-json\/wp\/v2\/media\/42999"}],"wp:attachment":[{"href":"https:\/\/keltec.com.br\/fr\/wp-json\/wp\/v2\/media?parent=42441"}],"wp:term":[{"taxonomy":"product_brand","embeddable":true,"href":"https:\/\/keltec.com.br\/fr\/wp-json\/wp\/v2\/product_brand?post=42441"},{"taxonomy":"product_cat","embeddable":true,"href":"https:\/\/keltec.com.br\/fr\/wp-json\/wp\/v2\/product_cat?post=42441"},{"taxonomy":"product_tag","embeddable":true,"href":"https:\/\/keltec.com.br\/fr\/wp-json\/wp\/v2\/product_tag?post=42441"},{"taxonomy":"marca","embeddable":true,"href":"https:\/\/keltec.com.br\/fr\/wp-json\/wp\/v2\/marca?post=42441"}],"curies":[{"name":"wp","href":"https:\/\/api.w.org\/{rel}","templated":true}]}}