{"id":9915,"date":"2023-08-10T19:48:36","date_gmt":"2023-08-10T22:48:36","guid":{"rendered":"https:\/\/keltec.com.br\/produto\/kx800-015-2\/"},"modified":"2026-03-13T09:41:18","modified_gmt":"2026-03-13T12:41:18","slug":"kx800-015-2","status":"publish","type":"product","link":"https:\/\/keltec.com.br\/fr\/produit\/kx800-015-2\/","title":{"rendered":"KX800-015"},"content":{"rendered":"","protected":false},"excerpt":{"rendered":"<p>Kit Reparo da V\u00e1lvula Press\u00e3o M\u00ednima<\/p>","protected":false},"featured_media":36289,"comment_status":"closed","ping_status":"closed","template":"","meta":[],"product_brand":[],"product_cat":[2701],"product_tag":[],"marca":[13406,15182,15181,21279,21269,15200,15198,15199,15192,15190,15191,15197,15195,15196,15194,15193,15223,15221,15222,15217,15215,15216,15220,15218,15219,15213,15214,15212],"class_list":{"0":"post-9915","1":"product","2":"type-product","3":"status-publish","4":"has-post-thumbnail","6":"product_cat-reparo-de-valvulas","7":"marca-atlas-copco","8":"marca-ga110-brp071853-03-2011-150-hp-104-138bar","9":"marca-ga110-brp071853-03-2011-150-hp-52-69-86bar","10":"marca-ga132-gazelle-bqd105726-55hp","11":"marca-ga132-gazelle-bqd105726-69hp","12":"marca-ga132-bqd102693-05-2015-177-hp-104-138bar","13":"marca-ga132-bqd102693-05-2015-177-hp-52bar","14":"marca-ga132-bqd102693-05-2015-177-hp-69-86bar","15":"marca-ga132-brp071853-03-2011-177-hp-104-138bar","16":"marca-ga132-brp071853-03-2011-177-hp-52bar","17":"marca-ga132-brp071853-03-2011-177-hp-69-86bar","18":"marca-ga132-brp084244-01-2014-177-hp-104-138bar","19":"marca-ga132-brp084244-01-2014-177-hp-52bar","20":"marca-ga132-brp084244-01-2014-177-hp-69-86bar","21":"marca-ga132vsd-brp071853-07-2012-177-hp-104-bar","22":"marca-ga132vsd-brp071853-07-2012-177-hp-86-bar","23":"marca-ga160-bqd102693-05-2015-200-hp-138bar","24":"marca-ga160-bqd102693-05-2015-200-hp-69bar","25":"marca-ga160-bqd102693-05-2015-200-hp-86-104bar","26":"marca-ga160-brp071853-07-2012-200-hp-138bar","27":"marca-ga160-brp071853-07-2012-200-hp-69bar","28":"marca-ga160-brp071853-07-2012-200-hp-86-104bar","29":"marca-ga160-brp084244-01-2014-200-hp-138bar","30":"marca-ga160-brp084244-01-2014-200-hp-69bar","31":"marca-ga160-brp084244-01-2014-200-hp-86-104bar","32":"marca-ga160vsd-brp071853-nov-2010-200-hp-104-bar","33":"marca-ga160vsd-brp071853-nov-2010-200-hp-138-bar","34":"marca-ga160vsd-brp071853-nov-2010-200-hp-86-bar","36":"first","37":"instock","38":"product-type-simple"},"acf":[],"_links":{"self":[{"href":"https:\/\/keltec.com.br\/fr\/wp-json\/wp\/v2\/product\/9915","targetHints":{"allow":["GET"]}}],"collection":[{"href":"https:\/\/keltec.com.br\/fr\/wp-json\/wp\/v2\/product"}],"about":[{"href":"https:\/\/keltec.com.br\/fr\/wp-json\/wp\/v2\/types\/product"}],"replies":[{"embeddable":true,"href":"https:\/\/keltec.com.br\/fr\/wp-json\/wp\/v2\/comments?post=9915"}],"wp:featuredmedia":[{"embeddable":true,"href":"https:\/\/keltec.com.br\/fr\/wp-json\/wp\/v2\/media\/36289"}],"wp:attachment":[{"href":"https:\/\/keltec.com.br\/fr\/wp-json\/wp\/v2\/media?parent=9915"}],"wp:term":[{"taxonomy":"product_brand","embeddable":true,"href":"https:\/\/keltec.com.br\/fr\/wp-json\/wp\/v2\/product_brand?post=9915"},{"taxonomy":"product_cat","embeddable":true,"href":"https:\/\/keltec.com.br\/fr\/wp-json\/wp\/v2\/product_cat?post=9915"},{"taxonomy":"product_tag","embeddable":true,"href":"https:\/\/keltec.com.br\/fr\/wp-json\/wp\/v2\/product_tag?post=9915"},{"taxonomy":"marca","embeddable":true,"href":"https:\/\/keltec.com.br\/fr\/wp-json\/wp\/v2\/marca?post=9915"}],"curies":[{"name":"wp","href":"https:\/\/api.w.org\/{rel}","templated":true}]}}