{"id":29743,"date":"2023-10-19T12:30:13","date_gmt":"2023-10-19T15:30:13","guid":{"rendered":"https:\/\/keltec.com.br\/?page_id=29743"},"modified":"2023-10-19T12:43:42","modified_gmt":"2023-10-19T15:43:42","slug":"politica-de-privacidade","status":"publish","type":"page","link":"https:\/\/keltec.com.br\/it\/politica-de-privacidade\/","title":{"rendered":"politica sulla riservatezza"},"content":{"rendered":"<div data-elementor-type=\"wp-page\" data-elementor-id=\"29743\" class=\"elementor elementor-29743\" data-elementor-post-type=\"page\">\n\t\t\t\t\t\t<section class=\"elementor-section elementor-top-section elementor-element elementor-element-4e754455 elementor-section-boxed elementor-section-height-default elementor-section-height-default\" data-id=\"4e754455\" data-element_type=\"section\" data-e-type=\"section\">\n\t\t\t\t\t\t<div class=\"elementor-container elementor-column-gap-default\">\n\t\t\t\t\t<div class=\"elementor-column elementor-col-100 elementor-top-column elementor-element elementor-element-1b093e4\" data-id=\"1b093e4\" data-element_type=\"column\" data-e-type=\"column\">\n\t\t\t<div class=\"elementor-widget-wrap elementor-element-populated\">\n\t\t\t\t\t\t<div class=\"elementor-element elementor-element-30faafc8 elementor-widget elementor-widget-text-editor\" data-id=\"30faafc8\" data-element_type=\"widget\" data-e-type=\"widget\" data-widget_type=\"text-editor.default\">\n\t\t\t\t<div class=\"elementor-widget-container\">\n\t\t\t\t\t\t\t\t\t\n<p><strong>Ultimo aggiornamento: 19\/ott\/2023<\/strong><\/p>\n\n\n\n<p>Keltec do Brasil valorizza la privacy dei suoi utenti e si impegna a proteggere le loro informazioni personali. Questa informativa sulla privacy descrive come raccogliamo, utilizziamo e condividiamo le tue informazioni quando visiti il nostro sito web <a href=\"https:\/\/keltec.ind.br\/\">https:\/\/keltec.ind.br<\/a> (\u201cSito\u201d) o utilizzare i nostri servizi. Si prega di leggere attentamente questa politica per comprendere le nostre pratiche sulla privacy.<\/p>\n\n\n\n<p><strong>1. Informazioni che raccogliamo<\/strong><\/p>\n\n\n\n<p>Raccogliamo le informazioni personali che ci fornisci volontariamente, come nome, indirizzo email, numero di telefono, tra gli altri, quando compili moduli sul nostro Sito. Potremmo anche raccogliere informazioni automaticamente, come indirizzo IP, tipo di browser, dispositivo e sistema operativo, tramite cookie e tecnologie simili.<\/p>\n\n\n\n<p><strong>2. Come utilizziamo le tue informazioni<\/strong><\/p>\n\n\n\n<p>Utilizziamo le tue informazioni personali per i seguenti scopi:<\/p>\n\n\n\n<ul class=\"wp-block-list\">\n<li>Fornire informazioni sui nostri prodotti e servizi.<\/li>\n\n\n\n<li>Elaborare gli ordini e fornire assistenza ai clienti.<\/li>\n\n\n\n<li>Personalizza la tua esperienza sul nostro sito.<\/li>\n\n\n\n<li>Invia comunicazioni di marketing con il tuo consenso.<\/li>\n\n\n\n<li>Rispettare obblighi legali o regolamentari.<\/li>\n<\/ul>\n\n\n\n<p><strong>3. Condivisione delle informazioni<\/strong><\/p>\n\n\n\n<p>Non vendiamo n\u00e9 affittiamo le tue informazioni personali a terzi. Tuttavia, potremmo condividere le tue informazioni con:<\/p>\n\n\n\n<ul class=\"wp-block-list\">\n<li>Fornitori di servizi che ci aiutano a gestire il Sito.<\/li>\n\n\n\n<li>Partner di marketing, con il tuo consenso.<\/li>\n\n\n\n<li>Autorit\u00e0 governative, quando richiesto dalla legge.<\/li>\n<\/ul>\n\n\n\n<p><strong>4. Cookie e tecnologie simili<\/strong><\/p>\n\n\n\n<p>Utilizziamo cookie e tecnologie simili per raccogliere informazioni sulla tua attivit\u00e0 sul Sito e per personalizzare la tua esperienza. Puoi gestire le impostazioni dei cookie tramite il tuo browser.<\/p>\n\n\n\n<p><strong>5. Sicurezza dei dati<\/strong><\/p>\n\n\n\n<p>Abbiamo implementato misure di sicurezza per proteggere le tue informazioni personali da accessi non autorizzati e usi impropri.<\/p>\n\n\n\n<p><strong>6. I tuoi diritti<\/strong><\/p>\n\n\n\n<p>Hai il diritto di accedere, correggere o eliminare le tue informazioni personali. Puoi anche disattivare la ricezione di comunicazioni di marketing in qualsiasi momento.<\/p>\n\n\n\n<p><strong>7. Minori<\/strong><\/p>\n\n\n\n<p>Il nostro Sito non \u00e8 destinato a bambini di et\u00e0 inferiore a 18 anni e non raccogliamo consapevolmente informazioni da minori.<\/p>\n\n\n\n<p><strong>8. Modifiche alla presente Informativa sulla privacy<\/strong><\/p>\n\n\n\n<p>Ci riserviamo il diritto di aggiornare periodicamente la presente informativa sulla privacy. Eventuali modifiche verranno pubblicate sul nostro sito web.<\/p>\n\n\n\n<p><strong>9. Contatto<\/strong><\/p>\n\n\n\n<p>In caso di domande sulla presente informativa sulla privacy o sulle nostre pratiche sulla privacy, contattaci all&#039;indirizzo:<\/p>\n\n\n\n<p><strong>Keltec del Brasile<br><\/strong>sales@keltec.ind.br<br>(19) 3115-7900<\/p>\n\t\t\t\t\t\t\t\t<\/div>\n\t\t\t\t<\/div>\n\t\t\t\t\t<\/div>\n\t\t<\/div>\n\t\t\t\t\t<\/div>\n\t\t<\/section>\n\t\t\t\t<\/div>","protected":false},"excerpt":{"rendered":"<p>\u00daltima atualiza\u00e7\u00e3o: 19\/Out\/2023 A Keltec do Brasil valoriza a privacidade de seus usu\u00e1rios e se compromete a proteger suas informa\u00e7\u00f5es pessoais. Esta pol\u00edtica de privacidade descreve como coletamos, usamos e compartilhamos suas informa\u00e7\u00f5es quando voc\u00ea visita nosso site https:\/\/keltec.ind.br (&#8220;Site&#8221;) ou utiliza nossos servi\u00e7os. Leia atentamente esta pol\u00edtica para compreender nossas pr\u00e1ticas de privacidade. 1. [&hellip;]<\/p>","protected":false},"author":1,"featured_media":0,"parent":0,"menu_order":0,"comment_status":"closed","ping_status":"closed","template":"","meta":{"footnotes":""},"class_list":["post-29743","page","type-page","status-publish","hentry"],"acf":[],"_links":{"self":[{"href":"https:\/\/keltec.com.br\/it\/wp-json\/wp\/v2\/pages\/29743","targetHints":{"allow":["GET"]}}],"collection":[{"href":"https:\/\/keltec.com.br\/it\/wp-json\/wp\/v2\/pages"}],"about":[{"href":"https:\/\/keltec.com.br\/it\/wp-json\/wp\/v2\/types\/page"}],"author":[{"embeddable":true,"href":"https:\/\/keltec.com.br\/it\/wp-json\/wp\/v2\/users\/1"}],"replies":[{"embeddable":true,"href":"https:\/\/keltec.com.br\/it\/wp-json\/wp\/v2\/comments?post=29743"}],"version-history":[{"count":0,"href":"https:\/\/keltec.com.br\/it\/wp-json\/wp\/v2\/pages\/29743\/revisions"}],"wp:attachment":[{"href":"https:\/\/keltec.com.br\/it\/wp-json\/wp\/v2\/media?parent=29743"}],"curies":[{"name":"wp","href":"https:\/\/api.w.org\/{rel}","templated":true}]}}