{"id":9805,"date":"2023-08-10T19:48:12","date_gmt":"2023-08-10T22:48:12","guid":{"rendered":"https:\/\/keltec.com.br\/produto\/kx500-008-2\/"},"modified":"2026-03-20T16:25:19","modified_gmt":"2026-03-20T19:25:19","slug":"kx500-008-2","status":"publish","type":"product","link":"https:\/\/keltec.com.br\/it\/prodotto\/kx500-008-2\/","title":{"rendered":"KX500-008"},"content":{"rendered":"","protected":false},"excerpt":{"rendered":"<p>Kit V\u00e1lvula de Reten\u00e7\u00e3o de \u00f3leo<\/p>\n<p><a class=\"elementor-button elementor-button-link elementor-size-sm\" href=\"https:\/\/keltec.com.br\/wp-content\/uploads\/2026\/03\/KX500-008-PDF-1.pdf\" target=\"_blank\" rel=\"noopener\">Datasheet<\/a><\/p>","protected":false},"featured_media":35351,"template":"","meta":[],"product_brand":[],"product_cat":[2701],"product_tag":[],"marca":[13406,13401,20308,20309,20310,20311,20312,20314,20190,20313],"class_list":{"0":"post-9805","1":"product","2":"type-product","3":"status-publish","4":"has-post-thumbnail","6":"product_cat-reparo-de-valvulas","7":"marca-atlas-copco","8":"marca-chicago-pneumatic","9":"marca-cpdg75-100-brp091214-ate-bqdxxxxxx-bqd120107","10":"marca-cpvsg75-95-brp091214-ate-bqdxxxxxx-bqd120107","11":"marca-ga37-brp088051-ate-brp094855-bqd100000","12":"marca-ga45-brp088051-ate-brp094855-bqd100000","13":"marca-ga55-brp088033-ate-brp094855-bqd100000","14":"marca-ga55-vsd-brp087914-ate-brp094588-bqd100000","15":"marca-ga55vsd-api660-000-04-2012","16":"marca-ga75-brp088033-ate-brp094855-bqd100000","18":"first","19":"instock","20":"product-type-simple"},"acf":[],"_links":{"self":[{"href":"https:\/\/keltec.com.br\/it\/wp-json\/wp\/v2\/product\/9805","targetHints":{"allow":["GET"]}}],"collection":[{"href":"https:\/\/keltec.com.br\/it\/wp-json\/wp\/v2\/product"}],"about":[{"href":"https:\/\/keltec.com.br\/it\/wp-json\/wp\/v2\/types\/product"}],"wp:featuredmedia":[{"embeddable":true,"href":"https:\/\/keltec.com.br\/it\/wp-json\/wp\/v2\/media\/35351"}],"wp:attachment":[{"href":"https:\/\/keltec.com.br\/it\/wp-json\/wp\/v2\/media?parent=9805"}],"wp:term":[{"taxonomy":"product_brand","embeddable":true,"href":"https:\/\/keltec.com.br\/it\/wp-json\/wp\/v2\/product_brand?post=9805"},{"taxonomy":"product_cat","embeddable":true,"href":"https:\/\/keltec.com.br\/it\/wp-json\/wp\/v2\/product_cat?post=9805"},{"taxonomy":"product_tag","embeddable":true,"href":"https:\/\/keltec.com.br\/it\/wp-json\/wp\/v2\/product_tag?post=9805"},{"taxonomy":"marca","embeddable":true,"href":"https:\/\/keltec.com.br\/it\/wp-json\/wp\/v2\/marca?post=9805"}],"curies":[{"name":"wp","href":"https:\/\/api.w.org\/{rel}","templated":true}]}}