{"id":9817,"date":"2023-08-10T19:48:16","date_gmt":"2023-08-10T22:48:16","guid":{"rendered":"https:\/\/keltec.com.br\/produto\/kx500-021-2\/"},"modified":"2026-03-27T14:33:15","modified_gmt":"2026-03-27T17:33:15","slug":"kx500-021","status":"publish","type":"product","link":"https:\/\/keltec.com.br\/it\/prodotto\/kx500-021\/","title":{"rendered":"Modello KX500-021"},"content":{"rendered":"","protected":false},"excerpt":{"rendered":"<p>Kit V\u00e1lvula de Press\u00e3o M\u00ednima<\/p>\n<p><a class=\"elementor-button elementor-button-link elementor-size-sm\" href=\"https:\/\/keltec.com.br\/wp-content\/uploads\/2026\/03\/KX500-021-foto.jpg\" target=\"_blank\" rel=\"noopener\">DATASHEET<\/a><\/p>","protected":false},"featured_media":35352,"template":"","meta":[],"product_brand":[],"product_cat":[2701],"product_tag":[],"marca":[13406,13401,15073,19210,15076,19213,15079,15080,20221,20222,20223,20224,20225,20226,20227,20228,20229,15087,15089,15091,15092,14797,14530,13959,21056,14430,14802,13960,21164,14803,14534,13957,14809,14538,13961,21165,14810,13958,15145,13962,15144,15156,15146,14000,14439,20190,15147,13999,13830,15155,13829,15159,15157,14002,14446,14448,19405,13814,20191,14445,14001,13832,14447,13831,14003,14457,19422,13849,20192,14456,14458,13834,13833],"class_list":{"0":"post-9817","1":"product","2":"type-product","3":"status-publish","4":"has-post-thumbnail","6":"product_cat-reparo-de-valvulas","7":"marca-atlas-copco","8":"marca-chicago-pneumatic","9":"marca-cpbg-20-bqd123311-jun-2022-20-hp-75-85-10-13-bar","10":"marca-cpbg-20-bqr125317-20hp-75-85-10-13","11":"marca-cpbg-25-bqd123311-jun-2022-25-hp-75-85-10-13-bar","12":"marca-cpbg-25-bqr125317-25hp-75-8510-13","13":"marca-cpbg-30-bqd123311-jun-2022-30-hp-75-85-10-13-bar","14":"marca-cpbg-35-bqd123311-jun-2022-35-hp-75-85-10-13-bar","15":"marca-cpc40_22b-16-06-2016","16":"marca-cpc50-16-06-2016","17":"marca-cpc60_22b-16-06-2016","18":"marca-cpm40-16-06-2016","19":"marca-cpm50-16-06-2016","20":"marca-cpm60-16-06-2016","21":"marca-cpvm40-16-06-2016","22":"marca-cpvm50-16-06-2016","23":"marca-cpvm60-16-06-2016","24":"marca-cpvsd-20-bqd123311-jun-2022-20-hp","25":"marca-cpvsd-25-bqd123311-jun-2022-25-hp","26":"marca-cpvsd-30-bqd123311-jun-2022-30-hp","27":"marca-cpvsd-35-bqd123311-jun-2022-35-hp","28":"marca-ga30-brp062855-ate-brp069144-40-hp","29":"marca-ga30-brp069145-40-hp","30":"marca-ga30-brp088051-05-2013-40-hp","31":"marca-ga30aff-10-wux331599-mai-09","32":"marca-ga30vsd-wux586064-ago-2012-40-hp","33":"marca-ga37-brp062772-50-hp","34":"marca-ga37-brp088051-08-2013-50-hp-atlas-copco","35":"marca-ga37-api442000-07-2020","36":"marca-ga37-brp062855-50-hp","37":"marca-ga37-brp069145-50-hp","38":"marca-ga37-brp088051-08-2013-50-hp","39":"marca-ga45-brp062772-60-hp","40":"marca-ga45-brp069145-60-hp","41":"marca-ga45-brp088051-08-2013-60-hp","42":"marca-ga45-api442000-07-2020","43":"marca-ga45-brp062855-60-hp","44":"marca-ga45-brp088051-08-2013","45":"marca-ga45vsd-brp088051-08-2013","46":"marca-ga45vsd-bqd0110170-09-2017","47":"marca-ga45vsd-wux586064-ago-2012-60-hp","48":"marca-ga55-bqd0111845-jan-21-75-hp","49":"marca-ga55-brp062855-ate-brp088033-75-hp","50":"marca-ga55-bqd0111845-jan-21-75-hp-atlas-copco","51":"marca-ga55-brp060774-ate-brp088032-mai-2-006-75-hp","52":"marca-ga55vsd-api660-000-04-2012","53":"marca-ga55vsd-brp062772-75-hp","54":"marca-ga55vsd-bqd0110170-set-17-75-hp","55":"marca-ga55vsdff-bqd0103692-04-2015-75-hp","56":"marca-ga55vsdff-bqd0104700-42248-75-hp","57":"marca-ga55vsdff-brp087914-05-2013-75-hp","58":"marca-ga75-bqd0111845-44197-100-hp-atlas-copco","59":"marca-ga75-brp062855-ago-2-007-100-hp-7-85-10-12-bar","60":"marca-ga75-bqd0111845-44197-100-hp","61":"marca-ga75-brp060774-ate-brp088032-mai-2-006-100-hp","62":"marca-ga75-brp078597-2-011-100-hp","63":"marca-ga75lvsd-bqd118824-set-2022-100hp","64":"marca-ga75lvsd-bqdxxxxxx-e-api-a-partir-de-2019-43891-100-hp","65":"marca-ga75vsd-api660-000-04-2012","66":"marca-ga75vsd-brp060458-ate-brp087913-2006-100-hp","67":"marca-ga75vsd-bqd0110170-42979-100-hp","68":"marca-ga75vsdff-bqd0103692-04-2015-100-hp","69":"marca-ga75vsdff-brp060774-mai-2-006-100-hp","70":"marca-ga75vsdff-brp087914-05-2013-100-hp","71":"marca-ga90-bqd0111845-44197-125-hp","72":"marca-ga90-brp060774-ate-brp088032-mai-2-006-125-hp","73":"marca-ga90-vsd-bqd118824-set-2022-125hp","74":"marca-ga90-vsd-bqdxxxxxx-e-api-a-partir-de-2019-43891-125-hp","75":"marca-ga90vsd-api660-000-04-2012","76":"marca-ga90vsd-brp060458-ate-brp087913-2006-125-hp","77":"marca-ga90vsd-brp060774-mai-2-006-125-hp","78":"marca-ga90vsdff-bqd0103692-04-2015-125-hp","79":"marca-ga90vsdff-brp087914-05-2013-125-hp","81":"first","82":"instock","83":"product-type-simple"},"acf":[],"_links":{"self":[{"href":"https:\/\/keltec.com.br\/it\/wp-json\/wp\/v2\/product\/9817","targetHints":{"allow":["GET"]}}],"collection":[{"href":"https:\/\/keltec.com.br\/it\/wp-json\/wp\/v2\/product"}],"about":[{"href":"https:\/\/keltec.com.br\/it\/wp-json\/wp\/v2\/types\/product"}],"wp:featuredmedia":[{"embeddable":true,"href":"https:\/\/keltec.com.br\/it\/wp-json\/wp\/v2\/media\/35352"}],"wp:attachment":[{"href":"https:\/\/keltec.com.br\/it\/wp-json\/wp\/v2\/media?parent=9817"}],"wp:term":[{"taxonomy":"product_brand","embeddable":true,"href":"https:\/\/keltec.com.br\/it\/wp-json\/wp\/v2\/product_brand?post=9817"},{"taxonomy":"product_cat","embeddable":true,"href":"https:\/\/keltec.com.br\/it\/wp-json\/wp\/v2\/product_cat?post=9817"},{"taxonomy":"product_tag","embeddable":true,"href":"https:\/\/keltec.com.br\/it\/wp-json\/wp\/v2\/product_tag?post=9817"},{"taxonomy":"marca","embeddable":true,"href":"https:\/\/keltec.com.br\/it\/wp-json\/wp\/v2\/marca?post=9817"}],"curies":[{"name":"wp","href":"https:\/\/api.w.org\/{rel}","templated":true}]}}