{"id":9917,"date":"2023-08-10T19:48:36","date_gmt":"2023-08-10T22:48:36","guid":{"rendered":"https:\/\/keltec.com.br\/produto\/kx800-017-2\/"},"modified":"2026-03-13T09:50:16","modified_gmt":"2026-03-13T12:50:16","slug":"kx800-017","status":"publish","type":"product","link":"https:\/\/keltec.com.br\/it\/prodotto\/kx800-017\/","title":{"rendered":"KX800-017"},"content":{"rendered":"","protected":false},"excerpt":{"rendered":"<p>Kit Reparo da V\u00e1lvula Press\u00e3o M\u00ednima<\/p>","protected":false},"featured_media":34499,"template":"","meta":[],"product_brand":[],"product_cat":[2701],"product_tag":[],"marca":[13406,13799,13803,13920,13921,13798,15180,15188,15187,15852,15200,15198,15199,15192,15190,15191,15197,15195,15196,15194,15193,13801,13802,13922,13923,13800,15223,15221,15222,15217,15215,15216,15220,15218,15219,15211,15210,15213,15214,15212,15854,14690,13796,13797,14024,14025,13795,15174,15175],"class_list":{"0":"post-9917","1":"product","2":"type-product","3":"status-publish","4":"has-post-thumbnail","6":"product_cat-reparo-de-valvulas","7":"marca-atlas-copco","8":"marca-ga110-elektronikon-mk-i-150-hp-7-85-10-12-bar","9":"marca-ga110-elektronikon-mk-iii-314-999-150-hp-7-85-10-12-bar","10":"marca-ga110-elektronikon-mk-iii-315-000-150-hp-7-85-10-12-bar","11":"marca-ga110-elektronikon-mk-iv-315-779-ago-2004-150-hp-7-85-10-12-bar","12":"marca-ga110-eletropneumatico-150-hp-7-85-10-12-bar","13":"marca-ga110apack-brp076034-fev-2011-150-hp-69-86-104-138-bar","14":"marca-ga132-apack-brp076034-fev-2011-c146-177-hp-138-bar","15":"marca-ga132-apack-brp076034-fev-2011-c190-177-hp-69-86-104-bar","16":"marca-ga132-elektronikon-mk-iv-315-779-ago-2004-200-hp-7-85-10-12-bar","17":"marca-ga132-bqd102693-05-2015-177-hp-104-138bar","18":"marca-ga132-bqd102693-05-2015-177-hp-52bar","19":"marca-ga132-bqd102693-05-2015-177-hp-69-86bar","20":"marca-ga132-brp071853-03-2011-177-hp-104-138bar","21":"marca-ga132-brp071853-03-2011-177-hp-52bar","22":"marca-ga132-brp071853-03-2011-177-hp-69-86bar","23":"marca-ga132-brp084244-01-2014-177-hp-104-138bar","24":"marca-ga132-brp084244-01-2014-177-hp-52bar","25":"marca-ga132-brp084244-01-2014-177-hp-69-86bar","26":"marca-ga132vsd-brp071853-07-2012-177-hp-104-bar","27":"marca-ga132vsd-brp071853-07-2012-177-hp-86-bar","28":"marca-ga160-elektronikon-mk-i-200-hp-7-85-10-12-bar","29":"marca-ga160-elektronikon-mk-iii-314-999-200-hp-7-85-10-12-bar","30":"marca-ga160-elektronikon-mk-iii-315-000-2000-apos-200-hp-7-85-10-12-bar","31":"marca-ga160-elektronikon-mk-iv-315-779-ago-2004-200-hp-7-85-10-12-bar","32":"marca-ga160-eletropneumatico-1992-apos-200-hp-7-85-10-12-bar","33":"marca-ga160-bqd102693-05-2015-200-hp-138bar","34":"marca-ga160-bqd102693-05-2015-200-hp-69bar","35":"marca-ga160-bqd102693-05-2015-200-hp-86-104bar","36":"marca-ga160-brp071853-07-2012-200-hp-138bar","37":"marca-ga160-brp071853-07-2012-200-hp-69bar","38":"marca-ga160-brp071853-07-2012-200-hp-86-104bar","39":"marca-ga160-brp084244-01-2014-200-hp-138bar","40":"marca-ga160-brp084244-01-2014-200-hp-69bar","41":"marca-ga160-brp084244-01-2014-200-hp-86-104bar","42":"marca-ga160apack-brp076034-fev-2011-200-hp-138-bar","43":"marca-ga160apack-brp076034-fev-2011-200-hp-69-86-104-bar","44":"marca-ga160vsd-brp071853-nov-2010-200-hp-104-bar","45":"marca-ga160vsd-brp071853-nov-2010-200-hp-138-bar","46":"marca-ga160vsd-brp071853-nov-2010-200-hp-86-bar","47":"marca-ga180vsdff-nov-2003-250-hp","48":"marca-ga180vsdff-heavy-duty-nov-2003-250-hp","49":"marca-ga90-elektronikon-mk-i-125-hp-7-85-10-12-bar","50":"marca-ga90-elektronikon-mk-iii-314-999-125-hp-7-85-10-12-bar","51":"marca-ga90-elektronikon-mk-iii-315-000-abr-2003-125-hp-7-85-10-12-bar","52":"marca-ga90-elektronikon-mk-iv-315-779-ago-2004-125-hp-7-85-10-12-bar","53":"marca-ga90-eletropneumatico-125-hp-7-85-10-12-bar","54":"marca-ga90-brp071853-03-2011-125-hp-52-69bar","55":"marca-ga90-brp071853-03-2011-125-hp-86-104-138bar","57":"first","58":"instock","59":"product-type-simple"},"acf":[],"_links":{"self":[{"href":"https:\/\/keltec.com.br\/it\/wp-json\/wp\/v2\/product\/9917","targetHints":{"allow":["GET"]}}],"collection":[{"href":"https:\/\/keltec.com.br\/it\/wp-json\/wp\/v2\/product"}],"about":[{"href":"https:\/\/keltec.com.br\/it\/wp-json\/wp\/v2\/types\/product"}],"wp:featuredmedia":[{"embeddable":true,"href":"https:\/\/keltec.com.br\/it\/wp-json\/wp\/v2\/media\/34499"}],"wp:attachment":[{"href":"https:\/\/keltec.com.br\/it\/wp-json\/wp\/v2\/media?parent=9917"}],"wp:term":[{"taxonomy":"product_brand","embeddable":true,"href":"https:\/\/keltec.com.br\/it\/wp-json\/wp\/v2\/product_brand?post=9917"},{"taxonomy":"product_cat","embeddable":true,"href":"https:\/\/keltec.com.br\/it\/wp-json\/wp\/v2\/product_cat?post=9917"},{"taxonomy":"product_tag","embeddable":true,"href":"https:\/\/keltec.com.br\/it\/wp-json\/wp\/v2\/product_tag?post=9917"},{"taxonomy":"marca","embeddable":true,"href":"https:\/\/keltec.com.br\/it\/wp-json\/wp\/v2\/marca?post=9917"}],"curies":[{"name":"wp","href":"https:\/\/api.w.org\/{rel}","templated":true}]}}