{"id":10847,"date":"2023-08-11T06:27:07","date_gmt":"2023-08-11T09:27:07","guid":{"rendered":"https:\/\/keltec.com.br\/?page_id=10847"},"modified":"2024-02-15T17:23:49","modified_gmt":"2024-02-15T20:23:49","slug":"abafador-de-ruido-do-ar","status":"publish","type":"page","link":"https:\/\/keltec.com.br\/nl\/abafador-de-ruido-do-ar\/","title":{"rendered":"Luchtgeluiddemper"},"content":{"rendered":"<div data-elementor-type=\"wp-page\" data-elementor-id=\"10847\" class=\"elementor elementor-10847\" data-elementor-post-type=\"page\">\n\t\t\t\t\t\t<section class=\"elementor-section elementor-top-section elementor-element elementor-element-cd1ec18 elementor-section-boxed elementor-section-height-default elementor-section-height-default\" data-id=\"cd1ec18\" data-element_type=\"section\" data-e-type=\"section\">\n\t\t\t\t\t\t<div class=\"elementor-container elementor-column-gap-no\">\n\t\t\t\t\t<div class=\"elementor-column elementor-col-100 elementor-top-column elementor-element elementor-element-e53ef90\" data-id=\"e53ef90\" data-element_type=\"column\" data-e-type=\"column\">\n\t\t\t<div class=\"elementor-widget-wrap elementor-element-populated\">\n\t\t\t\t\t\t<section class=\"elementor-section elementor-inner-section elementor-element elementor-element-909f727 elementor-section-full_width elementor-section-height-default elementor-section-height-default\" data-id=\"909f727\" data-element_type=\"section\" data-e-type=\"section\">\n\t\t\t\t\t\t<div class=\"elementor-container elementor-column-gap-wide\">\n\t\t\t\t\t<div class=\"elementor-column elementor-col-50 elementor-inner-column elementor-element elementor-element-d1cfafd\" data-id=\"d1cfafd\" data-element_type=\"column\" data-e-type=\"column\">\n\t\t\t<div class=\"elementor-widget-wrap elementor-element-populated\">\n\t\t\t\t\t\t<div class=\"elementor-element elementor-element-66c8c2d elementor-widget elementor-widget-image\" data-id=\"66c8c2d\" data-element_type=\"widget\" data-e-type=\"widget\" data-widget_type=\"image.default\">\n\t\t\t\t<div class=\"elementor-widget-container\">\n\t\t\t\t\t\t\t\t\t\t\t\t\t\t\t<img fetchpriority=\"high\" decoding=\"async\" width=\"960\" height=\"368\" src=\"https:\/\/keltec.com.br\/wp-content\/uploads\/2023\/11\/WhatsApp-Image-2023-11-06-at-09.44.53.jpeg\" class=\"attachment-large size-large wp-image-29859\" alt=\"\" srcset=\"https:\/\/keltec.com.br\/wp-content\/uploads\/2023\/11\/WhatsApp-Image-2023-11-06-at-09.44.53.jpeg 960w, https:\/\/keltec.com.br\/wp-content\/uploads\/2023\/11\/WhatsApp-Image-2023-11-06-at-09.44.53-300x115.jpeg 300w, https:\/\/keltec.com.br\/wp-content\/uploads\/2023\/11\/WhatsApp-Image-2023-11-06-at-09.44.53-768x294.jpeg 768w, https:\/\/keltec.com.br\/wp-content\/uploads\/2023\/11\/WhatsApp-Image-2023-11-06-at-09.44.53-18x7.jpeg 18w, https:\/\/keltec.com.br\/wp-content\/uploads\/2023\/11\/WhatsApp-Image-2023-11-06-at-09.44.53-600x230.jpeg 600w\" sizes=\"(max-width: 960px) 100vw, 960px\" \/>\t\t\t\t\t\t\t\t\t\t\t\t\t\t\t<\/div>\n\t\t\t\t<\/div>\n\t\t\t\t\t<\/div>\n\t\t<\/div>\n\t\t\t\t<div class=\"elementor-column elementor-col-50 elementor-inner-column elementor-element elementor-element-4d2c7f2\" data-id=\"4d2c7f2\" data-element_type=\"column\" data-e-type=\"column\">\n\t\t\t<div class=\"elementor-widget-wrap elementor-element-populated\">\n\t\t\t\t\t\t<div class=\"elementor-element elementor-element-0d41347 elementor-widget elementor-widget-text-editor\" data-id=\"0d41347\" data-element_type=\"widget\" data-e-type=\"widget\" data-widget_type=\"text-editor.default\">\n\t\t\t\t<div class=\"elementor-widget-container\">\n\t\t\t\t\t\t\t\t\t<p>Wij beschikken over een complete lijn geluidsdempers voor luchtafvoer. KELTEC biedt een verscheidenheid aan uitlaatdempers voor het zuiveren, zowel voor luchtcompressoren als adsorptieluchtdrogers tegen concurrerende prijzen.<\/p><p>Reken op Keltec voor het vervangen van door droogmiddelen en\/of smeermiddelen verontreinigde dempers.<\/p>\t\t\t\t\t\t\t\t<\/div>\n\t\t\t\t<\/div>\n\t\t\t\t<section class=\"elementor-section elementor-inner-section elementor-element elementor-element-fb1a65e elementor-section-boxed elementor-section-height-default elementor-section-height-default\" data-id=\"fb1a65e\" data-element_type=\"section\" data-e-type=\"section\">\n\t\t\t\t\t\t<div class=\"elementor-container elementor-column-gap-default\">\n\t\t\t\t\t<div class=\"elementor-column elementor-col-100 elementor-inner-column elementor-element elementor-element-017eadc\" data-id=\"017eadc\" data-element_type=\"column\" data-e-type=\"column\">\n\t\t\t<div class=\"elementor-widget-wrap elementor-element-populated\">\n\t\t\t\t\t\t<div class=\"elementor-element elementor-element-fb10d00 elementor-widget elementor-widget-button\" data-id=\"fb10d00\" data-element_type=\"widget\" data-e-type=\"widget\" data-widget_type=\"button.default\">\n\t\t\t\t<div class=\"elementor-widget-container\">\n\t\t\t\t\t\t\t\t\t<div class=\"elementor-button-wrapper\">\n\t\t\t\t\t<a class=\"elementor-button elementor-button-link elementor-size-sm\" href=\"https:\/\/keltec.com.br\/wp-content\/uploads\/2023\/11\/KELTEC-MUFFLER-LINE-BROCHURE-in-stock-JULY-25-2023-compressed.pdf\" target=\"_blank\">\n\t\t\t\t\t\t<span class=\"elementor-button-content-wrapper\">\n\t\t\t\t\t\t<span class=\"elementor-button-icon\">\n\t\t\t\t<i aria-hidden=\"true\" class=\"fas fa-book\"><\/i>\t\t\t<\/span>\n\t\t\t\t\t\t\t\t\t<span class=\"elementor-button-text\">catalogus downloaden<\/span>\n\t\t\t\t\t<\/span>\n\t\t\t\t\t<\/a>\n\t\t\t\t<\/div>\n\t\t\t\t\t\t\t\t<\/div>\n\t\t\t\t<\/div>\n\t\t\t\t\t<\/div>\n\t\t<\/div>\n\t\t\t\t\t<\/div>\n\t\t<\/section>\n\t\t\t\t\t<\/div>\n\t\t<\/div>\n\t\t\t\t\t<\/div>\n\t\t<\/section>\n\t\t\t\t\t<\/div>\n\t\t<\/div>\n\t\t\t\t\t<\/div>\n\t\t<\/section>\n\t\t\t\t<section class=\"elementor-section elementor-top-section elementor-element elementor-element-ab24ebe elementor-section-boxed elementor-section-height-default elementor-section-height-default\" data-id=\"ab24ebe\" data-element_type=\"section\" data-e-type=\"section\" data-settings=\"{&quot;background_background&quot;:&quot;classic&quot;}\">\n\t\t\t\t\t\t<div class=\"elementor-container elementor-column-gap-default\">\n\t\t\t\t\t<div class=\"elementor-column elementor-col-100 elementor-top-column elementor-element elementor-element-1d51dfa\" data-id=\"1d51dfa\" data-element_type=\"column\" data-e-type=\"column\">\n\t\t\t<div class=\"elementor-widget-wrap elementor-element-populated\">\n\t\t\t\t\t\t<div class=\"elementor-element elementor-element-3fc98d1 elementor-widget elementor-widget-spacer\" data-id=\"3fc98d1\" data-element_type=\"widget\" data-e-type=\"widget\" data-widget_type=\"spacer.default\">\n\t\t\t\t<div class=\"elementor-widget-container\">\n\t\t\t\t\t\t\t<div class=\"elementor-spacer\">\n\t\t\t<div class=\"elementor-spacer-inner\"><\/div>\n\t\t<\/div>\n\t\t\t\t\t\t<\/div>\n\t\t\t\t<\/div>\n\t\t\t\t<div class=\"elementor-element elementor-element-d69e87e elementor-product-loop-item--align-left elementor-grid-4 elementor-grid-tablet-3 elementor-grid-mobile-2 elementor-products-grid elementor-wc-products elementor-show-pagination-border-yes elementor-widget elementor-widget-woocommerce-products\" data-id=\"d69e87e\" data-element_type=\"widget\" data-e-type=\"widget\" data-widget_type=\"woocommerce-products.default\">\n\t\t\t\t<div class=\"elementor-widget-container\">\n\t\t\t\t\t<div class=\"woocommerce columns-4\"><div class=\"woocommerce-notices-wrapper\"><\/div><ul class=\"products elementor-grid columns-4\">\n<li class=\"product type-product post-9113 status-publish first instock product_cat-exaustor-silencioso-do-ar product-type-simple\">\n\t<a href=\"https:\/\/keltec.com.br\/nl\/product\/aem-25-2\/\" class=\"woocommerce-LoopProduct-link woocommerce-loop-product__link\"><img decoding=\"async\" width=\"300\" height=\"300\" src=\"https:\/\/keltec.com.br\/wp-content\/uploads\/2023\/10\/Sem-Titulo-1-300x300.png\" class=\"woocommerce-placeholder wp-post-image\" alt=\"Plaatshouder\" srcset=\"https:\/\/keltec.com.br\/wp-content\/uploads\/2023\/10\/Sem-Titulo-1-300x300.png 300w, https:\/\/keltec.com.br\/wp-content\/uploads\/2023\/10\/Sem-Titulo-1-150x150.png 150w, https:\/\/keltec.com.br\/wp-content\/uploads\/2023\/10\/Sem-Titulo-1-12x12.png 12w, https:\/\/keltec.com.br\/wp-content\/uploads\/2023\/10\/Sem-Titulo-1-100x100.png 100w, https:\/\/keltec.com.br\/wp-content\/uploads\/2023\/10\/Sem-Titulo-1.png 600w\" sizes=\"(max-width: 300px) 100vw, 300px\" data-no-translation-alt=\"\" \/><h2 class=\"woocommerce-loop-product__title\">AEM-25<\/h2>\n\t<span class=\"price\"><span class=\"woocommerce-Price-amount amount\"><bdi><span class=\"woocommerce-Price-currencySymbol\">R$<\/span>0,00<\/bdi><\/span><\/span>\n<\/a><a href=\"https:\/\/keltec.com.br\/nl\/product\/aem-25-2\/\" aria-describedby=\"woocommerce_loop_add_to_cart_link_describedby_9113\" data-quantity=\"1\" class=\"button product_type_simple\" data-product_id=\"9113\" data-product_sku=\"AEM-25\" aria-label=\"Meer informatie over &#039;AEM-25&#039;\" rel=\"nofollow\" data-success_message=\"\" data-no-translation=\"\" data-trp-gettext=\"\" data-no-translation-aria-label=\"\">Lees meer<\/a>\t<span id=\"woocommerce_loop_add_to_cart_link_describedby_9113\" class=\"screen-reader-text\">\n\t\t\t<\/span>\n<\/li>\n<\/ul>\n<\/div>\t\t\t\t<\/div>\n\t\t\t\t<\/div>\n\t\t\t\t\t<\/div>\n\t\t<\/div>\n\t\t\t\t\t<\/div>\n\t\t<\/section>\n\t\t\t\t<section class=\"elementor-section elementor-top-section elementor-element elementor-element-fbb9561 elementor-section-boxed elementor-section-height-default elementor-section-height-default\" data-id=\"fbb9561\" data-element_type=\"section\" data-e-type=\"section\" data-settings=\"{&quot;background_background&quot;:&quot;classic&quot;}\">\n\t\t\t\t\t\t<div class=\"elementor-container elementor-column-gap-default\">\n\t\t\t\t\t<div class=\"elementor-column elementor-col-100 elementor-top-column elementor-element elementor-element-39e5bec\" data-id=\"39e5bec\" data-element_type=\"column\" data-e-type=\"column\">\n\t\t\t<div class=\"elementor-widget-wrap elementor-element-populated\">\n\t\t\t\t\t\t<div class=\"elementor-element elementor-element-079b37d elementor-widget elementor-widget-spacer\" data-id=\"079b37d\" data-element_type=\"widget\" data-e-type=\"widget\" data-widget_type=\"spacer.default\">\n\t\t\t\t<div class=\"elementor-widget-container\">\n\t\t\t\t\t\t\t<div class=\"elementor-spacer\">\n\t\t\t<div class=\"elementor-spacer-inner\"><\/div>\n\t\t<\/div>\n\t\t\t\t\t\t<\/div>\n\t\t\t\t<\/div>\n\t\t\t\t\t<\/div>\n\t\t<\/div>\n\t\t\t\t\t<\/div>\n\t\t<\/section>\n\t\t\t\t<section class=\"elementor-section elementor-top-section elementor-element elementor-element-4477493 elementor-section-boxed elementor-section-height-default elementor-section-height-default\" data-id=\"4477493\" data-element_type=\"section\" data-e-type=\"section\">\n\t\t\t\t\t\t<div class=\"elementor-container elementor-column-gap-default\">\n\t\t\t\t\t<div class=\"elementor-column elementor-col-100 elementor-top-column elementor-element elementor-element-a555c9f\" data-id=\"a555c9f\" data-element_type=\"column\" data-e-type=\"column\">\n\t\t\t<div class=\"elementor-widget-wrap elementor-element-populated\">\n\t\t\t\t\t\t<section class=\"elementor-section elementor-inner-section elementor-element elementor-element-f53d80f elementor-section-full_width elementor-section-content-middle elementor-section-height-default elementor-section-height-default\" data-id=\"f53d80f\" data-element_type=\"section\" data-e-type=\"section\" data-settings=\"{&quot;background_background&quot;:&quot;classic&quot;}\">\n\t\t\t\t\t\t<div class=\"elementor-container elementor-column-gap-default\">\n\t\t\t\t\t<div class=\"elementor-column elementor-col-25 elementor-inner-column elementor-element elementor-element-fc06a43\" data-id=\"fc06a43\" data-element_type=\"column\" data-e-type=\"column\">\n\t\t\t<div class=\"elementor-widget-wrap elementor-element-populated\">\n\t\t\t\t\t\t<div class=\"elementor-element elementor-element-9b0e8eb elementor-widget elementor-widget-heading\" data-id=\"9b0e8eb\" data-element_type=\"widget\" data-e-type=\"widget\" data-widget_type=\"heading.default\">\n\t\t\t\t<div class=\"elementor-widget-container\">\n\t\t\t\t\t<h3 class=\"elementor-heading-title elementor-size-default\">Maak uw begroting<\/h3>\t\t\t\t<\/div>\n\t\t\t\t<\/div>\n\t\t\t\t<div class=\"elementor-element elementor-element-072306b elementor-widget elementor-widget-heading\" data-id=\"072306b\" data-element_type=\"widget\" data-e-type=\"widget\" data-widget_type=\"heading.default\">\n\t\t\t\t<div class=\"elementor-widget-container\">\n\t\t\t\t\t<p class=\"elementor-heading-title elementor-size-default\">Neem contact op met de dichtstbijzijnde Keltec Technolab-distributeur.\n\n<\/p>\t\t\t\t<\/div>\n\t\t\t\t<\/div>\n\t\t\t\t\t<\/div>\n\t\t<\/div>\n\t\t\t\t<div class=\"elementor-column elementor-col-25 elementor-inner-column elementor-element elementor-element-7a8f6ba\" data-id=\"7a8f6ba\" data-element_type=\"column\" data-e-type=\"column\">\n\t\t\t<div class=\"elementor-widget-wrap elementor-element-populated\">\n\t\t\t\t\t\t<div class=\"elementor-element elementor-element-5e92f77 elementor-widget elementor-widget-heading\" data-id=\"5e92f77\" data-element_type=\"widget\" data-e-type=\"widget\" data-widget_type=\"heading.default\">\n\t\t\t\t<div class=\"elementor-widget-container\">\n\t\t\t\t\t<p class=\"elementor-heading-title elementor-size-default\">Neem telefonisch contact op <\/p>\t\t\t\t<\/div>\n\t\t\t\t<\/div>\n\t\t\t\t<div class=\"elementor-element elementor-element-dbd26ff elementor-widget elementor-widget-heading\" data-id=\"dbd26ff\" data-element_type=\"widget\" data-e-type=\"widget\" data-widget_type=\"heading.default\">\n\t\t\t\t<div class=\"elementor-widget-container\">\n\t\t\t\t\t<h3 class=\"elementor-heading-title elementor-size-default\">(19) 3115-7900<\/h3>\t\t\t\t<\/div>\n\t\t\t\t<\/div>\n\t\t\t\t\t<\/div>\n\t\t<\/div>\n\t\t\t\t<div class=\"elementor-column elementor-col-25 elementor-inner-column elementor-element elementor-element-57fadfe\" data-id=\"57fadfe\" data-element_type=\"column\" data-e-type=\"column\">\n\t\t\t<div class=\"elementor-widget-wrap elementor-element-populated\">\n\t\t\t\t\t\t<div class=\"elementor-element elementor-element-06843f0 elementor-widget elementor-widget-heading\" data-id=\"06843f0\" data-element_type=\"widget\" data-e-type=\"widget\" data-widget_type=\"heading.default\">\n\t\t\t\t<div class=\"elementor-widget-container\">\n\t\t\t\t\t<p class=\"elementor-heading-title elementor-size-default\">Of per e-mail<\/p>\t\t\t\t<\/div>\n\t\t\t\t<\/div>\n\t\t\t\t<div class=\"elementor-element elementor-element-30335cc elementor-widget elementor-widget-heading\" data-id=\"30335cc\" data-element_type=\"widget\" data-e-type=\"widget\" data-widget_type=\"heading.default\">\n\t\t\t\t<div class=\"elementor-widget-container\">\n\t\t\t\t\t<h3 class=\"elementor-heading-title elementor-size-default\">sales@keltec.ind.br<\/h3>\t\t\t\t<\/div>\n\t\t\t\t<\/div>\n\t\t\t\t\t<\/div>\n\t\t<\/div>\n\t\t\t\t<div class=\"elementor-column elementor-col-25 elementor-inner-column elementor-element elementor-element-0ca34f7\" data-id=\"0ca34f7\" data-element_type=\"column\" data-e-type=\"column\">\n\t\t\t<div class=\"elementor-widget-wrap elementor-element-populated\">\n\t\t\t\t\t\t<div class=\"elementor-element elementor-element-9370227 elementor-widget elementor-widget-heading\" data-id=\"9370227\" data-element_type=\"widget\" data-e-type=\"widget\" data-widget_type=\"heading.default\">\n\t\t\t\t<div class=\"elementor-widget-container\">\n\t\t\t\t\t<p class=\"elementor-heading-title elementor-size-default\">Vergeet niet dat ons servicekanaal exclusief is voor geautoriseerde Keltec-distributeurs.\n\n<\/p>\t\t\t\t<\/div>\n\t\t\t\t<\/div>\n\t\t\t\t\t<\/div>\n\t\t<\/div>\n\t\t\t\t\t<\/div>\n\t\t<\/section>\n\t\t\t\t\t<\/div>\n\t\t<\/div>\n\t\t\t\t\t<\/div>\n\t\t<\/section>\n\t\t\t\t<section class=\"elementor-section elementor-top-section elementor-element elementor-element-f27cf45 elementor-section-content-middle elementor-section-boxed elementor-section-height-default elementor-section-height-default\" data-id=\"f27cf45\" data-element_type=\"section\" data-e-type=\"section\">\n\t\t\t\t\t\t<div class=\"elementor-container elementor-column-gap-default\">\n\t\t\t\t\t<div class=\"elementor-column elementor-col-33 elementor-top-column elementor-element elementor-element-5830a49\" data-id=\"5830a49\" data-element_type=\"column\" data-e-type=\"column\">\n\t\t\t<div class=\"elementor-widget-wrap\">\n\t\t\t\t\t\t\t<\/div>\n\t\t<\/div>\n\t\t\t\t<div class=\"elementor-column elementor-col-33 elementor-top-column elementor-element elementor-element-486d7e3\" data-id=\"486d7e3\" data-element_type=\"column\" data-e-type=\"column\">\n\t\t\t<div class=\"elementor-widget-wrap elementor-element-populated\">\n\t\t\t\t\t\t<div class=\"elementor-element elementor-element-5213c79 elementor-widget elementor-widget-image\" data-id=\"5213c79\" data-element_type=\"widget\" data-e-type=\"widget\" data-widget_type=\"image.default\">\n\t\t\t\t<div class=\"elementor-widget-container\">\n\t\t\t\t\t\t\t\t\t\t\t\t\t\t\t<img decoding=\"async\" width=\"1024\" height=\"742\" src=\"https:\/\/keltec.com.br\/wp-content\/uploads\/2023\/03\/Selo-Keltec-03-1024x742.png\" class=\"attachment-large size-large wp-image-2588\" alt=\"\" srcset=\"https:\/\/keltec.com.br\/wp-content\/uploads\/2023\/03\/Selo-Keltec-03-1024x742.png 1024w, https:\/\/keltec.com.br\/wp-content\/uploads\/2023\/03\/Selo-Keltec-03-300x217.png 300w, https:\/\/keltec.com.br\/wp-content\/uploads\/2023\/03\/Selo-Keltec-03-768x557.png 768w, https:\/\/keltec.com.br\/wp-content\/uploads\/2023\/03\/Selo-Keltec-03-1536x1114.png 1536w, https:\/\/keltec.com.br\/wp-content\/uploads\/2023\/03\/Selo-Keltec-03-2048x1485.png 2048w, https:\/\/keltec.com.br\/wp-content\/uploads\/2023\/03\/Selo-Keltec-03-600x435.png 600w\" sizes=\"(max-width: 1024px) 100vw, 1024px\" \/>\t\t\t\t\t\t\t\t\t\t\t\t\t\t\t<\/div>\n\t\t\t\t<\/div>\n\t\t\t\t\t<\/div>\n\t\t<\/div>\n\t\t\t\t<div class=\"elementor-column elementor-col-33 elementor-top-column elementor-element elementor-element-0ce0a70\" data-id=\"0ce0a70\" data-element_type=\"column\" data-e-type=\"column\">\n\t\t\t<div class=\"elementor-widget-wrap elementor-element-populated\">\n\t\t\t\t\t\t<div class=\"elementor-element elementor-element-2e93393 elementor-widget elementor-widget-text-editor\" data-id=\"2e93393\" data-element_type=\"widget\" data-e-type=\"widget\" data-widget_type=\"text-editor.default\">\n\t\t\t\t<div class=\"elementor-widget-container\">\n\t\t\t\t\t\t\t\t\t<p>Zoals al onze producten zijn KELTEC Technolab-oliefilters vervaardigd met materialen en vakmanschap van de hoogste kwaliteit.<\/p>\t\t\t\t\t\t\t\t<\/div>\n\t\t\t\t<\/div>\n\t\t\t\t\t<\/div>\n\t\t<\/div>\n\t\t\t\t\t<\/div>\n\t\t<\/section>\n\t\t\t\t<\/div>","protected":false},"excerpt":{"rendered":"<p>Temos uma linha completa abafadores de ru\u00eddos para descarga de ar.\u00a0A KELTEC disponibiliza uma variedade de abafadores de exaust\u00e3o para purga, tanto para compressores de ar quanto para secadores do ar por adsor\u00e7\u00e3o a pre\u00e7os competitivos. Conte com a Keltec na reposi\u00e7\u00e3o de Abafadores contaminados por dessecantes e ou lubrificantes. baixar cat\u00e1logo Fa\u00e7a seu or\u00e7amento [&hellip;]<\/p>","protected":false},"author":1,"featured_media":0,"parent":0,"menu_order":0,"comment_status":"closed","ping_status":"closed","template":"elementor_header_footer","meta":{"footnotes":""},"class_list":["post-10847","page","type-page","status-publish","hentry"],"acf":[],"_links":{"self":[{"href":"https:\/\/keltec.com.br\/nl\/wp-json\/wp\/v2\/pages\/10847","targetHints":{"allow":["GET"]}}],"collection":[{"href":"https:\/\/keltec.com.br\/nl\/wp-json\/wp\/v2\/pages"}],"about":[{"href":"https:\/\/keltec.com.br\/nl\/wp-json\/wp\/v2\/types\/page"}],"author":[{"embeddable":true,"href":"https:\/\/keltec.com.br\/nl\/wp-json\/wp\/v2\/users\/1"}],"replies":[{"embeddable":true,"href":"https:\/\/keltec.com.br\/nl\/wp-json\/wp\/v2\/comments?post=10847"}],"version-history":[{"count":0,"href":"https:\/\/keltec.com.br\/nl\/wp-json\/wp\/v2\/pages\/10847\/revisions"}],"wp:attachment":[{"href":"https:\/\/keltec.com.br\/nl\/wp-json\/wp\/v2\/media?parent=10847"}],"curies":[{"name":"wp","href":"https:\/\/api.w.org\/{rel}","templated":true}]}}