{"id":29748,"date":"2023-10-19T12:41:42","date_gmt":"2023-10-19T15:41:42","guid":{"rendered":"https:\/\/keltec.com.br\/?page_id=29748"},"modified":"2023-10-19T12:42:45","modified_gmt":"2023-10-19T15:42:45","slug":"termos-de-uso","status":"publish","type":"page","link":"https:\/\/keltec.com.br\/nl\/termos-de-uso\/","title":{"rendered":"Gebruiksvoorwaarden"},"content":{"rendered":"<div data-elementor-type=\"wp-page\" data-elementor-id=\"29748\" class=\"elementor elementor-29748\" data-elementor-post-type=\"page\">\n\t\t\t\t\t\t<section class=\"elementor-section elementor-top-section elementor-element elementor-element-852fc21 elementor-section-boxed elementor-section-height-default elementor-section-height-default\" data-id=\"852fc21\" data-element_type=\"section\" data-e-type=\"section\">\n\t\t\t\t\t\t<div class=\"elementor-container elementor-column-gap-default\">\n\t\t\t\t\t<div class=\"elementor-column elementor-col-100 elementor-top-column elementor-element elementor-element-2accc3bd\" data-id=\"2accc3bd\" data-element_type=\"column\" data-e-type=\"column\">\n\t\t\t<div class=\"elementor-widget-wrap elementor-element-populated\">\n\t\t\t\t\t\t<div class=\"elementor-element elementor-element-266f9d73 elementor-widget elementor-widget-text-editor\" data-id=\"266f9d73\" data-element_type=\"widget\" data-e-type=\"widget\" data-widget_type=\"text-editor.default\">\n\t\t\t\t<div class=\"elementor-widget-container\">\n\t\t\t\t\t\t\t\t\t\n<p>Welkom op de website van Keltec do Brasil (<a href=\"https:\/\/keltec.ind.br\/\">https:\/\/keltec.ind.br<\/a>). Door deze website te bezoeken en te gebruiken, gaat u ermee akkoord dat u zich houdt aan en gebonden bent aan deze gebruiksvoorwaarden. Als u niet akkoord gaat met deze voorwaarden, mag u deze website niet blijven gebruiken.<\/p>\n\n\n\n<p><strong>1. Gebruik van de site<\/strong><\/p>\n\n\n\n<p>1.1. U gaat ermee akkoord deze website alleen te gebruiken voor wettige doeleinden en in overeenstemming met alle toepasselijke wet- en regelgeving.<\/p>\n\n\n\n<p>1.2. U stemt ermee in geen acties te ondernemen die het functioneren van deze website kunnen schaden, inclusief de introductie van virussen, malware of andere cyberbedreigingen.<\/p>\n\n\n\n<p><strong>2. Site-inhoud<\/strong><\/p>\n\n\n\n<p>2.1. Alle inhoud op deze website, inclusief tekst, afbeeldingen, grafische afbeeldingen, logo&#039;s en andere materialen, is eigendom van Keltec do Brasil of haar licentiegevers en wordt beschermd door auteursrechtwetten en andere intellectuele eigendomsrechten.<\/p>\n\n\n\n<p>2.2. Het is u niet toegestaan om enige inhoud op deze site te reproduceren, distribueren, verzenden, wijzigen, afgeleide werken te cre\u00ebren of te gebruiken zonder schriftelijke toestemming van Keltec do Brasil.<\/p>\n\n\n\n<p><strong>3. Links naar derde partijen<\/strong><\/p>\n\n\n\n<p>Deze website kan links naar websites van derden bevatten. Keltec do Brasil is niet verantwoordelijk voor de inhoud of het privacybeleid van deze sites. Het opnemen van links impliceert geen goedkeuring of ondersteuning door Keltec do Brasil.<\/p>\n\n\n\n<p><strong>4. Privacy<\/strong><\/p>\n\n\n\n<p>Persoonlijke informatie die u verstrekt bij het gebruik van deze website, wordt behandeld in overeenstemming met ons privacybeleid. Raadpleeg het Privacybeleid voor meer informatie over hoe uw gegevens worden verzameld, gebruikt en beschermd.<\/p>\n\n\n\n<p><strong>5. Wijzigingen in de Gebruiksvoorwaarden<\/strong><\/p>\n\n\n\n<p>Wij behouden ons het recht voor om deze Gebruiksvoorwaarden op elk moment bij te werken of te wijzigen. Eventuele wijzigingen zullen op deze website worden geplaatst met de datum \u201cLaatst bijgewerkt\u201d. Als u de site blijft gebruiken na het plaatsen van dergelijke wijzigingen, betekent dit dat u akkoord gaat met de nieuwe voorwaarden.<\/p>\n\n\n\n<p><strong>6. Contactpersoon<\/strong><\/p>\n\n\n\n<p>Als u vragen of opmerkingen heeft over deze gebruiksvoorwaarden, kunt u contact met ons opnemen via:<\/p>\n\n\n\n<p><strong>Keltec do Brazili\u00eb<br><\/strong>sales@keltec.ind.br<br>(19) 3115-7900<\/p>\n\t\t\t\t\t\t\t\t<\/div>\n\t\t\t\t<\/div>\n\t\t\t\t\t<\/div>\n\t\t<\/div>\n\t\t\t\t\t<\/div>\n\t\t<\/section>\n\t\t\t\t<\/div>","protected":false},"excerpt":{"rendered":"<p>Bem-vindo ao site da Keltec do Brasil (https:\/\/keltec.ind.br). Ao acessar e utilizar este site, voc\u00ea concorda em cumprir e estar vinculado a estes Termos de Uso. Se voc\u00ea n\u00e3o concorda com estes termos, por favor, n\u00e3o continue a usar este site. 1. Uso do Site 1.1. Voc\u00ea concorda em usar este site apenas para fins [&hellip;]<\/p>","protected":false},"author":1,"featured_media":0,"parent":0,"menu_order":0,"comment_status":"closed","ping_status":"closed","template":"","meta":{"footnotes":""},"class_list":["post-29748","page","type-page","status-publish","hentry"],"acf":[],"_links":{"self":[{"href":"https:\/\/keltec.com.br\/nl\/wp-json\/wp\/v2\/pages\/29748","targetHints":{"allow":["GET"]}}],"collection":[{"href":"https:\/\/keltec.com.br\/nl\/wp-json\/wp\/v2\/pages"}],"about":[{"href":"https:\/\/keltec.com.br\/nl\/wp-json\/wp\/v2\/types\/page"}],"author":[{"embeddable":true,"href":"https:\/\/keltec.com.br\/nl\/wp-json\/wp\/v2\/users\/1"}],"replies":[{"embeddable":true,"href":"https:\/\/keltec.com.br\/nl\/wp-json\/wp\/v2\/comments?post=29748"}],"version-history":[{"count":0,"href":"https:\/\/keltec.com.br\/nl\/wp-json\/wp\/v2\/pages\/29748\/revisions"}],"wp:attachment":[{"href":"https:\/\/keltec.com.br\/nl\/wp-json\/wp\/v2\/media?parent=29748"}],"curies":[{"name":"wp","href":"https:\/\/api.w.org\/{rel}","templated":true}]}}