{"id":34009,"date":"2024-08-14T16:41:44","date_gmt":"2024-08-14T19:41:44","guid":{"rendered":"https:\/\/keltec.com.br\/?post_type=product&#038;p=34009"},"modified":"2026-03-13T09:59:23","modified_gmt":"2026-03-13T12:59:23","slug":"kx800-027","status":"publish","type":"product","link":"https:\/\/keltec.com.br\/nl\/product\/kx800-027\/","title":{"rendered":"KX800-027"},"content":{"rendered":"","protected":false},"excerpt":{"rendered":"<p>Kit Reparo da V\u00e1lvula Press\u00e3o M\u00ednima<\/p>","protected":false},"featured_media":35350,"template":"","meta":[],"product_brand":[],"product_cat":[2699],"product_tag":[],"marca":[13401,20425,20426],"class_list":{"0":"post-34009","1":"product","2":"type-product","3":"status-publish","4":"has-post-thumbnail","6":"product_cat-kits","7":"marca-chicago-pneumatic","8":"marca-cpe125-bqd-bqd120107","9":"marca-cpvs125-bqd-bqd120107","11":"first","12":"instock","13":"shipping-taxable","14":"product-type-simple"},"_links":{"self":[{"href":"https:\/\/keltec.com.br\/nl\/wp-json\/wp\/v2\/product\/34009","targetHints":{"allow":["GET"]}}],"collection":[{"href":"https:\/\/keltec.com.br\/nl\/wp-json\/wp\/v2\/product"}],"about":[{"href":"https:\/\/keltec.com.br\/nl\/wp-json\/wp\/v2\/types\/product"}],"wp:featuredmedia":[{"embeddable":true,"href":"https:\/\/keltec.com.br\/nl\/wp-json\/wp\/v2\/media\/35350"}],"wp:attachment":[{"href":"https:\/\/keltec.com.br\/nl\/wp-json\/wp\/v2\/media?parent=34009"}],"wp:term":[{"taxonomy":"product_brand","embeddable":true,"href":"https:\/\/keltec.com.br\/nl\/wp-json\/wp\/v2\/product_brand?post=34009"},{"taxonomy":"product_cat","embeddable":true,"href":"https:\/\/keltec.com.br\/nl\/wp-json\/wp\/v2\/product_cat?post=34009"},{"taxonomy":"product_tag","embeddable":true,"href":"https:\/\/keltec.com.br\/nl\/wp-json\/wp\/v2\/product_tag?post=34009"},{"taxonomy":"marca","embeddable":true,"href":"https:\/\/keltec.com.br\/nl\/wp-json\/wp\/v2\/marca?post=34009"}],"curies":[{"name":"wp","href":"https:\/\/api.w.org\/{rel}","templated":true}]}}