{"id":10847,"date":"2023-08-11T06:27:07","date_gmt":"2023-08-11T09:27:07","guid":{"rendered":"https:\/\/keltec.com.br\/?page_id=10847"},"modified":"2026-05-01T16:34:13","modified_gmt":"2026-05-01T19:34:13","slug":"abafador-de-ruido-do-ar","status":"publish","type":"page","link":"https:\/\/keltec.com.br\/pt\/abafador-de-ruido-do-ar\/","title":{"rendered":"Abafador  de Ru\u00eddo do Ar"},"content":{"rendered":"\t\t<div data-elementor-type=\"wp-page\" data-elementor-id=\"10847\" class=\"elementor elementor-10847\" data-elementor-post-type=\"page\">\n\t\t\t\t\t\t<section class=\"elementor-section elementor-top-section elementor-element elementor-element-cd1ec18 elementor-section-boxed elementor-section-height-default elementor-section-height-default\" data-id=\"cd1ec18\" data-element_type=\"section\" data-e-type=\"section\">\n\t\t\t\t\t\t<div class=\"elementor-container elementor-column-gap-no\">\n\t\t\t\t\t<div class=\"elementor-column elementor-col-100 elementor-top-column elementor-element elementor-element-e53ef90\" data-id=\"e53ef90\" data-element_type=\"column\" data-e-type=\"column\">\n\t\t\t<div class=\"elementor-widget-wrap elementor-element-populated\">\n\t\t\t\t\t\t<section class=\"elementor-section elementor-inner-section elementor-element elementor-element-909f727 elementor-section-full_width elementor-section-height-default elementor-section-height-default\" data-id=\"909f727\" data-element_type=\"section\" data-e-type=\"section\">\n\t\t\t\t\t\t<div class=\"elementor-container elementor-column-gap-wide\">\n\t\t\t\t\t<div class=\"elementor-column elementor-col-50 elementor-inner-column elementor-element elementor-element-d1cfafd\" data-id=\"d1cfafd\" data-element_type=\"column\" data-e-type=\"column\">\n\t\t\t<div class=\"elementor-widget-wrap elementor-element-populated\">\n\t\t\t\t\t\t<div class=\"elementor-element elementor-element-66c8c2d elementor-widget elementor-widget-image\" data-id=\"66c8c2d\" data-element_type=\"widget\" data-e-type=\"widget\" data-widget_type=\"image.default\">\n\t\t\t\t<div class=\"elementor-widget-container\">\n\t\t\t\t\t\t\t\t\t\t\t\t\t\t\t<img fetchpriority=\"high\" decoding=\"async\" width=\"800\" height=\"307\" src=\"https:\/\/keltec.com.br\/wp-content\/uploads\/2023\/11\/WhatsApp-Image-2023-11-06-at-09.44.53.jpeg\" class=\"attachment-large size-large wp-image-29859\" alt=\"\" srcset=\"https:\/\/keltec.com.br\/wp-content\/uploads\/2023\/11\/WhatsApp-Image-2023-11-06-at-09.44.53.jpeg 960w, https:\/\/keltec.com.br\/wp-content\/uploads\/2023\/11\/WhatsApp-Image-2023-11-06-at-09.44.53-300x115.jpeg 300w, https:\/\/keltec.com.br\/wp-content\/uploads\/2023\/11\/WhatsApp-Image-2023-11-06-at-09.44.53-768x294.jpeg 768w, https:\/\/keltec.com.br\/wp-content\/uploads\/2023\/11\/WhatsApp-Image-2023-11-06-at-09.44.53-18x7.jpeg 18w, https:\/\/keltec.com.br\/wp-content\/uploads\/2023\/11\/WhatsApp-Image-2023-11-06-at-09.44.53-600x230.jpeg 600w\" sizes=\"(max-width: 800px) 100vw, 800px\" \/>\t\t\t\t\t\t\t\t\t\t\t\t\t\t\t<\/div>\n\t\t\t\t<\/div>\n\t\t\t\t\t<\/div>\n\t\t<\/div>\n\t\t\t\t<div class=\"elementor-column elementor-col-50 elementor-inner-column elementor-element elementor-element-4d2c7f2\" data-id=\"4d2c7f2\" data-element_type=\"column\" data-e-type=\"column\">\n\t\t\t<div class=\"elementor-widget-wrap elementor-element-populated\">\n\t\t\t\t\t\t<div class=\"elementor-element elementor-element-0d41347 elementor-widget elementor-widget-text-editor\" data-id=\"0d41347\" data-element_type=\"widget\" data-e-type=\"widget\" data-widget_type=\"text-editor.default\">\n\t\t\t\t<div class=\"elementor-widget-container\">\n\t\t\t\t\t\t\t\t\t<p>Temos uma linha completa abafadores de ru\u00eddos para descarga de ar.\u00a0A KELTEC disponibiliza uma variedade de abafadores de exaust\u00e3o para purga, tanto para compressores de ar quanto para secadores do ar por adsor\u00e7\u00e3o a pre\u00e7os competitivos.<\/p><p>Conte com a Keltec na reposi\u00e7\u00e3o de Abafadores contaminados por dessecantes e ou lubrificantes.<\/p>\t\t\t\t\t\t\t\t<\/div>\n\t\t\t\t<\/div>\n\t\t\t\t<section class=\"elementor-section elementor-inner-section elementor-element elementor-element-fb1a65e elementor-section-boxed elementor-section-height-default elementor-section-height-default\" data-id=\"fb1a65e\" data-element_type=\"section\" data-e-type=\"section\">\n\t\t\t\t\t\t<div class=\"elementor-container elementor-column-gap-default\">\n\t\t\t\t\t<div class=\"elementor-column elementor-col-100 elementor-inner-column elementor-element elementor-element-017eadc\" data-id=\"017eadc\" data-element_type=\"column\" data-e-type=\"column\">\n\t\t\t<div class=\"elementor-widget-wrap elementor-element-populated\">\n\t\t\t\t\t\t<div class=\"elementor-element elementor-element-fb10d00 elementor-widget elementor-widget-button\" data-id=\"fb10d00\" data-element_type=\"widget\" data-e-type=\"widget\" data-widget_type=\"button.default\">\n\t\t\t\t<div class=\"elementor-widget-container\">\n\t\t\t\t\t\t\t\t\t<div class=\"elementor-button-wrapper\">\n\t\t\t\t\t<a class=\"elementor-button elementor-button-link elementor-size-sm\" href=\"https:\/\/keltec.com.br\/wp-content\/uploads\/2023\/11\/KELTEC-MUFFLER-LINE-BROCHURE-in-stock-JULY-25-2023-compressed.pdf\" target=\"_blank\">\n\t\t\t\t\t\t<span class=\"elementor-button-content-wrapper\">\n\t\t\t\t\t\t<span class=\"elementor-button-icon\">\n\t\t\t\t<i aria-hidden=\"true\" class=\"fas fa-book\"><\/i>\t\t\t<\/span>\n\t\t\t\t\t\t\t\t\t<span class=\"elementor-button-text\">baixar cat\u00e1logo<\/span>\n\t\t\t\t\t<\/span>\n\t\t\t\t\t<\/a>\n\t\t\t\t<\/div>\n\t\t\t\t\t\t\t\t<\/div>\n\t\t\t\t<\/div>\n\t\t\t\t\t<\/div>\n\t\t<\/div>\n\t\t\t\t\t<\/div>\n\t\t<\/section>\n\t\t\t\t\t<\/div>\n\t\t<\/div>\n\t\t\t\t\t<\/div>\n\t\t<\/section>\n\t\t\t\t\t<\/div>\n\t\t<\/div>\n\t\t\t\t\t<\/div>\n\t\t<\/section>\n\t\t\t\t<section class=\"elementor-section elementor-top-section elementor-element elementor-element-aa1217c elementor-section-boxed elementor-section-height-default elementor-section-height-default\" data-id=\"aa1217c\" data-element_type=\"section\" data-e-type=\"section\" data-settings=\"{&quot;background_background&quot;:&quot;classic&quot;}\">\n\t\t\t\t\t\t<div class=\"elementor-container elementor-column-gap-default\">\n\t\t\t\t\t<div class=\"elementor-column elementor-col-100 elementor-top-column elementor-element elementor-element-010d797\" data-id=\"010d797\" data-element_type=\"column\" data-e-type=\"column\">\n\t\t\t<div class=\"elementor-widget-wrap elementor-element-populated\">\n\t\t\t\t\t\t<div class=\"woocommerce elementor-element elementor-element-ac163f4 elementor-grid-4 elementor-grid-tablet-2 elementor-grid-mobile-1 elementor-widget elementor-widget-loop-grid\" data-id=\"ac163f4\" data-element_type=\"widget\" data-e-type=\"widget\" data-settings=\"{&quot;_skin&quot;:&quot;product&quot;,&quot;template_id&quot;:&quot;43662&quot;,&quot;columns&quot;:4,&quot;row_gap&quot;:{&quot;unit&quot;:&quot;px&quot;,&quot;size&quot;:0,&quot;sizes&quot;:[]},&quot;pagination_type&quot;:&quot;numbers&quot;,&quot;columns_tablet&quot;:&quot;2&quot;,&quot;columns_mobile&quot;:&quot;1&quot;,&quot;edit_handle_selector&quot;:&quot;[data-elementor-type=\\&quot;loop-item\\&quot;]&quot;,&quot;pagination_load_type&quot;:&quot;page_reload&quot;,&quot;row_gap_tablet&quot;:{&quot;unit&quot;:&quot;px&quot;,&quot;size&quot;:&quot;&quot;,&quot;sizes&quot;:[]},&quot;row_gap_mobile&quot;:{&quot;unit&quot;:&quot;px&quot;,&quot;size&quot;:&quot;&quot;,&quot;sizes&quot;:[]}}\" data-widget_type=\"loop-grid.product\">\n\t\t\t\t<div class=\"elementor-widget-container\">\n\t\t\t\t\t\t\t<div class=\"elementor-loop-container elementor-grid\" role=\"list\">\n\t\t<style id=\"loop-43662\">.elementor-43662 .elementor-element.elementor-element-674fe09f:not(.elementor-motion-effects-element-type-background) > .elementor-widget-wrap, .elementor-43662 .elementor-element.elementor-element-674fe09f > .elementor-widget-wrap > .elementor-motion-effects-container > .elementor-motion-effects-layer{background-color:#FFFFFF;}.elementor-43662 .elementor-element.elementor-element-674fe09f > .elementor-element-populated{border-style:none;transition:background 0.3s, border 0.3s, border-radius 0.3s, box-shadow 0.3s;padding:12px 12px 12px 12px;}.elementor-43662 .elementor-element.elementor-element-674fe09f > .elementor-element-populated, .elementor-43662 .elementor-element.elementor-element-674fe09f > .elementor-element-populated > .elementor-background-overlay, .elementor-43662 .elementor-element.elementor-element-674fe09f > .elementor-background-slideshow{border-radius:3px 3px 3px 3px;}.elementor-43662 .elementor-element.elementor-element-674fe09f > .elementor-element-populated > .elementor-background-overlay{transition:background 0.3s, border-radius 0.3s, opacity 0.3s;}.elementor-43662 .elementor-element.elementor-element-58dfabad img{height:240px;object-fit:cover;object-position:center center;}.elementor-43662 .elementor-element.elementor-element-265d5521{text-align:center;}.elementor-43662 .elementor-element.elementor-element-265d5521 .elementor-heading-title{font-family:\"Poppins\", Sans-serif;font-size:18px;font-weight:600;color:#FFFFFF;}.elementor-43662 .elementor-element.elementor-element-265d5521 .elementor-heading-title a:hover, .elementor-43662 .elementor-element.elementor-element-265d5521 .elementor-heading-title a:focus{color:var( --e-global-color-primary );}.elementor-43662 .elementor-element.elementor-element-265d5521 > .elementor-widget-container{padding:10px 10px 10px 10px;background-color:var( --e-global-color-secondary );}<\/style>\t\t<div data-elementor-type=\"loop-item\" data-elementor-id=\"43662\" class=\"elementor elementor-43662 e-loop-item e-loop-item-9113 post-9113 product type-product status-publish product_cat-exaustor-silencioso-do-ar first instock product-type-simple\" data-elementor-post-type=\"elementor_library\" data-custom-edit-handle=\"1\">\n\t\t\t\t\t<section class=\"elementor-section elementor-top-section elementor-element elementor-element-76bced1d elementor-section-boxed elementor-section-height-default elementor-section-height-default\" data-id=\"76bced1d\" data-element_type=\"section\" data-e-type=\"section\">\n\t\t\t\t\t\t<div class=\"elementor-container elementor-column-gap-default\">\n\t\t\t\t\t<div class=\"elementor-column elementor-col-100 elementor-top-column elementor-element elementor-element-7918fed0\" data-id=\"7918fed0\" data-element_type=\"column\" data-e-type=\"column\">\n\t\t\t<div class=\"elementor-widget-wrap elementor-element-populated\">\n\t\t\t\t\t\t<section class=\"elementor-section elementor-inner-section elementor-element elementor-element-7e3cbd56 elementor-section-boxed elementor-section-height-default elementor-section-height-default\" data-id=\"7e3cbd56\" data-element_type=\"section\" data-e-type=\"section\">\n\t\t\t\t\t\t<div class=\"elementor-container elementor-column-gap-default\">\n\t\t\t\t\t<div class=\"elementor-column elementor-col-100 elementor-inner-column elementor-element elementor-element-674fe09f\" data-id=\"674fe09f\" data-element_type=\"column\" data-e-type=\"column\" data-settings=\"{&quot;background_background&quot;:&quot;classic&quot;}\">\n\t\t\t<div class=\"elementor-widget-wrap elementor-element-populated\">\n\t\t\t\t\t\t<div class=\"elementor-element elementor-element-58dfabad elementor-widget elementor-widget-theme-post-featured-image elementor-widget-image\" data-id=\"58dfabad\" data-element_type=\"widget\" data-e-type=\"widget\" data-widget_type=\"theme-post-featured-image.default\">\n\t\t\t\t<div class=\"elementor-widget-container\">\n\t\t\t\t\t\t\t\t\t\t\t\t\t\t\t\t<a href=\"https:\/\/keltec.com.br\/pt\/produto\/aem-25-2\/\">\n\t\t\t\t\t\t\t<img decoding=\"async\" width=\"600\" height=\"600\" src=\"https:\/\/keltec.com.br\/wp-content\/uploads\/2023\/10\/Sem-Titulo-1.png\" class=\"attachment-large size-large wp-image-29648\" alt=\"\" srcset=\"https:\/\/keltec.com.br\/wp-content\/uploads\/2023\/10\/Sem-Titulo-1.png 600w, https:\/\/keltec.com.br\/wp-content\/uploads\/2023\/10\/Sem-Titulo-1-300x300.png 300w, https:\/\/keltec.com.br\/wp-content\/uploads\/2023\/10\/Sem-Titulo-1-150x150.png 150w, https:\/\/keltec.com.br\/wp-content\/uploads\/2023\/10\/Sem-Titulo-1-12x12.png 12w, https:\/\/keltec.com.br\/wp-content\/uploads\/2023\/10\/Sem-Titulo-1-100x100.png 100w\" sizes=\"(max-width: 600px) 100vw, 600px\" \/>\t\t\t\t\t\t\t\t<\/a>\n\t\t\t\t\t\t\t\t\t\t\t\t\t\t\t<\/div>\n\t\t\t\t<\/div>\n\t\t\t\t<div class=\"elementor-element elementor-element-265d5521 elementor-widget elementor-widget-heading\" data-id=\"265d5521\" data-element_type=\"widget\" data-e-type=\"widget\" data-widget_type=\"heading.default\">\n\t\t\t\t<div class=\"elementor-widget-container\">\n\t\t\t\t\t<h2 class=\"elementor-heading-title elementor-size-default\"><a href=\"https:\/\/keltec.com.br\/pt\/produto\/aem-25-2\/\">AEM-25<\/a><\/h2>\t\t\t\t<\/div>\n\t\t\t\t<\/div>\n\t\t\t\t\t<\/div>\n\t\t<\/div>\n\t\t\t\t\t<\/div>\n\t\t<\/section>\n\t\t\t\t\t<\/div>\n\t\t<\/div>\n\t\t\t\t\t<\/div>\n\t\t<\/section>\n\t\t\t\t<\/div>\n\t\t\t\t<\/div>\n\t\t\n\t\t\t\t\t\t<\/div>\n\t\t\t\t<\/div>\n\t\t\t\t<div class=\"elementor-element elementor-element-3f82e2c elementor-widget elementor-widget-spacer\" data-id=\"3f82e2c\" data-element_type=\"widget\" data-e-type=\"widget\" data-widget_type=\"spacer.default\">\n\t\t\t\t<div class=\"elementor-widget-container\">\n\t\t\t\t\t\t\t<div class=\"elementor-spacer\">\n\t\t\t<div class=\"elementor-spacer-inner\"><\/div>\n\t\t<\/div>\n\t\t\t\t\t\t<\/div>\n\t\t\t\t<\/div>\n\t\t\t\t\t<\/div>\n\t\t<\/div>\n\t\t\t\t\t<\/div>\n\t\t<\/section>\n\t\t\t\t<section class=\"elementor-section elementor-top-section elementor-element elementor-element-a68bd8e elementor-section-boxed elementor-section-height-default elementor-section-height-default\" data-id=\"a68bd8e\" data-element_type=\"section\" data-e-type=\"section\">\n\t\t\t\t\t\t<div class=\"elementor-container elementor-column-gap-default\">\n\t\t\t\t\t<div class=\"elementor-column elementor-col-100 elementor-top-column elementor-element elementor-element-5f2e637\" data-id=\"5f2e637\" data-element_type=\"column\" data-e-type=\"column\">\n\t\t\t<div class=\"elementor-widget-wrap elementor-element-populated\">\n\t\t\t\t\t\t<div class=\"elementor-element elementor-element-36bd26d elementor-widget elementor-widget-template\" data-id=\"36bd26d\" data-element_type=\"widget\" data-e-type=\"widget\" data-widget_type=\"template.default\">\n\t\t\t\t<div class=\"elementor-widget-container\">\n\t\t\t\t\t\t\t<div class=\"elementor-template\">\n\t\t\t\t\t<div data-elementor-type=\"section\" data-elementor-id=\"5970\" class=\"elementor elementor-5970\" data-elementor-post-type=\"elementor_library\">\n\t\t\t\t\t<section class=\"elementor-section elementor-inner-section elementor-element elementor-element-2a9e176c elementor-section-boxed elementor-section-height-default elementor-section-height-default\" data-id=\"2a9e176c\" data-element_type=\"section\" data-e-type=\"section\" data-settings=\"{&quot;background_background&quot;:&quot;classic&quot;}\">\n\t\t\t\t\t\t<div class=\"elementor-container elementor-column-gap-extended\">\n\t\t\t\t\t<div class=\"elementor-column elementor-col-25 elementor-inner-column elementor-element elementor-element-1ec5aaf5\" data-id=\"1ec5aaf5\" data-element_type=\"column\" data-e-type=\"column\">\n\t\t\t<div class=\"elementor-widget-wrap elementor-element-populated\">\n\t\t\t\t\t\t<div class=\"elementor-element elementor-element-315dce08 elementor-widget elementor-widget-heading\" data-id=\"315dce08\" data-element_type=\"widget\" data-e-type=\"widget\" data-widget_type=\"heading.default\">\n\t\t\t\t<div class=\"elementor-widget-container\">\n\t\t\t\t\t<h3 class=\"elementor-heading-title elementor-size-default\">Fa\u00e7a seu or\u00e7amento<\/h3>\t\t\t\t<\/div>\n\t\t\t\t<\/div>\n\t\t\t\t<div class=\"elementor-element elementor-element-1430222e elementor-widget__width-initial elementor-widget elementor-widget-heading\" data-id=\"1430222e\" data-element_type=\"widget\" data-e-type=\"widget\" data-widget_type=\"heading.default\">\n\t\t\t\t<div class=\"elementor-widget-container\">\n\t\t\t\t\t<p class=\"elementor-heading-title elementor-size-default\">Seu contato \u00e9 de extrema import\u00e2ncia\npara nossa equipe!<\/p>\t\t\t\t<\/div>\n\t\t\t\t<\/div>\n\t\t\t\t\t<\/div>\n\t\t<\/div>\n\t\t\t\t<div class=\"elementor-column elementor-col-25 elementor-inner-column elementor-element elementor-element-40ccfcf4\" data-id=\"40ccfcf4\" data-element_type=\"column\" data-e-type=\"column\">\n\t\t\t<div class=\"elementor-widget-wrap elementor-element-populated\">\n\t\t\t\t\t\t<div class=\"elementor-element elementor-element-2c5e32d0 elementor-widget elementor-widget-heading\" data-id=\"2c5e32d0\" data-element_type=\"widget\" data-e-type=\"widget\" data-widget_type=\"heading.default\">\n\t\t\t\t<div class=\"elementor-widget-container\">\n\t\t\t\t\t<p class=\"elementor-heading-title elementor-size-default\">Entre em contato por telefone <\/p>\t\t\t\t<\/div>\n\t\t\t\t<\/div>\n\t\t\t\t<div class=\"elementor-element elementor-element-1a581b07 elementor-widget elementor-widget-heading\" data-id=\"1a581b07\" data-element_type=\"widget\" data-e-type=\"widget\" data-widget_type=\"heading.default\">\n\t\t\t\t<div class=\"elementor-widget-container\">\n\t\t\t\t\t<h3 class=\"elementor-heading-title elementor-size-default\">(19) 3115-7900<\/h3>\t\t\t\t<\/div>\n\t\t\t\t<\/div>\n\t\t\t\t\t<\/div>\n\t\t<\/div>\n\t\t\t\t<div class=\"elementor-column elementor-col-25 elementor-inner-column elementor-element elementor-element-7b5a63a8\" data-id=\"7b5a63a8\" data-element_type=\"column\" data-e-type=\"column\">\n\t\t\t<div class=\"elementor-widget-wrap elementor-element-populated\">\n\t\t\t\t\t\t<div class=\"elementor-element elementor-element-70e0a74e elementor-widget elementor-widget-heading\" data-id=\"70e0a74e\" data-element_type=\"widget\" data-e-type=\"widget\" data-widget_type=\"heading.default\">\n\t\t\t\t<div class=\"elementor-widget-container\">\n\t\t\t\t\t<p class=\"elementor-heading-title elementor-size-default\">Ou pelo e-mail<\/p>\t\t\t\t<\/div>\n\t\t\t\t<\/div>\n\t\t\t\t<div class=\"elementor-element elementor-element-4c0395a4 elementor-widget elementor-widget-heading\" data-id=\"4c0395a4\" data-element_type=\"widget\" data-e-type=\"widget\" data-widget_type=\"heading.default\">\n\t\t\t\t<div class=\"elementor-widget-container\">\n\t\t\t\t\t<h3 class=\"elementor-heading-title elementor-size-default\">vendas@keltec.ind.br<\/h3>\t\t\t\t<\/div>\n\t\t\t\t<\/div>\n\t\t\t\t\t<\/div>\n\t\t<\/div>\n\t\t\t\t<div class=\"elementor-column elementor-col-25 elementor-inner-column elementor-element elementor-element-1b8d02c\" data-id=\"1b8d02c\" data-element_type=\"column\" data-e-type=\"column\">\n\t\t\t<div class=\"elementor-widget-wrap elementor-element-populated\">\n\t\t\t\t\t\t<div class=\"elementor-element elementor-element-3df7b765 elementor-widget elementor-widget-heading\" data-id=\"3df7b765\" data-element_type=\"widget\" data-e-type=\"widget\" data-widget_type=\"heading.default\">\n\t\t\t\t<div class=\"elementor-widget-container\">\n\t\t\t\t\t<p class=\"elementor-heading-title elementor-size-default\">Lembrando que s\u00f3 atendemos distribuidores autorizados mediante a an\u00e1lise cadastral.<\/p>\t\t\t\t<\/div>\n\t\t\t\t<\/div>\n\t\t\t\t\t<\/div>\n\t\t<\/div>\n\t\t\t\t\t<\/div>\n\t\t<\/section>\n\t\t\t\t<section class=\"elementor-section elementor-top-section elementor-element elementor-element-5d556b9 elementor-section-content-middle elementor-section-boxed elementor-section-height-default elementor-section-height-default\" data-id=\"5d556b9\" data-element_type=\"section\" data-e-type=\"section\">\n\t\t\t\t\t\t<div class=\"elementor-container elementor-column-gap-default\">\n\t\t\t\t\t<div class=\"elementor-column elementor-col-33 elementor-top-column elementor-element elementor-element-1f6b2f2\" data-id=\"1f6b2f2\" data-element_type=\"column\" data-e-type=\"column\">\n\t\t\t<div class=\"elementor-widget-wrap\">\n\t\t\t\t\t\t\t<\/div>\n\t\t<\/div>\n\t\t\t\t<div class=\"elementor-column elementor-col-33 elementor-top-column elementor-element elementor-element-5c5ab75\" data-id=\"5c5ab75\" data-element_type=\"column\" data-e-type=\"column\">\n\t\t\t<div class=\"elementor-widget-wrap elementor-element-populated\">\n\t\t\t\t\t\t<div class=\"elementor-element elementor-element-99da16d elementor-widget elementor-widget-image\" data-id=\"99da16d\" data-element_type=\"widget\" data-e-type=\"widget\" data-widget_type=\"image.default\">\n\t\t\t\t<div class=\"elementor-widget-container\">\n\t\t\t\t\t\t\t\t\t\t\t\t\t\t\t<img decoding=\"async\" width=\"800\" height=\"580\" src=\"https:\/\/keltec.com.br\/wp-content\/uploads\/2026\/05\/Selo-Keltec-03-1024x742.png\" class=\"attachment-large size-large wp-image-43731\" alt=\"\" srcset=\"https:\/\/keltec.com.br\/wp-content\/uploads\/2026\/05\/Selo-Keltec-03-1024x742.png 1024w, https:\/\/keltec.com.br\/wp-content\/uploads\/2026\/05\/Selo-Keltec-03-300x218.png 300w, https:\/\/keltec.com.br\/wp-content\/uploads\/2026\/05\/Selo-Keltec-03-768x557.png 768w, https:\/\/keltec.com.br\/wp-content\/uploads\/2026\/05\/Selo-Keltec-03-1536x1114.png 1536w, https:\/\/keltec.com.br\/wp-content\/uploads\/2026\/05\/Selo-Keltec-03-18x12.png 18w, https:\/\/keltec.com.br\/wp-content\/uploads\/2026\/05\/Selo-Keltec-03-600x435.png 600w, https:\/\/keltec.com.br\/wp-content\/uploads\/2026\/05\/Selo-Keltec-03.png 1600w\" sizes=\"(max-width: 800px) 100vw, 800px\" \/>\t\t\t\t\t\t\t\t\t\t\t\t\t\t\t<\/div>\n\t\t\t\t<\/div>\n\t\t\t\t\t<\/div>\n\t\t<\/div>\n\t\t\t\t<div class=\"elementor-column elementor-col-33 elementor-top-column elementor-element elementor-element-60750ec\" data-id=\"60750ec\" data-element_type=\"column\" data-e-type=\"column\">\n\t\t\t<div class=\"elementor-widget-wrap elementor-element-populated\">\n\t\t\t\t\t\t<div class=\"elementor-element elementor-element-63f11e4 elementor-widget elementor-widget-text-editor\" data-id=\"63f11e4\" data-element_type=\"widget\" data-e-type=\"widget\" data-widget_type=\"text-editor.default\">\n\t\t\t\t<div class=\"elementor-widget-container\">\n\t\t\t\t\t\t\t\t\t<p>Como todos os nossos produtos, os filtros de \u00f3leo KELTEC Technolab s\u00e3o constru\u00eddos com materiais e m\u00e3o de obra da mais alta qualidade.<\/p>\t\t\t\t\t\t\t\t<\/div>\n\t\t\t\t<\/div>\n\t\t\t\t\t<\/div>\n\t\t<\/div>\n\t\t\t\t\t<\/div>\n\t\t<\/section>\n\t\t\t\t<\/div>\n\t\t\t\t<\/div>\n\t\t\t\t\t\t<\/div>\n\t\t\t\t<\/div>\n\t\t\t\t\t<\/div>\n\t\t<\/div>\n\t\t\t\t\t<\/div>\n\t\t<\/section>\n\t\t\t\t<\/div>\n\t\t","protected":false},"excerpt":{"rendered":"<p>Temos uma linha completa abafadores de ru\u00eddos para descarga de ar.\u00a0A KELTEC disponibiliza uma variedade de abafadores de exaust\u00e3o para purga, tanto para compressores de ar quanto para secadores do ar por adsor\u00e7\u00e3o a pre\u00e7os competitivos. Conte com a Keltec na reposi\u00e7\u00e3o de Abafadores contaminados por dessecantes e ou lubrificantes. baixar cat\u00e1logo<\/p>\n","protected":false},"author":1,"featured_media":0,"parent":0,"menu_order":0,"comment_status":"closed","ping_status":"closed","template":"elementor_header_footer","meta":{"footnotes":""},"class_list":["post-10847","page","type-page","status-publish","hentry"],"_links":{"self":[{"href":"https:\/\/keltec.com.br\/pt\/wp-json\/wp\/v2\/pages\/10847","targetHints":{"allow":["GET"]}}],"collection":[{"href":"https:\/\/keltec.com.br\/pt\/wp-json\/wp\/v2\/pages"}],"about":[{"href":"https:\/\/keltec.com.br\/pt\/wp-json\/wp\/v2\/types\/page"}],"author":[{"embeddable":true,"href":"https:\/\/keltec.com.br\/pt\/wp-json\/wp\/v2\/users\/1"}],"replies":[{"embeddable":true,"href":"https:\/\/keltec.com.br\/pt\/wp-json\/wp\/v2\/comments?post=10847"}],"version-history":[{"count":0,"href":"https:\/\/keltec.com.br\/pt\/wp-json\/wp\/v2\/pages\/10847\/revisions"}],"wp:attachment":[{"href":"https:\/\/keltec.com.br\/pt\/wp-json\/wp\/v2\/media?parent=10847"}],"curies":[{"name":"wp","href":"https:\/\/api.w.org\/{rel}","templated":true}]}}