{"id":30817,"date":"2024-05-01T15:13:50","date_gmt":"2024-05-01T18:13:50","guid":{"rendered":"https:\/\/keltec.com.br\/?page_id=30817"},"modified":"2024-05-01T15:15:39","modified_gmt":"2024-05-01T18:15:39","slug":"termo-de-garantia","status":"publish","type":"page","link":"https:\/\/keltec.com.br\/pt\/termo-de-garantia\/","title":{"rendered":"Termo de Garantia"},"content":{"rendered":"\t\t<div data-elementor-type=\"wp-page\" data-elementor-id=\"30817\" class=\"elementor elementor-30817\" data-elementor-post-type=\"page\">\n\t\t\t\t\t\t<section class=\"elementor-section elementor-top-section elementor-element elementor-element-4e754455 elementor-section-boxed elementor-section-height-default elementor-section-height-default\" data-id=\"4e754455\" data-element_type=\"section\" data-e-type=\"section\">\n\t\t\t\t\t\t<div class=\"elementor-container elementor-column-gap-default\">\n\t\t\t\t\t<div class=\"elementor-column elementor-col-100 elementor-top-column elementor-element elementor-element-1b093e4\" data-id=\"1b093e4\" data-element_type=\"column\" data-e-type=\"column\">\n\t\t\t<div class=\"elementor-widget-wrap elementor-element-populated\">\n\t\t\t\t\t\t<div class=\"elementor-element elementor-element-30faafc8 elementor-widget elementor-widget-text-editor\" data-id=\"30faafc8\" data-element_type=\"widget\" data-e-type=\"widget\" data-widget_type=\"text-editor.default\">\n\t\t\t\t<div class=\"elementor-widget-container\">\n\t\t\t\t\t\t\t\t\t<p>A Keltec Technolab garante os seus produtos pelo prazo de 6 meses ou 1.000 horas de opera\u00e7\u00e3o, o que vencer primeiro, para casos de\u00a0defeito de fabrica\u00e7\u00e3o. Tamb\u00e9m est\u00e1 inclu\u00eddo o prazo da garantia legal (primeiros 90 dias), que se inicia na data de faturamento, desde\u00a0que os produtos sejam instalados e utilizados corretamente conforme as especifica\u00e7\u00f5es contidas em cat\u00e1logos, manuais ou desenhos\u00a0aprovados pelo cliente quando desenvolvidos em car\u00e1ter especial para determinada aplica\u00e7\u00e3o.<\/p>\n<p><b>Abrang\u00eancia da garantia<\/b><\/p>\n<p>A garantia aqui especificada se aplica apenas para conserto ou substitui\u00e7\u00e3o de produtos com defeito de fabrica\u00e7\u00e3o fornecidos pela\u00a0Keltec Technolab. A garantia dos produtos da Keltec Technolab n\u00e3o se estende contra erros de projeto ou especifica\u00e7\u00f5es executadas\u00a0por terceiros.<\/p>\n<p>A presente garantia n\u00e3o \u00e9 v\u00e1lida para cobrir custos relativos \u00e0 desmontagem ou substitui\u00e7\u00e3o de produtos que estejam soldados ou\u00a0afixados de alguma forma em m\u00e1quinas, equipamentos ou sistemas. Esta garantia n\u00e3o cobre danos causados por agentes externos\u00a0de qualquer natureza, incluindo acidentes, falhas com energia el\u00e9trica, uso em desacordo com as especifica\u00e7\u00f5es e instru\u00e7\u00f5es, uso\u00a0indevido, neglig\u00eancia, modifica\u00e7\u00f5es, reparos e erros de instala\u00e7\u00e3o ou testes.<\/p>\n<p><b>Limita\u00e7\u00e3o da garantia<\/b><\/p>\n<p>A responsabilidade da Keltec Technolab em rela\u00e7\u00e3o a esta garantia ou sob qualquer outra garantia expressa ou impl\u00edcita, est\u00e1 limitada\u00a0ao conserto ou substitui\u00e7\u00e3o dos produtos, conforme mencionado acima.<\/p>\n<p>Este cat\u00e1logo da Keltec Technolab fornece op\u00e7\u00f5es de produtos para aplica\u00e7\u00f5es por usu\u00e1rios que tenham habilidade t\u00e9cnica. Os\u00a0aspectos de aplica\u00e7\u00e3o devem ser analisados e revisados para que sigam as orienta\u00e7\u00f5es contidas neste cat\u00e1logo.<\/p>\n<p>Pela variedade de condi\u00e7\u00f5es de opera\u00e7\u00f5es e pelas aplica\u00e7\u00f5es para os produtos contidos neste cat\u00e1logo, o usu\u00e1rio, por sua pr\u00f3pria\u00a0an\u00e1lise e teste, \u00e9 o \u00fanico respons\u00e1vel para fazer a sele\u00e7\u00e3o final dos produtos e assegurar que o desempenho, seguran\u00e7a de aplica\u00e7\u00e3o\u00a0e cuidados sejam cumpridos.<\/p>\n<p>Todos os produtos contidos neste cat\u00e1logo, suas caracter\u00edsticas, especifica\u00e7\u00f5es e desempenhos s\u00e3o objetos de mudan\u00e7a, a qualquer\u00a0hora, sem pr\u00e9via notifica\u00e7\u00e3o, pela Keltec Technolab.<\/p>\n<p><b>Advert\u00eancia<\/b><\/p>\n<div>\n<p>SELE\u00c7\u00c3O IMPR\u00d3PRIA, FALHA OU USO IMPR\u00d3PRIO DOS PRODUTOS\u00a0DESCRITOS NESTE CAT\u00c1LOGO PODEM CAUSAR MORTE,\u00a0DANOS PESSOAIS E\/OU DANOS MATERIAIS.<\/p>\n<\/div>\t\t\t\t\t\t\t\t<\/div>\n\t\t\t\t<\/div>\n\t\t\t\t\t<\/div>\n\t\t<\/div>\n\t\t\t\t\t<\/div>\n\t\t<\/section>\n\t\t\t\t<\/div>\n\t\t","protected":false},"excerpt":{"rendered":"<p>A Keltec Technolab garante os seus produtos pelo prazo de 6 meses ou 1.000 horas de opera\u00e7\u00e3o, o que vencer primeiro, para casos de\u00a0defeito de fabrica\u00e7\u00e3o. Tamb\u00e9m est\u00e1 inclu\u00eddo o prazo da garantia legal (primeiros 90 dias), que se inicia na data de faturamento, desde\u00a0que os produtos sejam instalados e utilizados corretamente conforme as especifica\u00e7\u00f5es [&hellip;]<\/p>\n","protected":false},"author":1,"featured_media":0,"parent":0,"menu_order":0,"comment_status":"closed","ping_status":"closed","template":"","meta":{"footnotes":""},"class_list":["post-30817","page","type-page","status-publish","hentry"],"acf":[],"_links":{"self":[{"href":"https:\/\/keltec.com.br\/pt\/wp-json\/wp\/v2\/pages\/30817","targetHints":{"allow":["GET"]}}],"collection":[{"href":"https:\/\/keltec.com.br\/pt\/wp-json\/wp\/v2\/pages"}],"about":[{"href":"https:\/\/keltec.com.br\/pt\/wp-json\/wp\/v2\/types\/page"}],"author":[{"embeddable":true,"href":"https:\/\/keltec.com.br\/pt\/wp-json\/wp\/v2\/users\/1"}],"replies":[{"embeddable":true,"href":"https:\/\/keltec.com.br\/pt\/wp-json\/wp\/v2\/comments?post=30817"}],"version-history":[{"count":0,"href":"https:\/\/keltec.com.br\/pt\/wp-json\/wp\/v2\/pages\/30817\/revisions"}],"wp:attachment":[{"href":"https:\/\/keltec.com.br\/pt\/wp-json\/wp\/v2\/media?parent=30817"}],"curies":[{"name":"wp","href":"https:\/\/api.w.org\/{rel}","templated":true}]}}